{"id":1750,"date":"2017-03-09T10:38:52","date_gmt":"2017-03-09T10:38:52","guid":{"rendered":"http:\/\/www.calpe-diem.com\/es\/bayliner-285\/"},"modified":"2018-06-22T18:19:44","modified_gmt":"2018-06-22T17:19:44","slug":"bayliner-285","status":"publish","type":"page","link":"https:\/\/www.calpe-diem.com\/es\/bayliner-285\/","title":{"rendered":"Bayliner 285"},"content":{"rendered":"<p>[vc_row][vc_column][vc_empty_space][vc_widget_sidebar sidebar_id=&#8221;sidebar-3&#8243;][vc_empty_space height=&#8221;60px&#8221;][\/vc_column][\/vc_row][vc_row][vc_column width=&#8221;1\/2&#8243; css=&#8221;.vc_custom_1470409311171{border-top-width: 1px !important;border-right-width: 1px !important;border-bottom-width: 1px !important;border-left-width: 1px !important;padding-top: 5px !important;padding-right: 5px !important;padding-bottom: 5px !important;padding-left: 5px !important;border-left-color: #cccccc !important;border-left-style: solid !important;border-right-color: #cccccc !important;border-right-style: solid !important;border-top-color: #cccccc !important;border-top-style: solid !important;border-bottom-color: #cccccc !important;border-bottom-style: solid !important;}&#8221;][vc_custom_heading text=&#8221;Bayliner 285&#8243; font_container=&#8221;tag:h2|text_align:center|color:%23ffffff&#8221; use_theme_fonts=&#8221;yes&#8221; css=&#8221;.vc_custom_1490718013997{padding-top: 4px !important;padding-right: 4px !important;padding-bottom: 4px !important;padding-left: 4px !important;background-color: #123672 !important;}&#8221;][vc_single_image image=&#8221;1229&#8243; img_size=&#8221;full&#8221; alignment=&#8221;center&#8221; onclick=&#8221;zoom&#8221; css_animation=&#8221;appear&#8221; lightbox=&#8221;yes&#8221;][vc_empty_space height=&#8221;20px&#8221;][\/vc_column][vc_column width=&#8221;1\/2&#8243;][vc_tta_tabs][vc_tta_section title=&#8221;Descripcion&#8221; tab_id=&#8221;1489051126212-02e5616c-a544&#8243;][vc_column_text]BAYLINER 285<\/p>\n<p>Eslora: 9.2m<br \/>\nManga: 3m<br \/>\nMotor: Mercruiser 350<br \/>\nPlazas: 10<\/p>\n<p>Un yate de motor moderno,lujoso para el d\u00eda o para toda la semana. Este incre\u00edble crucero fue especialmente fabricado para proporcionar el m\u00e1ximo confort, placer y seguridad en el agua.<\/p>\n<p>El barco est\u00e1 equipado con todo lo necesario para sus vacaciones c\u00f3modas: cocina con horno, nevera nevera peque\u00f1o congelador, microondas, aire acondicionado, agua caliente, cubiertos y servicio para 6 personas. WC y ducha. Muy espacioso y soleado sal\u00f3n con la mesa que est\u00e1 dise\u00f1ado con dos grandes ventanas y le permite disfrutar de la hermosa vista al mar mientras se relaja o se cena dentro dentro.<\/p>\n<p>El uso de ropa de cama, toallas y equipos de snorkel est\u00e1n incluidos en el precio de alquiler de semana. La cabina cubierta le asegura disfrutar cada minuto en el mar, proporcionando suficiente sombra en las horas m\u00e1s calurosas. Ampliada plataforma de nataci\u00f3n hace que sea m\u00e1s f\u00e1cil para bajar y en el barco.[\/vc_column_text][\/vc_tta_section][vc_tta_section title=&#8221;Precios&#8221; tab_id=&#8221;1489051126372-d6d1c890-ed53&#8243;][vc_column_text]<\/p>\n<table>\n<tbody>\n<tr>\n<th><\/th>\n<th>Temporada Baja<\/th>\n<th>Temporada Alta<\/th>\n<\/tr>\n<tr>\n<td>4 Horas<\/td>\n<td>350\u20ac<\/td>\n<td>400\u20ac<\/td>\n<\/tr>\n<tr>\n<td>8 Horas<\/td>\n<td>500\u20ac<\/td>\n<td>600\u20ac<\/td>\n<\/tr>\n<tr>\n<td>7 Dias<\/td>\n<td>3200\u20ac<\/td>\n<td>3800\u20ac<\/td>\n<\/tr>\n<\/tbody>\n<\/table>\n<p>Temporada Alta: Julio, Agosto, Septiembre<br \/>\nTemporada Baja: Abril, Mayo, Junio, Octubre<\/p>\n<p>*Gasolina no incluida<\/p>\n<p>Limpieza 30\u20ac<\/p>\n<p>Fianza 1000\u20ac<\/p>\n<p>Patr\u00f3n<\/p>\n<p>4 horas- 60\u20ac<\/p>\n<p>8 horas -120\u20ac[\/vc_column_text][\/vc_tta_section][vc_tta_section title=&#8221;Caracter\u00edsticas&#8221; tab_id=&#8221;1490706806379-87d8c9a2-dbdd&#8221;][vc_column_text]<\/p>\n<table class=\"tg\">\n<tbody>\n<tr>\n<th class=\"tg-031e\"><img class=\"alignnone size-medium wp-image-1601\" alt=\"\" width=\"50\" height=\"50\" \/><\/p>\n<p>GPS<\/th>\n<th class=\"tg-031e\">\u00a0<img class=\"alignnone size-medium wp-image-1598\" alt=\"\" width=\"50\" height=\"50\" \/><\/p>\n<p>RADIO<\/th>\n<th class=\"tg-031e\">\u00a0<img class=\"alignnone size-full wp-image-1656\" alt=\"\" width=\"50\" height=\"50\" \/><\/p>\n<p>SENSOR DE PROFUNDIDAD<\/th>\n<\/tr>\n<tr>\n<td class=\"tg-031e\">\u00a0<img class=\"alignnone size-medium wp-image-1596\" alt=\"\" width=\"50\" height=\"50\" \/><\/p>\n<p>CD\/RADIO<\/td>\n<td class=\"tg-031e\">\u00a0<img class=\"alignnone size-full wp-image-1602\" alt=\"\" width=\"50\" height=\"50\" \/><\/p>\n<p>ESCALERA<\/td>\n<td class=\"tg-031e\">\u00a0<img class=\"alignnone size-medium wp-image-1595\" alt=\"\" width=\"50\" height=\"50\" \/><\/p>\n<p>TOLDO DE SOL<\/td>\n<\/tr>\n<tr>\n<td class=\"tg-031e\">\u00a0<img class=\"alignnone size-medium wp-image-1600\" alt=\"\" width=\"50\" height=\"50\" \/><\/p>\n<p>DUCHA<\/td>\n<td class=\"tg-031e\">\u00a0<img class=\"alignnone size-medium wp-image-1599\" alt=\"\" width=\"50\" height=\"50\" \/><\/p>\n<p>ASEO<\/td>\n<td class=\"tg-031e\">\u00a0<img class=\"alignnone size-full wp-image-1591\" alt=\"\" width=\"50\" height=\"50\" \/><\/p>\n<p>AIRE-ACONDICIONADO<\/td>\n<\/tr>\n<tr>\n<td class=\"tg-031e\"><img class=\"alignnone size-medium wp-image-1594\" alt=\"\" width=\"50\" height=\"50\" \/><\/p>\n<p>NEVERA<\/td>\n<td class=\"tg-031e\"><img class=\"alignnone size-medium wp-image-1592\" alt=\"\" width=\"50\" height=\"50\" \/><\/p>\n<p>HORNO<\/td>\n<td class=\"tg-031e\">\u00a0<img class=\"alignnone size-medium wp-image-1593\" alt=\"\" width=\"50\" height=\"50\" \/><\/p>\n<p>MICRONDAS<\/td>\n<\/tr>\n<\/tbody>\n<\/table>\n<p>[\/vc_column_text][\/vc_tta_section][vc_tta_section title=&#8221;Imagenes&#8221; tab_id=&#8221;1517912583827-0c959895-ca7d&#8221;][vc_images_carousel images=&#8221;816,815,814,813,811,821,819,812,818,822,820,817&#8243; img_size=&#8221;full&#8221; onclick=&#8221;link_no&#8221; hide_pagination_control=&#8221;yes&#8221; title=&#8221;More photos&#8221;][\/vc_tta_section][vc_tta_section title=&#8221;Vistas&#8221; tab_id=&#8221;1517912624418-b7ae72e0-b08c&#8221;][vc_images_carousel images=&#8221;835,834,833,832,831,830,829,828,827,826,825,824&#8243; img_size=&#8221;full&#8221; onclick=&#8221;link_no&#8221; autoplay=&#8221;yes&#8221; hide_pagination_control=&#8221;yes&#8221; title=&#8221;Views from the boat&#8221;][\/vc_tta_section][\/vc_tta_tabs][\/vc_column][\/vc_row][vc_row][vc_column][vc_empty_space][vc_widget_sidebar sidebar_id=&#8221;sidebar-2&#8243;][\/vc_column][\/vc_row][vc_row][vc_column][vc_empty_space][\/vc_column][\/vc_row][vc_column css=&#8221;.vc_custom_1469530415489{border-top-width: 2px !important;border-right-width: 2px !important;border-bottom-width: 2px !important;border-left-width: 2px !important;padding-top: 4px !important;padding-right: 4px !important;padding-bottom: 4px !important;padding-left: 4px !important;border-left-color: #096abf !important;border-left-style: solid !important;border-right-color: #096abf !important;border-right-style: solid !important;border-top-color: #096abf !important;border-top-style: solid !important;border-bottom-color: #096abf !important;border-bottom-style: solid !important;}&#8221;][\/vc_column]<\/p>\n","protected":false},"excerpt":{"rendered":"<p>[vc_row][vc_column][vc_empty_space][vc_widget_sidebar sidebar_id=&#8221;sidebar-3&#8243;][vc_empty_space height=&#8221;60px&#8221;][\/vc_column][\/vc_row][vc_row][vc_column width=&#8221;1\/2&#8243; css=&#8221;.vc_custom_1470409311171{border-top-width: 1px !important;border-right-width: 1px !important;border-bottom-width: 1px !important;border-left-width: 1px !important;padding-top: 5px !important;padding-right: 5px !important;padding-bottom: 5px !important;padding-left: 5px !important;border-left-color: #cccccc !important;border-left-style: solid !important;border-right-color: #cccccc !important;border-right-style: solid !important;border-top-color: #cccccc !important;border-top-style: solid !important;border-bottom-color: #cccccc !important;border-bottom-style: solid !important;}&#8221;][vc_custom_heading text=&#8221;Bayliner 285&#8243; font_container=&#8221;tag:h2|text_align:center|color:%23ffffff&#8221; use_theme_fonts=&#8221;yes&#8221; css=&#8221;.vc_custom_1490718013997{padding-top: 4px !important;padding-right: 4px !important;padding-bottom: 4px !important;padding-left: 4px !important;background-color: #123672 !important;}&#8221;][vc_single_image image=&#8221;1229&#8243; img_size=&#8221;full&#8221; alignment=&#8221;center&#8221; [&hellip;]<\/p>\n","protected":false},"author":6,"featured_media":0,"parent":0,"menu_order":0,"comment_status":"closed","ping_status":"closed","template":"","meta":{"_mi_skip_tracking":false,"_exactmetrics_sitenote_active":false,"_exactmetrics_sitenote_note":"","_exactmetrics_sitenote_category":0},"yoast_head":"<!-- This site is optimized with the Yoast SEO plugin v15.9.1 - https:\/\/yoast.com\/wordpress\/plugins\/seo\/ -->\n<title>Bayliner 285 -<\/title>\n<meta name=\"robots\" content=\"index, follow, max-snippet:-1, max-image-preview:large, max-video-preview:-1\" \/>\n<link rel=\"canonical\" href=\"https:\/\/www.calpe-diem.com\/es\/bayliner-285\/\" \/>\n<meta property=\"og:locale\" content=\"es_ES\" \/>\n<meta property=\"og:type\" content=\"article\" \/>\n<meta property=\"og:title\" content=\"Bayliner 285 -\" \/>\n<meta property=\"og:description\" content=\"[vc_row][vc_column][vc_empty_space][vc_widget_sidebar sidebar_id=&#8221;sidebar-3&#8243;][vc_empty_space height=&#8221;60px&#8221;][\/vc_column][\/vc_row][vc_row][vc_column width=&#8221;1\/2&#8243; css=&#8221;.vc_custom_1470409311171{border-top-width: 1px !important;border-right-width: 1px !important;border-bottom-width: 1px !important;border-left-width: 1px !important;padding-top: 5px !important;padding-right: 5px !important;padding-bottom: 5px !important;padding-left: 5px !important;border-left-color: #cccccc !important;border-left-style: solid !important;border-right-color: #cccccc !important;border-right-style: solid !important;border-top-color: #cccccc !important;border-top-style: solid !important;border-bottom-color: #cccccc !important;border-bottom-style: solid !important;}&#8221;][vc_custom_heading text=&#8221;Bayliner 285&#8243; font_container=&#8221;tag:h2|text_align:center|color:%23ffffff&#8221; use_theme_fonts=&#8221;yes&#8221; css=&#8221;.vc_custom_1490718013997{padding-top: 4px !important;padding-right: 4px !important;padding-bottom: 4px !important;padding-left: 4px !important;background-color: #123672 !important;}&#8221;][vc_single_image image=&#8221;1229&#8243; img_size=&#8221;full&#8221; alignment=&#8221;center&#8221; [&hellip;]\" \/>\n<meta property=\"og:url\" content=\"https:\/\/www.calpe-diem.com\/es\/bayliner-285\/\" \/>\n<meta property=\"og:site_name\" content=\"Calpe Diem - Boat Rental in Calpe\" \/>\n<meta property=\"article:modified_time\" content=\"2018-06-22T17:19:44+00:00\" \/>\n<meta name=\"twitter:card\" content=\"summary\" \/>\n<meta name=\"twitter:label1\" content=\"Est. reading time\">\n\t<meta name=\"twitter:data1\" content=\"3 minutes\">\n<script type=\"application\/ld+json\" class=\"yoast-schema-graph\">{\"@context\":\"https:\/\/schema.org\",\"@graph\":[{\"@type\":\"WebSite\",\"@id\":\"https:\/\/www.calpe-diem.com\/#website\",\"url\":\"https:\/\/www.calpe-diem.com\/\",\"name\":\"Calpe Diem - Boat Rental in Calpe\",\"description\":\"Calpe Diem - Boat Rental in Calpe\",\"potentialAction\":[{\"@type\":\"SearchAction\",\"target\":\"https:\/\/www.calpe-diem.com\/?s={search_term_string}\",\"query-input\":\"required name=search_term_string\"}],\"inLanguage\":\"es-ES\"},{\"@type\":\"WebPage\",\"@id\":\"https:\/\/www.calpe-diem.com\/es\/bayliner-285\/#webpage\",\"url\":\"https:\/\/www.calpe-diem.com\/es\/bayliner-285\/\",\"name\":\"Bayliner 285 -\",\"isPartOf\":{\"@id\":\"https:\/\/www.calpe-diem.com\/#website\"},\"datePublished\":\"2017-03-09T10:38:52+00:00\",\"dateModified\":\"2018-06-22T17:19:44+00:00\",\"breadcrumb\":{\"@id\":\"https:\/\/www.calpe-diem.com\/es\/bayliner-285\/#breadcrumb\"},\"inLanguage\":\"es-ES\",\"potentialAction\":[{\"@type\":\"ReadAction\",\"target\":[\"https:\/\/www.calpe-diem.com\/es\/bayliner-285\/\"]}]},{\"@type\":\"BreadcrumbList\",\"@id\":\"https:\/\/www.calpe-diem.com\/es\/bayliner-285\/#breadcrumb\",\"itemListElement\":[{\"@type\":\"ListItem\",\"position\":1,\"item\":{\"@type\":\"WebPage\",\"@id\":\"https:\/\/www.calpe-diem.com\/es\/\",\"url\":\"https:\/\/www.calpe-diem.com\/es\/\",\"name\":\"Home\"}},{\"@type\":\"ListItem\",\"position\":2,\"item\":{\"@type\":\"WebPage\",\"@id\":\"https:\/\/www.calpe-diem.com\/es\/bayliner-285\/\",\"url\":\"https:\/\/www.calpe-diem.com\/es\/bayliner-285\/\",\"name\":\"Bayliner 285\"}}]}]}<\/script>\n<!-- \/ Yoast SEO plugin. -->","_links":{"self":[{"href":"https:\/\/www.calpe-diem.com\/es\/wp-json\/wp\/v2\/pages\/1750\/"}],"collection":[{"href":"https:\/\/www.calpe-diem.com\/es\/wp-json\/wp\/v2\/pages\/"}],"about":[{"href":"https:\/\/www.calpe-diem.com\/es\/wp-json\/wp\/v2\/types\/page\/"}],"author":[{"embeddable":true,"href":"https:\/\/www.calpe-diem.com\/es\/wp-json\/wp\/v2\/users\/6\/"}],"replies":[{"embeddable":true,"href":"https:\/\/www.calpe-diem.com\/es\/wp-json\/wp\/v2\/comments\/?post=1750"}],"version-history":[{"count":12,"href":"https:\/\/www.calpe-diem.com\/es\/wp-json\/wp\/v2\/pages\/1750\/revisions\/"}],"predecessor-version":[{"id":2896,"href":"https:\/\/www.calpe-diem.com\/es\/wp-json\/wp\/v2\/pages\/1750\/revisions\/2896\/"}],"wp:attachment":[{"href":"https:\/\/www.calpe-diem.com\/es\/wp-json\/wp\/v2\/media\/?parent=1750"}],"curies":[{"name":"wp","href":"https:\/\/api.w.org\/{rel}","templated":true}]}}