{"id":2052,"date":"2018-02-07T10:47:32","date_gmt":"2018-02-07T10:47:32","guid":{"rendered":"http:\/\/www.calpe-diem.com\/rent-boat-in-calpe\/"},"modified":"2018-02-07T11:58:14","modified_gmt":"2018-02-07T11:58:14","slug":"rent-boat-in-calpe","status":"publish","type":"page","link":"https:\/\/www.calpe-diem.com\/es\/rent-boat-in-calpe\/","title":{"rendered":"Alquila un barco en Calpe"},"content":{"rendered":"<h1 style=\"text-align: center;\">Alquila un barco en Calpe<\/h1>\n<p>&nbsp;<\/p>\n<p>&nbsp;<\/p>\n<p>La ciudad costera de Calpe est\u00e1 asoleada con sol durante casi 300 d\u00edas al a\u00f1o haciendola ideal para navegar el mar y encontrar calma y diversion en el mar.<\/p>\n<p>Calpe es una ciudad muy conocida en la Costa Blanca. Ciertamente, hay lugares m\u00e1s agradables que Calpe, pero en <img loading=\"lazy\" class=\"size-medium wp-image-2055 alignright\" src=\"http:\/\/www.calpe-diem.com\/wp-content\/uploads\/2018\/02\/IMG_20170618_110025-300x225.jpg\" alt=\"\" width=\"300\" height=\"225\" srcset=\"https:\/\/www.calpe-diem.com\/wp-content\/uploads\/2018\/02\/IMG_20170618_110025-300x225.jpg 300w, https:\/\/www.calpe-diem.com\/wp-content\/uploads\/2018\/02\/IMG_20170618_110025-768x576.jpg 768w, https:\/\/www.calpe-diem.com\/wp-content\/uploads\/2018\/02\/IMG_20170618_110025-1024x768.jpg 1024w, https:\/\/www.calpe-diem.com\/wp-content\/uploads\/2018\/02\/IMG_20170618_110025-555x415.jpg 555w, https:\/\/www.calpe-diem.com\/wp-content\/uploads\/2018\/02\/IMG_20170618_110025-1110x830.jpg 1110w\" sizes=\"(max-width: 300px) 100vw, 300px\" \/>ninguna parte se encuentra el impresionante monumento que es el &#8220;Pe\u00f1\u00f3n de Ifach&#8221;. Esta es una gigantesca roca de granito que se eleva a m\u00e1s de 600 metros de altura. La roca est\u00e1 justo en la playa de Calpe.<\/p>\n<p>Depende de su punto de vista, pero Calpe est\u00e1 ligeramente deteriorado en nuestra opini\u00f3n por los edificios de apartamentos y edificios de gran altura que marcan las vistas al mar. Justo detr\u00e1s de estos edificios de gran altura se encuentran las Salinas de Saladar, que son lagos salados.<\/p>\n<p>Calpe es definitivamente una gran ciudad bulliciosa muy lejos de sus or\u00edgenes como un peque\u00f1o pueblo de pescadores.<\/p>\n<p>A cada lado de la roca hay dos fant\u00e1sticas playas de arena de Calpe y esta es la raz\u00f3n por la cual la mayor\u00eda de la gente viene de vacaciones a Calpe: las playas son de arena de muy alta calidad y las aguas est\u00e1n limpias.<\/p>\n<p>Las playas son tan largas y anchas que, a diferencia de la cercana ciudad de Benidorm, siempre se puede encontrar un lugar en la playa. Las instalaciones en las playas son excelentes, con muchas \u00e1reas de juego para los ni\u00f1os en la misma playa.<\/p>\n<p>Las playas de Calpe son excelentes y siempre tienen una bandera azul, lo que significa que est\u00e1n certificadas como limpias por la Fundaci\u00f3n Europea para la Educaci\u00f3n Ambiental. Est\u00e1n rodeados por docenas de restaurantes, bares y clubes que ofrecen una amplia variedad de comida, bebida y entretenimiento.<\/p>\n<p>Calpe tiene un maravilloso puerto deportivo moderno que se encuentra junto al antiguo puerto pesquero; desde aqu\u00ed es posible tomar paseos en bote alrededor de la roca y al complejo cercano de Benidorm.<\/p>\n<p>Una de las mejores formas de disfrutar la costa local es a trav\u00e9s del ferrocarril de v\u00eda estrecha que va de Alicante a Denia y se detiene en Calpe.<\/p>\n<p>Julio es el mes m\u00e1s caluroso en Calpe con una temperatura promedio de 25 \u00b0 C (77 \u00b0 F) y el m\u00e1s fr\u00edo es enero a11 \u00b0 C (52 \u00b0 F) con la mayor\u00eda de las horas de sol diarias a 12 en julio. El mes m\u00e1s lluvioso es septiembre con un promedio de 77.5 mm de lluvia. El mejor mes para nadar en el mar es en agosto cuando la temperatura promedio del mar es de 26 \u00b0 C (79 \u00b0 F). Haci\u00e9ndolo uno de los mejores tiempos para alquilar un barco en Calpe, desde marzo podemos asegurarle que ser\u00e1 la persona m\u00e1s feliz en un barco en el verano soleado de Calpe.<\/p>\n<p>&nbsp;<\/p>\n<p>Entonces <a href=\"http:\/\/www.calpe-diem.com\/es\/contacto\/\">cont\u00e1ctenos<\/a>\u00a0y\u00a0Alquila un barco en Calpe<\/p>\n","protected":false},"excerpt":{"rendered":"<p>Alquila un barco en Calpe &nbsp; &nbsp; La ciudad costera de Calpe est\u00e1 asoleada con sol durante casi 300 d\u00edas al a\u00f1o haciendola ideal para navegar el mar y encontrar calma y diversion en el mar. Calpe es una ciudad muy conocida en la Costa Blanca. Ciertamente, hay lugares m\u00e1s agradables que Calpe, pero en [&hellip;]<\/p>\n","protected":false},"author":6,"featured_media":0,"parent":0,"menu_order":0,"comment_status":"closed","ping_status":"closed","template":"","meta":{"_mi_skip_tracking":false,"_exactmetrics_sitenote_active":false,"_exactmetrics_sitenote_note":"","_exactmetrics_sitenote_category":0},"yoast_head":"<!-- This site is optimized with the Yoast SEO plugin v15.9.1 - https:\/\/yoast.com\/wordpress\/plugins\/seo\/ -->\n<title>Alquila un barco en Calpe - Boat Rental - Costa Blanca - Calpe Diem<\/title>\n<meta name=\"description\" content=\"Bienvenido a Calpe Diem, le ofrecemos alquilar un barco en Calpe y navegar por el hermoso oc\u00e9ano que Calpe puede ofrecer. Nada m\u00e1s que decir que Calpe Diem.\" \/>\n<meta name=\"robots\" content=\"index, follow, max-snippet:-1, max-image-preview:large, max-video-preview:-1\" \/>\n<link rel=\"canonical\" href=\"https:\/\/www.calpe-diem.com\/es\/rent-boat-in-calpe\/\" \/>\n<meta property=\"og:locale\" content=\"es_ES\" \/>\n<meta property=\"og:type\" content=\"article\" \/>\n<meta property=\"og:title\" content=\"Alquila un barco en Calpe - Boat Rental - Costa Blanca - Calpe Diem\" \/>\n<meta property=\"og:description\" content=\"Bienvenido a Calpe Diem, le ofrecemos alquilar un barco en Calpe y navegar por el hermoso oc\u00e9ano que Calpe puede ofrecer. Nada m\u00e1s que decir que Calpe Diem.\" \/>\n<meta property=\"og:url\" content=\"https:\/\/www.calpe-diem.com\/es\/rent-boat-in-calpe\/\" \/>\n<meta property=\"og:site_name\" content=\"Calpe Diem - Boat Rental in Calpe\" \/>\n<meta property=\"article:modified_time\" content=\"2018-02-07T11:58:14+00:00\" \/>\n<meta property=\"og:image\" content=\"http:\/\/www.calpe-diem.com\/wp-content\/uploads\/2018\/02\/IMG_20170618_110025-300x225.jpg\" \/>\n<meta name=\"twitter:card\" content=\"summary\" \/>\n<meta name=\"twitter:label1\" content=\"Est. reading time\">\n\t<meta name=\"twitter:data1\" content=\"2 minutes\">\n<script type=\"application\/ld+json\" class=\"yoast-schema-graph\">{\"@context\":\"https:\/\/schema.org\",\"@graph\":[{\"@type\":\"WebSite\",\"@id\":\"https:\/\/www.calpe-diem.com\/#website\",\"url\":\"https:\/\/www.calpe-diem.com\/\",\"name\":\"Calpe Diem - Boat Rental in Calpe\",\"description\":\"Calpe Diem - Boat Rental in Calpe\",\"potentialAction\":[{\"@type\":\"SearchAction\",\"target\":\"https:\/\/www.calpe-diem.com\/?s={search_term_string}\",\"query-input\":\"required name=search_term_string\"}],\"inLanguage\":\"es-ES\"},{\"@type\":\"ImageObject\",\"@id\":\"https:\/\/www.calpe-diem.com\/es\/rent-boat-in-calpe\/#primaryimage\",\"inLanguage\":\"es-ES\",\"url\":\"http:\/\/www.calpe-diem.com\/wp-content\/uploads\/2018\/02\/IMG_20170618_110025-300x225.jpg\"},{\"@type\":\"WebPage\",\"@id\":\"https:\/\/www.calpe-diem.com\/es\/rent-boat-in-calpe\/#webpage\",\"url\":\"https:\/\/www.calpe-diem.com\/es\/rent-boat-in-calpe\/\",\"name\":\"Alquila un barco en Calpe - Boat Rental - Costa Blanca - Calpe Diem\",\"isPartOf\":{\"@id\":\"https:\/\/www.calpe-diem.com\/#website\"},\"primaryImageOfPage\":{\"@id\":\"https:\/\/www.calpe-diem.com\/es\/rent-boat-in-calpe\/#primaryimage\"},\"datePublished\":\"2018-02-07T10:47:32+00:00\",\"dateModified\":\"2018-02-07T11:58:14+00:00\",\"description\":\"Bienvenido a Calpe Diem, le ofrecemos alquilar un barco en Calpe y navegar por el hermoso oc\\u00e9ano que Calpe puede ofrecer. Nada m\\u00e1s que decir que Calpe Diem.\",\"breadcrumb\":{\"@id\":\"https:\/\/www.calpe-diem.com\/es\/rent-boat-in-calpe\/#breadcrumb\"},\"inLanguage\":\"es-ES\",\"potentialAction\":[{\"@type\":\"ReadAction\",\"target\":[\"https:\/\/www.calpe-diem.com\/es\/rent-boat-in-calpe\/\"]}]},{\"@type\":\"BreadcrumbList\",\"@id\":\"https:\/\/www.calpe-diem.com\/es\/rent-boat-in-calpe\/#breadcrumb\",\"itemListElement\":[{\"@type\":\"ListItem\",\"position\":1,\"item\":{\"@type\":\"WebPage\",\"@id\":\"https:\/\/www.calpe-diem.com\/es\/\",\"url\":\"https:\/\/www.calpe-diem.com\/es\/\",\"name\":\"Home\"}},{\"@type\":\"ListItem\",\"position\":2,\"item\":{\"@type\":\"WebPage\",\"@id\":\"https:\/\/www.calpe-diem.com\/es\/rent-boat-in-calpe\/\",\"url\":\"https:\/\/www.calpe-diem.com\/es\/rent-boat-in-calpe\/\",\"name\":\"Alquila un barco en Calpe\"}}]}]}<\/script>\n<!-- \/ Yoast SEO plugin. -->","_links":{"self":[{"href":"https:\/\/www.calpe-diem.com\/es\/wp-json\/wp\/v2\/pages\/2052\/"}],"collection":[{"href":"https:\/\/www.calpe-diem.com\/es\/wp-json\/wp\/v2\/pages\/"}],"about":[{"href":"https:\/\/www.calpe-diem.com\/es\/wp-json\/wp\/v2\/types\/page\/"}],"author":[{"embeddable":true,"href":"https:\/\/www.calpe-diem.com\/es\/wp-json\/wp\/v2\/users\/6\/"}],"replies":[{"embeddable":true,"href":"https:\/\/www.calpe-diem.com\/es\/wp-json\/wp\/v2\/comments\/?post=2052"}],"version-history":[{"count":4,"href":"https:\/\/www.calpe-diem.com\/es\/wp-json\/wp\/v2\/pages\/2052\/revisions\/"}],"predecessor-version":[{"id":2074,"href":"https:\/\/www.calpe-diem.com\/es\/wp-json\/wp\/v2\/pages\/2052\/revisions\/2074\/"}],"wp:attachment":[{"href":"https:\/\/www.calpe-diem.com\/es\/wp-json\/wp\/v2\/media\/?parent=2052"}],"curies":[{"name":"wp","href":"https:\/\/api.w.org\/{rel}","templated":true}]}}