{"id":2161,"date":"2018-03-15T14:54:47","date_gmt":"2018-03-15T14:54:47","guid":{"rendered":"http:\/\/www.calpe-diem.com\/sea-ray\/"},"modified":"2018-03-30T22:44:00","modified_gmt":"2018-03-30T21:44:00","slug":"sea-ray","status":"publish","type":"page","link":"https:\/\/www.calpe-diem.com\/es\/sea-ray\/","title":{"rendered":"Sea Ray"},"content":{"rendered":"<p>[vc_row][vc_column][vc_widget_sidebar sidebar_id=&#8221;sidebar-3&#8243;][vc_empty_space][vc_custom_heading text=&#8221;Sea Ray&#8221; font_container=&#8221;tag:h1|text_align:center&#8221; use_theme_fonts=&#8221;yes&#8221;][vc_empty_space height=&#8221;60px&#8221;][\/vc_column][\/vc_row][vc_row][vc_column width=&#8221;1\/2&#8243; css=&#8221;.vc_custom_1470409311171{border-top-width: 1px !important;border-right-width: 1px !important;border-bottom-width: 1px !important;border-left-width: 1px !important;padding-top: 5px !important;padding-right: 5px !important;padding-bottom: 5px !important;padding-left: 5px !important;border-left-color: #cccccc !important;border-left-style: solid !important;border-right-color: #cccccc !important;border-right-style: solid !important;border-top-color: #cccccc !important;border-top-style: solid !important;border-bottom-color: #cccccc !important;border-bottom-style: solid !important;}&#8221;][vc_custom_heading text=&#8221;Sea Ray&#8221; font_container=&#8221;tag:h2|text_align:center|color:%23ffffff&#8221; use_theme_fonts=&#8221;yes&#8221; css=&#8221;.vc_custom_1521125540234{padding-top: 4px !important;padding-right: 4px !important;padding-bottom: 4px !important;padding-left: 4px !important;background-color: #123672 !important;}&#8221;][vc_single_image image=&#8221;2149&#8243; img_size=&#8221;full&#8221; alignment=&#8221;center&#8221;][vc_empty_space height=&#8221;20px&#8221;][\/vc_column][vc_column width=&#8221;1\/2&#8243;][vc_tta_tabs][vc_tta_section title=&#8221;Description&#8221; tab_id=&#8221;1489051126212-02e5616c-a544&#8243;][vc_column_text]Eslora: 13m<br \/>\nManga: 3,70m<br \/>\nMotor: 2 Cartepillar 808 cv Diesel<br \/>\nPlazas: 8<\/p>\n<p align=\"LEFT\">Magnifico barco a motor que se que se definir tanto como un c\u00f3modo yate y como una lancha deportiva. A bordo se puede disfrutar de emocionantes d\u00edas de navegaci\u00f3n por la costa y las calas de Calpe, Benidorm, Valencia, Ibiza, Formentera, etc. Dispone de 2 camarotes independientes y de un sal\u00f3n convertible y permite pernoctar a 6 pasajeros por la noche y 8 personas por el d\u00eda. Entre su equipo destaca el aire acondicionado, WC el\u00e9ctrico, amplia ducha, 2 neveras, generador de corriente, amplios sol\u00e1rium, equipo homologado para navegar a las Islas Baleares. Sus dos motores diesel de 808 cv y su casco de extraordinaria robustez proporcionan un gran confort en la navegaci\u00f3n y dotan a la embarcaci\u00f3n de una seguridad extraordinaria en d\u00edas de mala mar.\u00a0\u00a0\u00a0\u00a0 Embarcaci\u00f3n ideal para navegar de Calpe a Ibiza y disfrutar de unos momentos inolvidables<\/p>\n<p>[\/vc_column_text][\/vc_tta_section][vc_tta_section title=&#8221;Prices&#8221; tab_id=&#8221;1489051126372-d6d1c890-ed53&#8243;][vc_column_text]<\/p>\n<table>\n<tbody>\n<tr>\n<th><\/th>\n<th>Low Season<\/th>\n<th>High Season<\/th>\n<\/tr>\n<tr>\n<td>4 Horas<\/td>\n<td>500\u20ac<\/td>\n<td>650\u20ac<\/td>\n<\/tr>\n<tr>\n<td>8 Horas<\/td>\n<td>750\u20ac<\/td>\n<td>900\u20ac<\/td>\n<\/tr>\n<tr>\n<td>7 Dias<\/td>\n<td>3700\u20ac<\/td>\n<td>4500\u20ac<\/td>\n<\/tr>\n<tr>\n<td><\/td>\n<td><\/td>\n<td><\/td>\n<\/tr>\n<\/tbody>\n<\/table>\n<p>&nbsp;<\/p>\n<p>*Gasolina no incl.<\/p>\n<p>*Patron incl.[\/vc_column_text][\/vc_tta_section][vc_tta_section title=&#8221;Features&#8221; tab_id=&#8221;1490706806379-87d8c9a2-dbdd&#8221;][vc_column_text]Piloto autom\u00e1tico, toldo de sol, colchonetas, Radio, Gps, sonar, VHF, WC el\u00e9ctrico, ducha con mapara, ducha en popa, aire acondicionada, escalera de ba\u00f1o, microondas, 2 neveras, generador, patr\u00f3n profesional obligatorio incluido en el precio.<\/p>\n<p>[\/vc_column_text][\/vc_tta_section][vc_tta_section title=&#8221;Images&#8221; tab_id=&#8221;1517832217285-8704bc72-9f49&#8243;][vc_gallery interval=&#8221;3&#8243; images=&#8221;2150,2149,2148,2147,2146,2145,2144,2143,2142,2141&#8243; img_size=&#8221;full&#8221;][\/vc_tta_section][vc_tta_section title=&#8221;Views&#8221; tab_id=&#8221;1517832727363-357ff270-0731&#8243;][vc_gallery interval=&#8221;3&#8243; images=&#8221;1885,1277&#8243; img_size=&#8221;full&#8221;][\/vc_tta_section][\/vc_tta_tabs][\/vc_column][\/vc_row][vc_row][vc_column][vc_empty_space][vc_widget_sidebar sidebar_id=&#8221;sidebar-2&#8243;][vc_empty_space][\/vc_column][\/vc_row][vc_column css=&#8221;.vc_custom_1469530415489{border-top-width: 2px !important;border-right-width: 2px !important;border-bottom-width: 2px !important;border-left-width: 2px !important;padding-top: 4px !important;padding-right: 4px !important;padding-bottom: 4px !important;padding-left: 4px !important;border-left-color: #096abf !important;border-left-style: solid !important;border-right-color: #096abf !important;border-right-style: solid !important;border-top-color: #096abf !important;border-top-style: solid !important;border-bottom-color: #096abf !important;border-bottom-style: solid !important;}&#8221;][\/vc_column]<\/p>\n","protected":false},"excerpt":{"rendered":"<p>[vc_row][vc_column][vc_widget_sidebar sidebar_id=&#8221;sidebar-3&#8243;][vc_empty_space][vc_custom_heading text=&#8221;Sea Ray&#8221; font_container=&#8221;tag:h1|text_align:center&#8221; use_theme_fonts=&#8221;yes&#8221;][vc_empty_space height=&#8221;60px&#8221;][\/vc_column][\/vc_row][vc_row][vc_column width=&#8221;1\/2&#8243; css=&#8221;.vc_custom_1470409311171{border-top-width: 1px !important;border-right-width: 1px !important;border-bottom-width: 1px !important;border-left-width: 1px !important;padding-top: 5px !important;padding-right: 5px !important;padding-bottom: 5px !important;padding-left: 5px !important;border-left-color: #cccccc !important;border-left-style: solid !important;border-right-color: #cccccc !important;border-right-style: solid !important;border-top-color: #cccccc !important;border-top-style: solid !important;border-bottom-color: #cccccc !important;border-bottom-style: solid !important;}&#8221;][vc_custom_heading text=&#8221;Sea Ray&#8221; font_container=&#8221;tag:h2|text_align:center|color:%23ffffff&#8221; use_theme_fonts=&#8221;yes&#8221; css=&#8221;.vc_custom_1521125540234{padding-top: 4px !important;padding-right: 4px !important;padding-bottom: 4px !important;padding-left: 4px !important;background-color: #123672 [&hellip;]<\/p>\n","protected":false},"author":6,"featured_media":0,"parent":0,"menu_order":0,"comment_status":"closed","ping_status":"closed","template":"","meta":{"_mi_skip_tracking":false,"_exactmetrics_sitenote_active":false,"_exactmetrics_sitenote_note":"","_exactmetrics_sitenote_category":0},"yoast_head":"<!-- This site is optimized with the Yoast SEO plugin v15.9.1 - https:\/\/yoast.com\/wordpress\/plugins\/seo\/ -->\n<title>Sea Ray -<\/title>\n<meta name=\"robots\" content=\"index, follow, max-snippet:-1, max-image-preview:large, max-video-preview:-1\" \/>\n<link rel=\"canonical\" href=\"https:\/\/www.calpe-diem.com\/es\/sea-ray\/\" \/>\n<meta property=\"og:locale\" content=\"es_ES\" \/>\n<meta property=\"og:type\" content=\"article\" \/>\n<meta property=\"og:title\" content=\"Sea Ray -\" \/>\n<meta property=\"og:description\" content=\"[vc_row][vc_column][vc_widget_sidebar sidebar_id=&#8221;sidebar-3&#8243;][vc_empty_space][vc_custom_heading text=&#8221;Sea Ray&#8221; font_container=&#8221;tag:h1|text_align:center&#8221; use_theme_fonts=&#8221;yes&#8221;][vc_empty_space height=&#8221;60px&#8221;][\/vc_column][\/vc_row][vc_row][vc_column width=&#8221;1\/2&#8243; css=&#8221;.vc_custom_1470409311171{border-top-width: 1px !important;border-right-width: 1px !important;border-bottom-width: 1px !important;border-left-width: 1px !important;padding-top: 5px !important;padding-right: 5px !important;padding-bottom: 5px !important;padding-left: 5px !important;border-left-color: #cccccc !important;border-left-style: solid !important;border-right-color: #cccccc !important;border-right-style: solid !important;border-top-color: #cccccc !important;border-top-style: solid !important;border-bottom-color: #cccccc !important;border-bottom-style: solid !important;}&#8221;][vc_custom_heading text=&#8221;Sea Ray&#8221; font_container=&#8221;tag:h2|text_align:center|color:%23ffffff&#8221; use_theme_fonts=&#8221;yes&#8221; css=&#8221;.vc_custom_1521125540234{padding-top: 4px !important;padding-right: 4px !important;padding-bottom: 4px !important;padding-left: 4px !important;background-color: #123672 [&hellip;]\" \/>\n<meta property=\"og:url\" content=\"https:\/\/www.calpe-diem.com\/es\/sea-ray\/\" \/>\n<meta property=\"og:site_name\" content=\"Calpe Diem - Boat Rental in Calpe\" \/>\n<meta property=\"article:modified_time\" content=\"2018-03-30T21:44:00+00:00\" \/>\n<meta name=\"twitter:card\" content=\"summary\" \/>\n<meta name=\"twitter:label1\" content=\"Est. reading time\">\n\t<meta name=\"twitter:data1\" content=\"3 minutes\">\n<script type=\"application\/ld+json\" class=\"yoast-schema-graph\">{\"@context\":\"https:\/\/schema.org\",\"@graph\":[{\"@type\":\"WebSite\",\"@id\":\"https:\/\/www.calpe-diem.com\/#website\",\"url\":\"https:\/\/www.calpe-diem.com\/\",\"name\":\"Calpe Diem - Boat Rental in Calpe\",\"description\":\"Calpe Diem - Boat Rental in Calpe\",\"potentialAction\":[{\"@type\":\"SearchAction\",\"target\":\"https:\/\/www.calpe-diem.com\/?s={search_term_string}\",\"query-input\":\"required name=search_term_string\"}],\"inLanguage\":\"es-ES\"},{\"@type\":\"WebPage\",\"@id\":\"https:\/\/www.calpe-diem.com\/es\/sea-ray\/#webpage\",\"url\":\"https:\/\/www.calpe-diem.com\/es\/sea-ray\/\",\"name\":\"Sea Ray -\",\"isPartOf\":{\"@id\":\"https:\/\/www.calpe-diem.com\/#website\"},\"datePublished\":\"2018-03-15T14:54:47+00:00\",\"dateModified\":\"2018-03-30T21:44:00+00:00\",\"breadcrumb\":{\"@id\":\"https:\/\/www.calpe-diem.com\/es\/sea-ray\/#breadcrumb\"},\"inLanguage\":\"es-ES\",\"potentialAction\":[{\"@type\":\"ReadAction\",\"target\":[\"https:\/\/www.calpe-diem.com\/es\/sea-ray\/\"]}]},{\"@type\":\"BreadcrumbList\",\"@id\":\"https:\/\/www.calpe-diem.com\/es\/sea-ray\/#breadcrumb\",\"itemListElement\":[{\"@type\":\"ListItem\",\"position\":1,\"item\":{\"@type\":\"WebPage\",\"@id\":\"https:\/\/www.calpe-diem.com\/es\/\",\"url\":\"https:\/\/www.calpe-diem.com\/es\/\",\"name\":\"Home\"}},{\"@type\":\"ListItem\",\"position\":2,\"item\":{\"@type\":\"WebPage\",\"@id\":\"https:\/\/www.calpe-diem.com\/es\/sea-ray\/\",\"url\":\"https:\/\/www.calpe-diem.com\/es\/sea-ray\/\",\"name\":\"Sea Ray\"}}]}]}<\/script>\n<!-- \/ Yoast SEO plugin. -->","_links":{"self":[{"href":"https:\/\/www.calpe-diem.com\/es\/wp-json\/wp\/v2\/pages\/2161\/"}],"collection":[{"href":"https:\/\/www.calpe-diem.com\/es\/wp-json\/wp\/v2\/pages\/"}],"about":[{"href":"https:\/\/www.calpe-diem.com\/es\/wp-json\/wp\/v2\/types\/page\/"}],"author":[{"embeddable":true,"href":"https:\/\/www.calpe-diem.com\/es\/wp-json\/wp\/v2\/users\/6\/"}],"replies":[{"embeddable":true,"href":"https:\/\/www.calpe-diem.com\/es\/wp-json\/wp\/v2\/comments\/?post=2161"}],"version-history":[{"count":14,"href":"https:\/\/www.calpe-diem.com\/es\/wp-json\/wp\/v2\/pages\/2161\/revisions\/"}],"predecessor-version":[{"id":2675,"href":"https:\/\/www.calpe-diem.com\/es\/wp-json\/wp\/v2\/pages\/2161\/revisions\/2675\/"}],"wp:attachment":[{"href":"https:\/\/www.calpe-diem.com\/es\/wp-json\/wp\/v2\/media\/?parent=2161"}],"curies":[{"name":"wp","href":"https:\/\/api.w.org\/{rel}","templated":true}]}}