{"id":2179,"date":"2018-03-15T19:50:46","date_gmt":"2018-03-15T19:50:46","guid":{"rendered":"http:\/\/www.calpe-diem.com\/?page_id=2179"},"modified":"2022-05-10T12:11:10","modified_gmt":"2022-05-10T11:11:10","slug":"monterey","status":"publish","type":"page","link":"https:\/\/www.calpe-diem.com\/es\/monterey\/","title":{"rendered":"Monterey"},"content":{"rendered":"<p>[vc_row][vc_column][vc_empty_space][vc_widget_sidebar sidebar_id=&#8221;sidebar-3&#8243;][vc_empty_space height=&#8221;60px&#8221;][\/vc_column][\/vc_row][vc_row][vc_column width=&#8221;1\/2&#8243; css=&#8221;.vc_custom_1470409311171{border-top-width: 1px !important;border-right-width: 1px !important;border-bottom-width: 1px !important;border-left-width: 1px !important;padding-top: 5px !important;padding-right: 5px !important;padding-bottom: 5px !important;padding-left: 5px !important;border-left-color: #cccccc !important;border-left-style: solid !important;border-right-color: #cccccc !important;border-right-style: solid !important;border-top-color: #cccccc !important;border-top-style: solid !important;border-bottom-color: #cccccc !important;border-bottom-style: solid !important;}&#8221;][vc_custom_heading text=&#8221;Monterey&#8221; font_container=&#8221;tag:h2|text_align:center|color:%23ffffff&#8221; use_theme_fonts=&#8221;yes&#8221; css=&#8221;.vc_custom_1521143205054{padding-top: 4px !important;padding-right: 4px !important;padding-bottom: 4px !important;padding-left: 4px !important;background-color: #123672 !important;}&#8221;][vc_single_image image=&#8221;3115&#8243; img_size=&#8221;full&#8221; alignment=&#8221;center&#8221; onclick=&#8221;zoom&#8221; css_animation=&#8221;appear&#8221; lightbox=&#8221;yes&#8221;][vc_empty_space height=&#8221;20px&#8221;][\/vc_column][vc_column width=&#8221;1\/2&#8243;][vc_tta_tabs][vc_tta_section title=&#8221;Descripci\u00f3n&#8221; tab_id=&#8221;1489051126212-02e5616c-a544&#8243;][vc_column_text]Monterey 253<\/p>\n<p>Eslora: 8m<br \/>\nManga: 2.59m<br \/>\nMotor: Mercruiser 350<br \/>\nPlazas:\u00a08 pers<\/p>\n<p>Un hermoso y elegante barco abierto que es perfecto para hacer turismo y pescar. Disfrute de la calidad en cada detalle. Espacioso, c\u00f3modo y seguro, adecuado para familias con ni\u00f1os. Fuerte y lo suficientemente r\u00e1pido para el esqu\u00ed acu\u00e1tico, remolque watertoys o crucero a largas distancias.<\/p>\n<p>La cabina cubierta le asegura disfrutar cada minuto en el mar, proporcionando suficiente sombra en las horas m\u00e1s calientes. Ampliada plataforma de nataci\u00f3n hace que sea m\u00e1s f\u00e1cil para bajar y subir al barco.[\/vc_column_text][\/vc_tta_section][vc_tta_section title=&#8221;Precios&#8221; tab_id=&#8221;1489051126372-d6d1c890-ed53&#8243;][vc_column_text]<\/p>\n<table>\n<tbody>\n<tr>\n<th><\/th>\n<th>Temporada Baja<\/th>\n<th>Temporada Alta<\/th>\n<\/tr>\n<tr>\n<td>4\u00a0Hora<\/td>\n<td>350\u20ac<\/td>\n<td>400\u20ac<\/td>\n<\/tr>\n<tr>\n<td>8\u00a0Horas<\/td>\n<td>500\u20ac<\/td>\n<td>600\u20ac<\/td>\n<\/tr>\n<tr>\n<td>7 Dias<\/td>\n<td>2700\u20ac<\/td>\n<td>3400\u20ac<\/td>\n<\/tr>\n<tr>\n<td><\/td>\n<td><\/td>\n<td><\/td>\n<\/tr>\n<\/tbody>\n<\/table>\n<p>Temporada Alta: Julio, Agosto, Septiembre<br \/>\nTemporada Baja: Abril, Mayo, Junio, Octubre<\/p>\n<p>*Gasolina no incluida<\/p>\n<p>Limpieza 30\u20ac<\/p>\n<p>Fianza 1000\u20ac<\/p>\n<p>*Patr\u00f3n<\/p>\n<p>4 horas -60\u20ac<\/p>\n<p>8 horas -120\u20ac[\/vc_column_text][\/vc_tta_section][vc_tta_section title=&#8221;Caracter\u00edsticas&#8221; tab_id=&#8221;1490706806379-87d8c9a2-dbdd&#8221;][vc_column_text]<\/p>\n<table class=\"tg\">\n<tbody>\n<tr>\n<th class=\"tg-031e\"><img loading=\"lazy\" class=\"alignnone size-full wp-image-1602\" src=\"http:\/\/www.calpe-diem.com\/wp-content\/uploads\/2017\/03\/ladder.jpg\" alt=\"\" width=\"50\" height=\"50\" \/><\/p>\n<p><strong>ESCALERA<\/strong><\/th>\n<th class=\"tg-031e\"><img loading=\"lazy\" class=\"size-medium wp-image-1595 aligncenter\" src=\"http:\/\/www.calpe-diem.com\/wp-content\/uploads\/2017\/03\/cover.jpg\" alt=\"\" width=\"50\" height=\"50\" \/><strong>TOLDO DE SOL<br \/>\n<\/strong><\/th>\n<th class=\"tg-031e\"><\/th>\n<\/tr>\n<tr>\n<td class=\"tg-031e\"><\/td>\n<td class=\"tg-031e\">\n<p style=\"text-align: center;\">\n<\/td>\n<td class=\"tg-031e\">&nbsp;<\/p>\n<p style=\"text-align: center;\">\n<\/td>\n<\/tr>\n<tr>\n<td class=\"tg-031e\"><\/td>\n<td class=\"tg-031e\"><\/td>\n<td class=\"tg-031e\"><\/td>\n<\/tr>\n<tr>\n<td class=\"tg-031e\"><\/td>\n<td class=\"tg-031e\"><\/td>\n<td class=\"tg-031e\"><\/td>\n<\/tr>\n<\/tbody>\n<\/table>\n<p>Eslora: 4.26m<br \/>\nManga: 1.73m<br \/>\nMotor: Mercury 15CV<br \/>\nPlazas: 4[\/vc_column_text][\/vc_tta_section][vc_tta_section title=&#8221;Imagenes&#8221; tab_id=&#8221;1517909244980-8d350be7-8283&#8243;][vc_gallery interval=&#8221;3&#8243; images=&#8221;3115,3111,3107,3103,3099&#8243; img_size=&#8221;large&#8221;][\/vc_tta_section][vc_tta_section title=&#8221;Vistas&#8221; tab_id=&#8221;1517909246712-afd68c70-391f&#8221;][vc_images_carousel images=&#8221;835,834,833,832,831,830,829,828,827,826,825,824&#8243; img_size=&#8221;full&#8221; onclick=&#8221;link_no&#8221; autoplay=&#8221;yes&#8221; hide_pagination_control=&#8221;yes&#8221; title=&#8221;Views from the boat&#8221;][\/vc_tta_section][\/vc_tta_tabs][\/vc_column][\/vc_row][vc_row][vc_column][vc_empty_space][\/vc_column][\/vc_row][vc_row][vc_column][vc_custom_heading text=&#8221;Other Activities&#8221; font_container=&#8221;tag:h2|text_align:center&#8221; use_theme_fonts=&#8221;yes&#8221;][vc_column_text]<img loading=\"lazy\" class=\"alignnone wp-image-1275 aligncenter\" src=\"http:\/\/www.calpe-diem.com\/wp-content\/uploads\/2016\/07\/15064-Sejour-29-10-14_11-08-12_-150641-300x200.jpg\" alt=\"15064-Sejour-29-10-14_11-08-12_-15064[1]\" width=\"239\" height=\"159\" srcset=\"https:\/\/www.calpe-diem.com\/wp-content\/uploads\/2016\/07\/15064-Sejour-29-10-14_11-08-12_-150641-300x200.jpg 300w, https:\/\/www.calpe-diem.com\/wp-content\/uploads\/2016\/07\/15064-Sejour-29-10-14_11-08-12_-150641.jpg 550w\" sizes=\"(max-width: 239px) 100vw, 239px\" \/> <img loading=\"lazy\" class=\"alignnone wp-image-1276 aligncenter\" src=\"http:\/\/www.calpe-diem.com\/wp-content\/uploads\/2016\/07\/20140811_114606-300x180.jpg\" alt=\"20140811_114606\" width=\"273\" height=\"163\" srcset=\"https:\/\/www.calpe-diem.com\/wp-content\/uploads\/2016\/07\/20140811_114606-300x180.jpg 300w, https:\/\/www.calpe-diem.com\/wp-content\/uploads\/2016\/07\/20140811_114606-768x461.jpg 768w, https:\/\/www.calpe-diem.com\/wp-content\/uploads\/2016\/07\/20140811_114606-1024x614.jpg 1024w, https:\/\/www.calpe-diem.com\/wp-content\/uploads\/2016\/07\/20140811_114606-555x333.jpg 555w, https:\/\/www.calpe-diem.com\/wp-content\/uploads\/2016\/07\/20140811_114606-1110x666.jpg 1110w\" sizes=\"(max-width: 273px) 100vw, 273px\" \/> <img loading=\"lazy\" class=\"alignnone wp-image-1278 aligncenter\" src=\"http:\/\/www.calpe-diem.com\/wp-content\/uploads\/2016\/07\/lfl-basictricks11-300x212.jpg\" alt=\"lfl-basictricks1[1]\" width=\"230\" height=\"162\" srcset=\"https:\/\/www.calpe-diem.com\/wp-content\/uploads\/2016\/07\/lfl-basictricks11-300x212.jpg 300w, https:\/\/www.calpe-diem.com\/wp-content\/uploads\/2016\/07\/lfl-basictricks11.jpg 500w\" sizes=\"(max-width: 230px) 100vw, 230px\" \/> <img loading=\"lazy\" class=\"alignnone wp-image-1339 aligncenter\" src=\"http:\/\/www.calpe-diem.com\/wp-content\/uploads\/2015\/02\/DSC04164-300x225.jpg\" alt=\"DSC04164\" width=\"221\" height=\"164\" \/>[\/vc_column_text][vc_empty_space][\/vc_column][\/vc_row][vc_column css=&#8221;.vc_custom_1469530415489{border-top-width: 2px !important;border-right-width: 2px !important;border-bottom-width: 2px !important;border-left-width: 2px !important;padding-top: 4px !important;padding-right: 4px !important;padding-bottom: 4px !important;padding-left: 4px !important;border-left-color: #096abf !important;border-left-style: solid !important;border-right-color: #096abf !important;border-right-style: solid !important;border-top-color: #096abf !important;border-top-style: solid !important;border-bottom-color: #096abf !important;border-bottom-style: solid !important;}&#8221;][\/vc_column]<\/p>\n","protected":false},"excerpt":{"rendered":"<p>[vc_row][vc_column][vc_empty_space][vc_widget_sidebar sidebar_id=&#8221;sidebar-3&#8243;][vc_empty_space height=&#8221;60px&#8221;][\/vc_column][\/vc_row][vc_row][vc_column width=&#8221;1\/2&#8243; css=&#8221;.vc_custom_1470409311171{border-top-width: 1px !important;border-right-width: 1px !important;border-bottom-width: 1px !important;border-left-width: 1px !important;padding-top: 5px !important;padding-right: 5px !important;padding-bottom: 5px !important;padding-left: 5px !important;border-left-color: #cccccc !important;border-left-style: solid !important;border-right-color: #cccccc !important;border-right-style: solid !important;border-top-color: #cccccc !important;border-top-style: solid !important;border-bottom-color: #cccccc !important;border-bottom-style: solid !important;}&#8221;][vc_custom_heading text=&#8221;Monterey&#8221; font_container=&#8221;tag:h2|text_align:center|color:%23ffffff&#8221; use_theme_fonts=&#8221;yes&#8221; css=&#8221;.vc_custom_1521143205054{padding-top: 4px !important;padding-right: 4px !important;padding-bottom: 4px !important;padding-left: 4px !important;background-color: #123672 !important;}&#8221;][vc_single_image image=&#8221;3115&#8243; img_size=&#8221;full&#8221; alignment=&#8221;center&#8221; onclick=&#8221;zoom&#8221; [&hellip;]<\/p>\n","protected":false},"author":6,"featured_media":0,"parent":0,"menu_order":0,"comment_status":"closed","ping_status":"closed","template":"","meta":{"_mi_skip_tracking":false,"_exactmetrics_sitenote_active":false,"_exactmetrics_sitenote_note":"","_exactmetrics_sitenote_category":0},"yoast_head":"<!-- This site is optimized with the Yoast SEO plugin v15.9.1 - https:\/\/yoast.com\/wordpress\/plugins\/seo\/ -->\n<title>Monterey -<\/title>\n<meta name=\"robots\" content=\"index, follow, max-snippet:-1, max-image-preview:large, max-video-preview:-1\" \/>\n<link rel=\"canonical\" href=\"https:\/\/www.calpe-diem.com\/es\/monterey\/\" \/>\n<meta property=\"og:locale\" content=\"es_ES\" \/>\n<meta property=\"og:type\" content=\"article\" \/>\n<meta property=\"og:title\" content=\"Monterey -\" \/>\n<meta property=\"og:description\" content=\"[vc_row][vc_column][vc_empty_space][vc_widget_sidebar sidebar_id=&#8221;sidebar-3&#8243;][vc_empty_space height=&#8221;60px&#8221;][\/vc_column][\/vc_row][vc_row][vc_column width=&#8221;1\/2&#8243; css=&#8221;.vc_custom_1470409311171{border-top-width: 1px !important;border-right-width: 1px !important;border-bottom-width: 1px !important;border-left-width: 1px !important;padding-top: 5px !important;padding-right: 5px !important;padding-bottom: 5px !important;padding-left: 5px !important;border-left-color: #cccccc !important;border-left-style: solid !important;border-right-color: #cccccc !important;border-right-style: solid !important;border-top-color: #cccccc !important;border-top-style: solid !important;border-bottom-color: #cccccc !important;border-bottom-style: solid !important;}&#8221;][vc_custom_heading text=&#8221;Monterey&#8221; font_container=&#8221;tag:h2|text_align:center|color:%23ffffff&#8221; use_theme_fonts=&#8221;yes&#8221; css=&#8221;.vc_custom_1521143205054{padding-top: 4px !important;padding-right: 4px !important;padding-bottom: 4px !important;padding-left: 4px !important;background-color: #123672 !important;}&#8221;][vc_single_image image=&#8221;3115&#8243; img_size=&#8221;full&#8221; alignment=&#8221;center&#8221; onclick=&#8221;zoom&#8221; [&hellip;]\" \/>\n<meta property=\"og:url\" content=\"https:\/\/www.calpe-diem.com\/es\/monterey\/\" \/>\n<meta property=\"og:site_name\" content=\"Calpe Diem - Boat Rental in Calpe\" \/>\n<meta property=\"article:modified_time\" content=\"2022-05-10T11:11:10+00:00\" \/>\n<meta property=\"og:image\" content=\"http:\/\/www.calpe-diem.com\/wp-content\/uploads\/2017\/03\/ladder.jpg\" \/>\n<meta name=\"twitter:card\" content=\"summary\" \/>\n<meta name=\"twitter:label1\" content=\"Est. reading time\">\n\t<meta name=\"twitter:data1\" content=\"3 minutes\">\n<script type=\"application\/ld+json\" class=\"yoast-schema-graph\">{\"@context\":\"https:\/\/schema.org\",\"@graph\":[{\"@type\":\"WebSite\",\"@id\":\"https:\/\/www.calpe-diem.com\/#website\",\"url\":\"https:\/\/www.calpe-diem.com\/\",\"name\":\"Calpe Diem - Boat Rental in Calpe\",\"description\":\"Calpe Diem - Boat Rental in Calpe\",\"potentialAction\":[{\"@type\":\"SearchAction\",\"target\":\"https:\/\/www.calpe-diem.com\/?s={search_term_string}\",\"query-input\":\"required name=search_term_string\"}],\"inLanguage\":\"es-ES\"},{\"@type\":\"ImageObject\",\"@id\":\"https:\/\/www.calpe-diem.com\/es\/monterey\/#primaryimage\",\"inLanguage\":\"es-ES\",\"url\":\"http:\/\/www.calpe-diem.com\/wp-content\/uploads\/2017\/03\/ladder.jpg\"},{\"@type\":\"WebPage\",\"@id\":\"https:\/\/www.calpe-diem.com\/es\/monterey\/#webpage\",\"url\":\"https:\/\/www.calpe-diem.com\/es\/monterey\/\",\"name\":\"Monterey -\",\"isPartOf\":{\"@id\":\"https:\/\/www.calpe-diem.com\/#website\"},\"primaryImageOfPage\":{\"@id\":\"https:\/\/www.calpe-diem.com\/es\/monterey\/#primaryimage\"},\"datePublished\":\"2018-03-15T19:50:46+00:00\",\"dateModified\":\"2022-05-10T11:11:10+00:00\",\"breadcrumb\":{\"@id\":\"https:\/\/www.calpe-diem.com\/es\/monterey\/#breadcrumb\"},\"inLanguage\":\"es-ES\",\"potentialAction\":[{\"@type\":\"ReadAction\",\"target\":[\"https:\/\/www.calpe-diem.com\/es\/monterey\/\"]}]},{\"@type\":\"BreadcrumbList\",\"@id\":\"https:\/\/www.calpe-diem.com\/es\/monterey\/#breadcrumb\",\"itemListElement\":[{\"@type\":\"ListItem\",\"position\":1,\"item\":{\"@type\":\"WebPage\",\"@id\":\"https:\/\/www.calpe-diem.com\/es\/\",\"url\":\"https:\/\/www.calpe-diem.com\/es\/\",\"name\":\"Home\"}},{\"@type\":\"ListItem\",\"position\":2,\"item\":{\"@type\":\"WebPage\",\"@id\":\"https:\/\/www.calpe-diem.com\/es\/monterey\/\",\"url\":\"https:\/\/www.calpe-diem.com\/es\/monterey\/\",\"name\":\"Monterey\"}}]}]}<\/script>\n<!-- \/ Yoast SEO plugin. -->","_links":{"self":[{"href":"https:\/\/www.calpe-diem.com\/es\/wp-json\/wp\/v2\/pages\/2179\/"}],"collection":[{"href":"https:\/\/www.calpe-diem.com\/es\/wp-json\/wp\/v2\/pages\/"}],"about":[{"href":"https:\/\/www.calpe-diem.com\/es\/wp-json\/wp\/v2\/types\/page\/"}],"author":[{"embeddable":true,"href":"https:\/\/www.calpe-diem.com\/es\/wp-json\/wp\/v2\/users\/6\/"}],"replies":[{"embeddable":true,"href":"https:\/\/www.calpe-diem.com\/es\/wp-json\/wp\/v2\/comments\/?post=2179"}],"version-history":[{"count":10,"href":"https:\/\/www.calpe-diem.com\/es\/wp-json\/wp\/v2\/pages\/2179\/revisions\/"}],"predecessor-version":[{"id":3188,"href":"https:\/\/www.calpe-diem.com\/es\/wp-json\/wp\/v2\/pages\/2179\/revisions\/3188\/"}],"wp:attachment":[{"href":"https:\/\/www.calpe-diem.com\/es\/wp-json\/wp\/v2\/media\/?parent=2179"}],"curies":[{"name":"wp","href":"https:\/\/api.w.org\/{rel}","templated":true}]}}