{"id":888,"date":"2015-02-24T09:30:02","date_gmt":"2015-02-24T09:30:02","guid":{"rendered":"http:\/\/79.170.44.86\/calpediem.com\/?page_id=888&#038;lang=es"},"modified":"2021-01-27T14:38:27","modified_gmt":"2021-01-27T14:38:27","slug":"inicio","status":"publish","type":"page","link":"https:\/\/www.calpe-diem.com\/es\/","title":{"rendered":"Inicio"},"content":{"rendered":"<p>[vc_row width_100=&#8221;yes&#8221; parallax_speed=&#8221;4&#8243; parallax_x=&#8221;4&#8243; parallax_y=&#8221;4&#8243;][vc_column][rev_slider_vc alias=&#8221;homepage&#8221;][vc_empty_space height=&#8221;50px&#8221;][\/vc_column][\/vc_row][vc_row][vc_column width=&#8221;1\/4&#8243;][vc_single_image image=&#8221;3004&#8243; img_size=&#8221;200&#215;100&#8243; onclick=&#8221;custom_link&#8221; img_link_target=&#8221;_blank&#8221; css_animation=&#8221;zoomIn&#8221; link=&#8221;https:\/\/cdnautica.es\/es\/&#8221;][\/vc_column][vc_column width=&#8221;3\/4&#8243;][vc_column_text]<\/p>\n<h3 style=\"text-align: center;\">Bienvenido a Calpe Diem alquiler de embarcaciones o Villa durante sus vacaciones en Altea, Calpe o pueblos de los alrededores en la Costa Blanca Espa\u00f1a.<\/h3>\n<p>[\/vc_column_text][\/vc_column][\/vc_row][vc_row parallax_speed=&#8221;4&#8243; parallax_x=&#8221;4&#8243; parallax_y=&#8221;4&#8243; css=&#8221;.vc_custom_1467026603320{padding-top: 50px !important;padding-bottom: 50px !important;background-color: #ffffff !important;background-position: 0 0 !important;background-repeat: repeat !important;}&#8221;][vc_column][vc_custom_heading text=&#8221;BARCOS&#8221; font_container=&#8221;tag:h1|text_align:center|color:%230f3270&#8243; use_theme_fonts=&#8221;yes&#8221; link=&#8221;url:http%3A%2F%2Fwww.calpe-diem.com%2Fes%2Fmotorboat%2F|&#8221;][vc_row_inner][vc_column_inner width=&#8221;1\/2&#8243;][vc_images_carousel images=&#8221;2554,2173,2772,2740,2695&#8243; img_size=&#8221;full&#8221; autoplay=&#8221;yes&#8221; wrap=&#8221;yes&#8221; css_animation=&#8221;fadeInDown&#8221;][\/vc_column_inner][vc_column_inner width=&#8221;1\/2&#8243;][vc_images_carousel images=&#8221;1230,2691,2736&#8243; img_size=&#8221;full&#8221; autoplay=&#8221;yes&#8221; wrap=&#8221;yes&#8221; css_animation=&#8221;fadeInDown&#8221;][\/vc_column_inner][\/vc_row_inner][\/vc_column][\/vc_row][vc_row][vc_column][vc_empty_space height=&#8221;10px&#8221;][\/vc_column][\/vc_row][vc_row][vc_column width=&#8221;1\/2&#8243;][vc_column_text]<\/p>\n<h2>BARCOS PARA ALQUILER EN CALPE<\/h2>\n<p>Bienvenido a nuestro sitio web. Si est\u00e1 planeando sus vacaciones y desea hacer algo especial, aventurero y emocionante, nuestro equipo estar\u00e1 encantado de ayudarle con el alquiler de villas y embarcaciones.<\/p>\n<p>Le ofrecemos la oportunidad de alquilar una hermosa villa en Calpe y lanchas a motor, para disfrutar del incre\u00edble paisaje de la costa blanca; calpe \/ altea-mascarat \/ benidorm \/ moraira en el mar Mediterr\u00e1neo Calpe Diem es una carta de lanchas a motor para un alquiler a corto plazo (desde 1\/2 d\u00eda) o largo plazo. Tambi\u00e9n es posible alquilar embarcaciones para Ibiza y Formentera.<\/p>\n<p>[\/vc_column_text][\/vc_column][vc_column width=&#8221;1\/2&#8243;][vc_column_text]<span class=\"copycode\"><iframe  id=\"_ytid_97065\"  width=\"480\" height=\"270\"  data-origwidth=\"480\" data-origheight=\"270\" src=\"https:\/\/www.youtube.com\/embed\/4GJzwJk5EBI?enablejsapi=1&autoplay=1&cc_load_policy=0&cc_lang_pref=&iv_load_policy=1&loop=1&playlist=4GJzwJk5EBI&modestbranding=0&rel=0&fs=1&playsinline=0&autohide=2&theme=dark&color=red&controls=1&\" class=\"__youtube_prefs__  no-lazyload\" title=\"YouTube player\"  allow=\"accelerometer; autoplay; clipboard-write; encrypted-media; gyroscope; picture-in-picture\" allowfullscreen data-no-lazy=\"1\" data-skipgform_ajax_framebjll=\"\"><\/iframe><\/span>[\/vc_column_text][\/vc_column][\/vc_row][vc_row][vc_column][vc_row_inner][vc_column_inner][vc_column_text]El magn\u00edfico lugar de Costa Blanca, donde estamos ubicados, Puerto Deportivo Luis Campomanes-Marina Greenwich en Altea-Mascarat, es famoso no solo por 300 d\u00edas de sol al a\u00f1o y la temperatura promedio por encima de 20 grados desde abril hasta noviembre, sino tambi\u00e9n por su belleza cuevas, bah\u00edas, playas de arena dorada, pintorescos acantilados y aguas color turquesa. En conjunto, hace que este lugar sea perfecto para disfrutar de estar en el agua.<\/p>\n<p>Desde nuestra flota, podemos ofrecerle barcos y yates para una pareja o una familia, un grupo de amigos o alguien que quiera pasar un tiempo a solas con la compa\u00f1\u00eda del mar y la fresca brisa marina. Con gusto le proporcionaremos todo lo necesario para unas vacaciones c\u00f3modas y notables, le daremos sugerencias para rutas de crucero y le ofreceremos equipos adicionales para disfrutar m\u00e1s del agua.<\/p>\n<p>Nuestro servicio de alquiler tiene una gama de paquetes competitivos dise\u00f1ados para satisfacer diferentes necesidades, y se ofrecer\u00e1 flexibilidad siempre que sea posible. Tambi\u00e9n existe la oportunidad de ofrecer un paquete a medida previa solicitud (servicio de transferencia I.E. desde y hacia el hotel, etc.).<\/p>\n<p>No es necesario tener una licencia de barco para el alquiler de nuestros barcos como en Espa\u00f1a. Las personas pueden conducir un bote con un motor de hasta 15 hp (potencia m\u00e1s que suficiente para este tipo de bote) sin necesidad de licencia. Alternativamente, los barcos pueden ser contratados con un conductor (capit\u00e1n) que le mostrar\u00e1 los mejores lugares y lugares secretos y estar\u00e1 a su servicio para que pueda relajarse completamente con sus amigos, familiares o su acompa\u00f1ante rom\u00e1ntico.[\/vc_column_text][\/vc_column_inner][\/vc_row_inner][vc_empty_space][\/vc_column][\/vc_row]<\/p>\n","protected":false},"excerpt":{"rendered":"<p>[vc_row width_100=&#8221;yes&#8221; parallax_speed=&#8221;4&#8243; parallax_x=&#8221;4&#8243; parallax_y=&#8221;4&#8243;][vc_column][rev_slider_vc alias=&#8221;homepage&#8221;][vc_empty_space height=&#8221;50px&#8221;][\/vc_column][\/vc_row][vc_row][vc_column width=&#8221;1\/4&#8243;][vc_single_image image=&#8221;3004&#8243; img_size=&#8221;200&#215;100&#8243; onclick=&#8221;custom_link&#8221; img_link_target=&#8221;_blank&#8221; css_animation=&#8221;zoomIn&#8221; link=&#8221;https:\/\/cdnautica.es\/es\/&#8221;][\/vc_column][vc_column width=&#8221;3\/4&#8243;][vc_column_text] Bienvenido a Calpe Diem alquiler de embarcaciones o Villa durante sus vacaciones en Altea, Calpe o pueblos de los alrededores en la Costa Blanca Espa\u00f1a. [\/vc_column_text][\/vc_column][\/vc_row][vc_row parallax_speed=&#8221;4&#8243; parallax_x=&#8221;4&#8243; parallax_y=&#8221;4&#8243; css=&#8221;.vc_custom_1467026603320{padding-top: 50px !important;padding-bottom: 50px !important;background-color: #ffffff !important;background-position: 0 0 !important;background-repeat: repeat [&hellip;]<\/p>\n","protected":false},"author":6,"featured_media":0,"parent":0,"menu_order":0,"comment_status":"open","ping_status":"open","template":"templates\/page-fullwidth.php","meta":{"_mi_skip_tracking":false,"_exactmetrics_sitenote_active":false,"_exactmetrics_sitenote_note":"","_exactmetrics_sitenote_category":0},"yoast_head":"<!-- This site is optimized with the Yoast SEO plugin v15.9.1 - https:\/\/yoast.com\/wordpress\/plugins\/seo\/ -->\n<title>Boat Rental in Calpe and Altea Costa Blanca Spain available<\/title>\n<meta name=\"description\" content=\"Planning your vacation and want to do something special? Providing you boat rental to enjoy the amazing scenery of the Costa Blanca.\" \/>\n<meta name=\"robots\" content=\"index, follow, max-snippet:-1, max-image-preview:large, max-video-preview:-1\" \/>\n<link rel=\"canonical\" href=\"https:\/\/www.calpe-diem.com\/es\/\" \/>\n<meta property=\"og:locale\" content=\"es_ES\" \/>\n<meta property=\"og:type\" content=\"article\" \/>\n<meta property=\"og:title\" content=\"Boat Rental in Calpe and Altea Costa Blanca Spain available\" \/>\n<meta property=\"og:description\" content=\"Planning your vacation and want to do something special? Providing you boat rental to enjoy the amazing scenery of the Costa Blanca.\" \/>\n<meta property=\"og:url\" content=\"https:\/\/www.calpe-diem.com\/es\/\" \/>\n<meta property=\"og:site_name\" content=\"Calpe Diem - Boat Rental in Calpe\" \/>\n<meta property=\"article:modified_time\" content=\"2021-01-27T14:38:27+00:00\" \/>\n<meta name=\"twitter:card\" content=\"summary\" \/>\n<meta name=\"twitter:label1\" content=\"Est. reading time\">\n\t<meta name=\"twitter:data1\" content=\"3 minutes\">\n<script type=\"application\/ld+json\" class=\"yoast-schema-graph\">{\"@context\":\"https:\/\/schema.org\",\"@graph\":[{\"@type\":\"WebSite\",\"@id\":\"https:\/\/www.calpe-diem.com\/#website\",\"url\":\"https:\/\/www.calpe-diem.com\/\",\"name\":\"Calpe Diem - Boat Rental in Calpe\",\"description\":\"Calpe Diem - Boat Rental in Calpe\",\"potentialAction\":[{\"@type\":\"SearchAction\",\"target\":\"https:\/\/www.calpe-diem.com\/?s={search_term_string}\",\"query-input\":\"required name=search_term_string\"}],\"inLanguage\":\"es-ES\"},{\"@type\":\"WebPage\",\"@id\":\"https:\/\/www.calpe-diem.com\/es\/#webpage\",\"url\":\"https:\/\/www.calpe-diem.com\/es\/\",\"name\":\"Boat Rental in Calpe and Altea Costa Blanca Spain available\",\"isPartOf\":{\"@id\":\"https:\/\/www.calpe-diem.com\/#website\"},\"datePublished\":\"2015-02-24T09:30:02+00:00\",\"dateModified\":\"2021-01-27T14:38:27+00:00\",\"description\":\"Planning your vacation and want to do something special? Providing you boat rental to enjoy the amazing scenery of the Costa Blanca.\",\"breadcrumb\":{\"@id\":\"https:\/\/www.calpe-diem.com\/es\/#breadcrumb\"},\"inLanguage\":\"es-ES\",\"potentialAction\":[{\"@type\":\"ReadAction\",\"target\":[\"https:\/\/www.calpe-diem.com\/es\/\"]}]},{\"@type\":\"BreadcrumbList\",\"@id\":\"https:\/\/www.calpe-diem.com\/es\/#breadcrumb\",\"itemListElement\":[{\"@type\":\"ListItem\",\"position\":1,\"item\":{\"@type\":\"WebPage\",\"@id\":\"https:\/\/www.calpe-diem.com\/es\/\",\"url\":\"https:\/\/www.calpe-diem.com\/es\/\",\"name\":\"Home\"}},{\"@type\":\"ListItem\",\"position\":2,\"item\":{\"@type\":\"WebPage\",\"@id\":\"https:\/\/www.calpe-diem.com\/es\/\",\"url\":\"https:\/\/www.calpe-diem.com\/es\/\",\"name\":\"Inicio\"}}]}]}<\/script>\n<!-- \/ Yoast SEO plugin. -->","_links":{"self":[{"href":"https:\/\/www.calpe-diem.com\/es\/wp-json\/wp\/v2\/pages\/888\/"}],"collection":[{"href":"https:\/\/www.calpe-diem.com\/es\/wp-json\/wp\/v2\/pages\/"}],"about":[{"href":"https:\/\/www.calpe-diem.com\/es\/wp-json\/wp\/v2\/types\/page\/"}],"author":[{"embeddable":true,"href":"https:\/\/www.calpe-diem.com\/es\/wp-json\/wp\/v2\/users\/6\/"}],"replies":[{"embeddable":true,"href":"https:\/\/www.calpe-diem.com\/es\/wp-json\/wp\/v2\/comments\/?post=888"}],"version-history":[{"count":46,"href":"https:\/\/www.calpe-diem.com\/es\/wp-json\/wp\/v2\/pages\/888\/revisions\/"}],"predecessor-version":[{"id":3016,"href":"https:\/\/www.calpe-diem.com\/es\/wp-json\/wp\/v2\/pages\/888\/revisions\/3016\/"}],"wp:attachment":[{"href":"https:\/\/www.calpe-diem.com\/es\/wp-json\/wp\/v2\/media\/?parent=888"}],"curies":[{"name":"wp","href":"https:\/\/api.w.org\/{rel}","templated":true}]}}