{"id":1005,"date":"2015-02-24T09:28:08","date_gmt":"2015-02-24T09:28:08","guid":{"rendered":"http:\/\/79.170.44.86\/calpediem.com\/?page_id=1005&#038;lang=pl"},"modified":"2023-08-23T10:20:09","modified_gmt":"2023-08-23T09:20:09","slug":"contact","status":"publish","type":"page","link":"https:\/\/www.calpe-diem.com\/pl\/contact\/","title":{"rendered":"Kontakt"},"content":{"rendered":"<p>[vc_row width_100=&#8221;yes&#8221; parallax_speed=&#8221;4&#8243; parallax_x=&#8221;4&#8243; parallax_y=&#8221;4&#8243;][vc_column][rev_slider_vc alias=&#8221;homepage&#8221;][\/vc_column][\/vc_row][vc_row][vc_column][vc_column_text]<\/p>\n<p>[\/vc_column_text][\/vc_column][\/vc_row][vc_row width_100=&#8221;yes&#8221; parallax_speed=&#8221;4&#8243; parallax_x=&#8221;4&#8243; parallax_y=&#8221;4&#8243;][vc_column][vc_gmaps link=&#8221;#E-8_JTNDaWZyYW1lJTIwc3JjJTNEJTIyaHR0cHMlM0ElMkYlMkZ3d3cuZ29vZ2xlLmNvbSUyRm1hcHMlMkZlbWJlZCUzRnBiJTNEJTIxMW0xOCUyMTFtMTIlMjExbTMlMjExZDMxMTYuODE3Mjk2MDAxNTM4NiUyMTJkLTAuMDAzNDE4MDQ5Mzg5NjkyNDM2JTIxM2QzOC42MzAwODM5Nzk1MTI3MiUyMTJtMyUyMTFmMCUyMTJmMCUyMTNmMCUyMTNtMiUyMTFpMTAyNCUyMTJpNzY4JTIxNGYxMy4xJTIxM20zJTIxMW0yJTIxMXMweDAlMjUzQTB4MCUyMTJ6TXpqQ3NETTNKelE0TGpNaVRpQXd3ckF3TUNjd05DNDBJbGMlMjE1ZTAlMjEzbTIlMjExc2VuJTIxMnNlcyUyMTR2MTQ4NTE2MzgyNzk4NCUyMiUyMHdpZHRoJTNEJTIyNjAwJTIyJTIwaGVpZ2h0JTNEJTIyNDUwJTIyJTIwZnJhbWVib3JkZXIlM0QlMjIwJTIyJTIwc3R5bGUlM0QlMjJib3JkZXIlM0EwJTIyJTIwYWxsb3dmdWxsc2NyZWVuJTNFJTNDJTJGaWZyYW1lJTNF&#8221; size=&#8221;400&#8243;][\/vc_column][\/vc_row][vc_row parallax_speed=&#8221;4&#8243; parallax_x=&#8221;4&#8243; parallax_y=&#8221;4&#8243; el_class=&#8221;quick-form&#8221; css=&#8221;.vc_custom_1426047958855{padding-top: 50px !important;padding-bottom: 50px !important;}&#8221;][vc_column width=&#8221;1\/2&#8243;][vc_column_text css=&#8221;.vc_custom_1692782404715{background-image: url(http:\/\/79.170.44.86\/calpediem.com\/wp-content\/uploads\/2015\/02\/map-background2.png?id=358) !important;background-position: center !important;background-repeat: no-repeat !important;background-size: contain !important;}&#8221; el_class=&#8221;custom-map&#8221;](+34) <span class=\"selectable-text copyable-text\">614 226 809<\/span><br \/>\n(+34) 651 677 227\u00a0\u00a0\u00a0\u00a0\u00a0 <img loading=\"lazy\" class=\"alignnone wp-image-3023\" src=\"https:\/\/www.calpe-diem.com\/wp-content\/uploads\/2021\/06\/contactlogos.jpg\" alt=\"\" width=\"102\" height=\"30\" \/><br \/>\n<i class=\"fa fa-envelope-o\" style=\"margin-right: 10px;\"><\/i> info@calpe-diem.com<\/p>\n<p>Marina Greenwich Puerto Campomanes<br \/>\nAltea 03590, Costa Blanca, Spain[\/vc_column_text][vc_empty_space height=&#8221;40px&#8221;][vc_single_image image=&#8221;2262&#8243; img_size=&#8221;full&#8221;][\/vc_column][vc_column width=&#8221;1\/2&#8243;]<div role=\"form\" class=\"wpcf7\" id=\"wpcf7-f1064-o1\" lang=\"en-US\" dir=\"ltr\">\n<div class=\"screen-reader-response\"><p role=\"status\" aria-live=\"polite\" aria-atomic=\"true\"><\/p> <ul><\/ul><\/div>\n<form action=\"\/pl\/wp-json\/wp\/v2\/pages\/1005\/#wpcf7-f1064-o1\" method=\"post\" class=\"wpcf7-form init\" novalidate=\"novalidate\" data-status=\"init\">\n<div style=\"display: none;\">\n<input type=\"hidden\" name=\"_wpcf7\" value=\"1064\" \/>\n<input type=\"hidden\" name=\"_wpcf7_version\" value=\"5.4\" \/>\n<input type=\"hidden\" name=\"_wpcf7_locale\" value=\"en_US\" \/>\n<input type=\"hidden\" name=\"_wpcf7_unit_tag\" value=\"wpcf7-f1064-o1\" \/>\n<input type=\"hidden\" name=\"_wpcf7_container_post\" value=\"0\" \/>\n<input type=\"hidden\" name=\"_wpcf7_posted_data_hash\" value=\"\" \/>\n<\/div>\n<p>Nazwa<br \/>\n<span class=\"wpcf7-form-control-wrap text-481\"><input type=\"text\" name=\"text-481\" value=\"\" size=\"40\" class=\"wpcf7-form-control wpcf7-text wpcf7-validates-as-required\" aria-required=\"true\" aria-invalid=\"false\" \/><\/span><br\/><br \/>\nEmail<br \/>\n<span class=\"wpcf7-form-control-wrap email-402\"><input type=\"email\" name=\"email-402\" value=\"\" size=\"40\" class=\"wpcf7-form-control wpcf7-text wpcf7-email wpcf7-validates-as-required wpcf7-validates-as-email\" aria-required=\"true\" aria-invalid=\"false\" \/><\/span><br\/><br \/>\nInteresuj\u0119 si\u0119<br \/>\n<span class=\"wpcf7-form-control-wrap menu-88\"><select name=\"menu-88[]\" class=\"wpcf7-form-control wpcf7-select\" aria-invalid=\"false\" multiple=\"multiple\"><option value=\"motor\u00f3wka\">motor\u00f3wka<\/option><option value=\"willa\">willa<\/option><\/select><\/span><br\/><br \/>\nwiadomo\u015b\u0107<br \/>\n<span class=\"wpcf7-form-control-wrap textarea-128\"><textarea name=\"textarea-128\" cols=\"40\" rows=\"2\" class=\"wpcf7-form-control wpcf7-textarea wpcf7-validates-as-required\" aria-required=\"true\" aria-invalid=\"false\"><\/textarea><\/span><\/p>\n<p style=\"margin-bottom:0\"><input type=\"submit\" value=\"Wy\u015blij wiadomo\u015b\u0107\" class=\"wpcf7-form-control wpcf7-submit\" \/><\/p>\n<div class=\"wpcf7-response-output\" aria-hidden=\"true\"><\/div><\/form><\/div>[\/vc_column][\/vc_row]<\/p>\n","protected":false},"excerpt":{"rendered":"<p>[vc_row width_100=&#8221;yes&#8221; parallax_speed=&#8221;4&#8243; parallax_x=&#8221;4&#8243; parallax_y=&#8221;4&#8243;][vc_column][rev_slider_vc alias=&#8221;homepage&#8221;][\/vc_column][\/vc_row][vc_row][vc_column][vc_column_text] [\/vc_column_text][\/vc_column][\/vc_row][vc_row width_100=&#8221;yes&#8221; parallax_speed=&#8221;4&#8243; parallax_x=&#8221;4&#8243; parallax_y=&#8221;4&#8243;][vc_column][vc_gmaps link=&#8221;#E-8_JTNDaWZyYW1lJTIwc3JjJTNEJTIyaHR0cHMlM0ElMkYlMkZ3d3cuZ29vZ2xlLmNvbSUyRm1hcHMlMkZlbWJlZCUzRnBiJTNEJTIxMW0xOCUyMTFtMTIlMjExbTMlMjExZDMxMTYuODE3Mjk2MDAxNTM4NiUyMTJkLTAuMDAzNDE4MDQ5Mzg5NjkyNDM2JTIxM2QzOC42MzAwODM5Nzk1MTI3MiUyMTJtMyUyMTFmMCUyMTJmMCUyMTNmMCUyMTNtMiUyMTFpMTAyNCUyMTJpNzY4JTIxNGYxMy4xJTIxM20zJTIxMW0yJTIxMXMweDAlMjUzQTB4MCUyMTJ6TXpqQ3NETTNKelE0TGpNaVRpQXd3ckF3TUNjd05DNDBJbGMlMjE1ZTAlMjEzbTIlMjExc2VuJTIxMnNlcyUyMTR2MTQ4NTE2MzgyNzk4NCUyMiUyMHdpZHRoJTNEJTIyNjAwJTIyJTIwaGVpZ2h0JTNEJTIyNDUwJTIyJTIwZnJhbWVib3JkZXIlM0QlMjIwJTIyJTIwc3R5bGUlM0QlMjJib3JkZXIlM0EwJTIyJTIwYWxsb3dmdWxsc2NyZWVuJTNFJTNDJTJGaWZyYW1lJTNF&#8221; size=&#8221;400&#8243;][\/vc_column][\/vc_row][vc_row parallax_speed=&#8221;4&#8243; parallax_x=&#8221;4&#8243; parallax_y=&#8221;4&#8243; el_class=&#8221;quick-form&#8221; css=&#8221;.vc_custom_1426047958855{padding-top: 50px !important;padding-bottom: 50px !important;}&#8221;][vc_column width=&#8221;1\/2&#8243;][vc_column_text css=&#8221;.vc_custom_1692782404715{background-image: url(http:\/\/79.170.44.86\/calpediem.com\/wp-content\/uploads\/2015\/02\/map-background2.png?id=358) !important;background-position: center !important;background-repeat: no-repeat !important;background-size: contain !important;}&#8221; el_class=&#8221;custom-map&#8221;](+34) 614 226 809 (+34) 651 677 227\u00a0\u00a0\u00a0\u00a0\u00a0 info@calpe-diem.com Marina Greenwich Puerto Campomanes Altea 03590, Costa Blanca, Spain[\/vc_column_text][vc_empty_space height=&#8221;40px&#8221;][vc_single_image image=&#8221;2262&#8243; img_size=&#8221;full&#8221;][\/vc_column][vc_column width=&#8221;1\/2&#8243;][\/vc_column][\/vc_row]<\/p>\n","protected":false},"author":6,"featured_media":0,"parent":0,"menu_order":0,"comment_status":"open","ping_status":"open","template":"templates\/page-fullwidth.php","meta":{"_mi_skip_tracking":false,"_exactmetrics_sitenote_active":false,"_exactmetrics_sitenote_note":"","_exactmetrics_sitenote_category":0},"yoast_head":"<!-- This site is optimized with the Yoast SEO plugin v15.9.1 - https:\/\/yoast.com\/wordpress\/plugins\/seo\/ -->\n<title>Kontakt -<\/title>\n<meta name=\"robots\" content=\"index, follow, max-snippet:-1, max-image-preview:large, max-video-preview:-1\" \/>\n<link rel=\"canonical\" href=\"https:\/\/www.calpe-diem.com\/pl\/contact\/\" \/>\n<meta property=\"og:locale\" content=\"pl_PL\" \/>\n<meta property=\"og:type\" content=\"article\" \/>\n<meta property=\"og:title\" content=\"Kontakt -\" \/>\n<meta property=\"og:description\" content=\"[vc_row width_100=&#8221;yes&#8221; parallax_speed=&#8221;4&#8243; parallax_x=&#8221;4&#8243; parallax_y=&#8221;4&#8243;][vc_column][rev_slider_vc alias=&#8221;homepage&#8221;][\/vc_column][\/vc_row][vc_row][vc_column][vc_column_text] [\/vc_column_text][\/vc_column][\/vc_row][vc_row width_100=&#8221;yes&#8221; parallax_speed=&#8221;4&#8243; parallax_x=&#8221;4&#8243; parallax_y=&#8221;4&#8243;][vc_column][vc_gmaps link=&#8221;#E-8_JTNDaWZyYW1lJTIwc3JjJTNEJTIyaHR0cHMlM0ElMkYlMkZ3d3cuZ29vZ2xlLmNvbSUyRm1hcHMlMkZlbWJlZCUzRnBiJTNEJTIxMW0xOCUyMTFtMTIlMjExbTMlMjExZDMxMTYuODE3Mjk2MDAxNTM4NiUyMTJkLTAuMDAzNDE4MDQ5Mzg5NjkyNDM2JTIxM2QzOC42MzAwODM5Nzk1MTI3MiUyMTJtMyUyMTFmMCUyMTJmMCUyMTNmMCUyMTNtMiUyMTFpMTAyNCUyMTJpNzY4JTIxNGYxMy4xJTIxM20zJTIxMW0yJTIxMXMweDAlMjUzQTB4MCUyMTJ6TXpqQ3NETTNKelE0TGpNaVRpQXd3ckF3TUNjd05DNDBJbGMlMjE1ZTAlMjEzbTIlMjExc2VuJTIxMnNlcyUyMTR2MTQ4NTE2MzgyNzk4NCUyMiUyMHdpZHRoJTNEJTIyNjAwJTIyJTIwaGVpZ2h0JTNEJTIyNDUwJTIyJTIwZnJhbWVib3JkZXIlM0QlMjIwJTIyJTIwc3R5bGUlM0QlMjJib3JkZXIlM0EwJTIyJTIwYWxsb3dmdWxsc2NyZWVuJTNFJTNDJTJGaWZyYW1lJTNF&#8221; size=&#8221;400&#8243;][\/vc_column][\/vc_row][vc_row parallax_speed=&#8221;4&#8243; parallax_x=&#8221;4&#8243; parallax_y=&#8221;4&#8243; el_class=&#8221;quick-form&#8221; css=&#8221;.vc_custom_1426047958855{padding-top: 50px !important;padding-bottom: 50px !important;}&#8221;][vc_column width=&#8221;1\/2&#8243;][vc_column_text css=&#8221;.vc_custom_1692782404715{background-image: url(http:\/\/79.170.44.86\/calpediem.com\/wp-content\/uploads\/2015\/02\/map-background2.png?id=358) !important;background-position: center !important;background-repeat: no-repeat !important;background-size: contain !important;}&#8221; el_class=&#8221;custom-map&#8221;](+34) 614 226 809 (+34) 651 677 227\u00a0\u00a0\u00a0\u00a0\u00a0 info@calpe-diem.com Marina Greenwich Puerto Campomanes Altea 03590, Costa Blanca, Spain[\/vc_column_text][vc_empty_space height=&#8221;40px&#8221;][vc_single_image image=&#8221;2262&#8243; img_size=&#8221;full&#8221;][\/vc_column][vc_column width=&#8221;1\/2&#8243;][\/vc_column][\/vc_row]\" \/>\n<meta property=\"og:url\" content=\"https:\/\/www.calpe-diem.com\/pl\/contact\/\" \/>\n<meta property=\"og:site_name\" content=\"Calpe Diem - Boat Rental in Calpe\" \/>\n<meta property=\"article:modified_time\" content=\"2023-08-23T09:20:09+00:00\" \/>\n<meta property=\"og:image\" content=\"https:\/\/www.calpe-diem.com\/wp-content\/uploads\/2021\/06\/contactlogos.jpg\" \/>\n<meta name=\"twitter:card\" content=\"summary\" \/>\n<meta name=\"twitter:label1\" content=\"Est. reading time\">\n\t<meta name=\"twitter:data1\" content=\"1 minute\">\n<script type=\"application\/ld+json\" class=\"yoast-schema-graph\">{\"@context\":\"https:\/\/schema.org\",\"@graph\":[{\"@type\":\"WebSite\",\"@id\":\"https:\/\/www.calpe-diem.com\/#website\",\"url\":\"https:\/\/www.calpe-diem.com\/\",\"name\":\"Calpe Diem - Boat Rental in Calpe\",\"description\":\"Calpe Diem - Boat Rental in Calpe\",\"potentialAction\":[{\"@type\":\"SearchAction\",\"target\":\"https:\/\/www.calpe-diem.com\/?s={search_term_string}\",\"query-input\":\"required name=search_term_string\"}],\"inLanguage\":\"pl-PL\"},{\"@type\":\"ImageObject\",\"@id\":\"https:\/\/www.calpe-diem.com\/pl\/contact\/#primaryimage\",\"inLanguage\":\"pl-PL\",\"url\":\"https:\/\/www.calpe-diem.com\/wp-content\/uploads\/2021\/06\/contactlogos.jpg\",\"width\":157,\"height\":48},{\"@type\":\"WebPage\",\"@id\":\"https:\/\/www.calpe-diem.com\/pl\/contact\/#webpage\",\"url\":\"https:\/\/www.calpe-diem.com\/pl\/contact\/\",\"name\":\"Kontakt -\",\"isPartOf\":{\"@id\":\"https:\/\/www.calpe-diem.com\/#website\"},\"primaryImageOfPage\":{\"@id\":\"https:\/\/www.calpe-diem.com\/pl\/contact\/#primaryimage\"},\"datePublished\":\"2015-02-24T09:28:08+00:00\",\"dateModified\":\"2023-08-23T09:20:09+00:00\",\"breadcrumb\":{\"@id\":\"https:\/\/www.calpe-diem.com\/pl\/contact\/#breadcrumb\"},\"inLanguage\":\"pl-PL\",\"potentialAction\":[{\"@type\":\"ReadAction\",\"target\":[\"https:\/\/www.calpe-diem.com\/pl\/contact\/\"]}]},{\"@type\":\"BreadcrumbList\",\"@id\":\"https:\/\/www.calpe-diem.com\/pl\/contact\/#breadcrumb\",\"itemListElement\":[{\"@type\":\"ListItem\",\"position\":1,\"item\":{\"@type\":\"WebPage\",\"@id\":\"https:\/\/www.calpe-diem.com\/pl\/\",\"url\":\"https:\/\/www.calpe-diem.com\/pl\/\",\"name\":\"Home\"}},{\"@type\":\"ListItem\",\"position\":2,\"item\":{\"@type\":\"WebPage\",\"@id\":\"https:\/\/www.calpe-diem.com\/pl\/contact\/\",\"url\":\"https:\/\/www.calpe-diem.com\/pl\/contact\/\",\"name\":\"Kontakt\"}}]}]}<\/script>\n<!-- \/ Yoast SEO plugin. -->","_links":{"self":[{"href":"https:\/\/www.calpe-diem.com\/pl\/wp-json\/wp\/v2\/pages\/1005\/"}],"collection":[{"href":"https:\/\/www.calpe-diem.com\/pl\/wp-json\/wp\/v2\/pages\/"}],"about":[{"href":"https:\/\/www.calpe-diem.com\/pl\/wp-json\/wp\/v2\/types\/page\/"}],"author":[{"embeddable":true,"href":"https:\/\/www.calpe-diem.com\/pl\/wp-json\/wp\/v2\/users\/6\/"}],"replies":[{"embeddable":true,"href":"https:\/\/www.calpe-diem.com\/pl\/wp-json\/wp\/v2\/comments\/?post=1005"}],"version-history":[{"count":14,"href":"https:\/\/www.calpe-diem.com\/pl\/wp-json\/wp\/v2\/pages\/1005\/revisions\/"}],"predecessor-version":[{"id":3212,"href":"https:\/\/www.calpe-diem.com\/pl\/wp-json\/wp\/v2\/pages\/1005\/revisions\/3212\/"}],"wp:attachment":[{"href":"https:\/\/www.calpe-diem.com\/pl\/wp-json\/wp\/v2\/media\/?parent=1005"}],"curies":[{"name":"wp","href":"https:\/\/api.w.org\/{rel}","templated":true}]}}