{"id":1729,"date":"2017-03-30T10:07:57","date_gmt":"2017-03-30T09:07:57","guid":{"rendered":"http:\/\/www.calpe-diem.com\/pl\/boat-rental\/"},"modified":"2022-05-10T12:29:58","modified_gmt":"2022-05-10T11:29:58","slug":"boat-rental","status":"publish","type":"page","link":"https:\/\/www.calpe-diem.com\/pl\/boat-rental\/","title":{"rendered":"Wynajmij  \u0142\u00f3d\u017a"},"content":{"rendered":"<p>[vc_row][vc_column][vc_custom_heading text=&#8221;Wynajmij \u0142\u00f3d\u017a&#8221; font_container=&#8221;tag:h1|text_align:center|color:%23123672&#8243; use_theme_fonts=&#8221;yes&#8221; css_animation=&#8221;fadeIn&#8221;][vc_empty_space height=&#8221;60px&#8221;][\/vc_column][\/vc_row][vc_row][vc_column width=&#8221;1\/4&#8243; css=&#8221;.vc_custom_1493283960610{border-top-width: 1px !important;border-right-width: 1px !important;border-bottom-width: 1px !important;border-left-width: 1px !important;padding-top: 5px !important;padding-right: 5px !important;padding-bottom: 5px !important;padding-left: 5px !important;border-left-color: #cccccc !important;border-left-style: solid !important;border-right-color: #cccccc !important;border-right-style: solid !important;border-top-color: #cccccc !important;border-top-style: solid !important;border-bottom-color: #cccccc !important;border-bottom-style: solid !important;}&#8221;][vc_custom_heading text=&#8221;Atom&#8221; font_container=&#8221;tag:h2|text_align:center|color:%23ffffff&#8221; use_theme_fonts=&#8221;yes&#8221; css=&#8221;.vc_custom_1495526769891{padding-top: 4px !important;padding-right: 4px !important;padding-bottom: 4px !important;padding-left: 4px !important;background-color: #123672 !important;}&#8221; link=&#8221;url:http%3A%2F%2Fwww.calpe-diem.com%2Fpl%2Fweekend-420%2F|&#8221;][vc_single_image image=&#8221;1505&#8243; img_size=&#8221;full&#8221; alignment=&#8221;center&#8221; onclick=&#8221;custom_link&#8221; css_animation=&#8221;appear&#8221; lightbox=&#8221;yes&#8221; link=&#8221;http:\/\/www.calpe-diem.com\/weekend-420\/&#8221;][vc_empty_space height=&#8221;50px&#8221;][vc_btn title=&#8221;ZOBACZ \u0141\u00d3D\u0179&#8221; color=&#8221;primary&#8221; align=&#8221;center&#8221; link=&#8221;url:http%3A%2F%2Fwww.calpe-diem.com%2Fpl%2Fweekend-420%2F|&#8221;][vc_empty_space height=&#8221;42px&#8221;][\/vc_column][vc_column width=&#8221;1\/4&#8243; css=&#8221;.vc_custom_1470409311171{border-top-width: 1px !important;border-right-width: 1px !important;border-bottom-width: 1px !important;border-left-width: 1px !important;padding-top: 5px !important;padding-right: 5px !important;padding-bottom: 5px !important;padding-left: 5px !important;border-left-color: #cccccc !important;border-left-style: solid !important;border-right-color: #cccccc !important;border-right-style: solid !important;border-top-color: #cccccc !important;border-top-style: solid !important;border-bottom-color: #cccccc !important;border-bottom-style: solid !important;}&#8221;][vc_custom_heading text=&#8221;Crowline 182&#8243; font_container=&#8221;tag:h2|text_align:center|color:%23ffffff&#8221; use_theme_fonts=&#8221;yes&#8221; css=&#8221;.vc_custom_1495526804408{padding-top: 4px !important;padding-right: 4px !important;padding-bottom: 4px !important;padding-left: 4px !important;background-color: #123672 !important;}&#8221; link=&#8221;url:http%3A%2F%2Fwww.calpe-diem.com%2Fpl%2Fcrowline-182%2F|&#8221;][vc_single_image image=&#8221;1249&#8243; img_size=&#8221;full&#8221; alignment=&#8221;center&#8221; onclick=&#8221;custom_link&#8221; css_animation=&#8221;appear&#8221; lightbox=&#8221;yes&#8221; link=&#8221;http:\/\/www.calpe-diem.com\/crowline-182\/&#8221;][vc_btn title=&#8221;ZOBACZ \u0141\u00d3D\u0179&#8221; color=&#8221;primary&#8221; align=&#8221;center&#8221; link=&#8221;url:http%3A%2F%2Fwww.calpe-diem.com%2Fpl%2Fcrowline-182%2F|&#8221;][vc_empty_space height=&#8221;42px&#8221;][\/vc_column][vc_column width=&#8221;1\/4&#8243; css=&#8221;.vc_custom_1470409338718{margin-right: 5px !important;margin-left: 5px !important;border-top-width: 1px !important;border-right-width: 1px !important;border-bottom-width: 1px !important;border-left-width: 1px !important;padding-top: 5px !important;padding-right: 5px !important;padding-bottom: 5px !important;padding-left: 5px !important;border-left-color: #cccccc !important;border-left-style: solid !important;border-right-color: #cccccc !important;border-right-style: solid !important;border-top-color: #cccccc !important;border-top-style: solid !important;border-bottom-color: #cccccc !important;border-bottom-style: solid !important;}&#8221;][vc_custom_heading text=&#8221;Ebbtide Mystique 2400&#8243; font_container=&#8221;tag:h2|text_align:center|color:%23ffffff&#8221; use_theme_fonts=&#8221;yes&#8221; css=&#8221;.vc_custom_1495526952470{padding-top: 4px !important;padding-right: 4px !important;padding-bottom: 4px !important;padding-left: 4px !important;background-color: #123672 !important;}&#8221; link=&#8221;url:http%3A%2F%2Fwww.calpe-diem.com%2Fpl%2Fmystique-2400%2F|&#8221;][vc_single_image image=&#8221;1230&#8243; img_size=&#8221;full&#8221; alignment=&#8221;center&#8221; onclick=&#8221;custom_link&#8221; css_animation=&#8221;appear&#8221; lightbox=&#8221;yes&#8221; link=&#8221;http:\/\/www.calpe-diem.com\/mystique-2400\/&#8221;][vc_btn title=&#8221;ZOBACZ \u0141\u00d3D\u0179&#8221; color=&#8221;primary&#8221; align=&#8221;center&#8221; link=&#8221;url:http%3A%2F%2Fwww.calpe-diem.com%2Fpl%2Fmystique-2400%2F|&#8221;][vc_empty_space][\/vc_column][vc_column width=&#8221;1\/4&#8243; css=&#8221;.vc_custom_1470409348955{margin-left: 10px !important;border-top-width: 1px !important;border-right-width: 1px !important;border-bottom-width: 1px !important;border-left-width: 1px !important;padding-top: 5px !important;padding-right: 5px !important;padding-bottom: 5px !important;padding-left: 5px !important;border-left-color: #cccccc !important;border-left-style: solid !important;border-right-color: #cccccc !important;border-right-style: solid !important;border-top-color: #cccccc !important;border-top-style: solid !important;border-bottom-color: #cccccc !important;border-bottom-style: solid !important;border-radius: 1px !important;}&#8221;][vc_custom_heading text=&#8221;Bayliner 285&#8243; font_container=&#8221;tag:h2|text_align:center|color:%23ffffff&#8221; use_theme_fonts=&#8221;yes&#8221; css=&#8221;.vc_custom_1495527031622{padding-top: 4px !important;padding-right: 4px !important;padding-bottom: 4px !important;padding-left: 4px !important;background-color: #123672 !important;}&#8221; link=&#8221;url:http%3A%2F%2Fwww.calpe-diem.com%2Fpl%2Fbayliner-285%2F|&#8221;][vc_single_image image=&#8221;1229&#8243; img_size=&#8221;full&#8221; alignment=&#8221;center&#8221; onclick=&#8221;custom_link&#8221; css_animation=&#8221;appear&#8221; lightbox=&#8221;yes&#8221; link=&#8221;http:\/\/www.calpe-diem.com\/bayliner-285\/&#8221;][vc_btn title=&#8221;ZOBACZ \u0141\u00d3D\u0179&#8221; color=&#8221;primary&#8221; align=&#8221;center&#8221; link=&#8221;url:http%3A%2F%2Fwww.calpe-diem.com%2Fpl%2Fbayliner-285%2F|&#8221;][vc_empty_space][\/vc_column][\/vc_row][vc_row][vc_column][vc_empty_space][\/vc_column][\/vc_row][vc_row][vc_column width=&#8221;1\/4&#8243; css=&#8221;.vc_custom_1521586212290{border-top-width: 1px !important;border-right-width: 1px !important;border-bottom-width: 1px !important;border-left-width: 1px !important;padding-top: 5px !important;padding-right: 5px !important;padding-bottom: 5px !important;padding-left: 5px !important;border-left-color: #cccccc !important;border-left-style: solid !important;border-right-color: #cccccc !important;border-right-style: solid !important;border-top-color: #cccccc !important;border-top-style: solid !important;border-bottom-color: #cccccc !important;border-bottom-style: solid !important;}&#8221;][vc_custom_heading text=&#8221;Neumatica&#8221; font_container=&#8221;tag:h2|text_align:center|color:%23ffffff&#8221; use_theme_fonts=&#8221;yes&#8221; css=&#8221;.vc_custom_1521122917314{padding-top: 4px !important;padding-right: 4px !important;padding-bottom: 4px !important;padding-left: 4px !important;background-color: #123672 !important;}&#8221; link=&#8221;url:http%3A%2F%2Fwww.calpe-diem.com%2Fneumatica%2F|&#8221;][vc_single_image image=&#8221;2137&#8243; img_size=&#8221;full&#8221; alignment=&#8221;center&#8221; onclick=&#8221;custom_link&#8221; css_animation=&#8221;appear&#8221; lightbox=&#8221;yes&#8221; link=&#8221;http:\/\/www.calpe-diem.com\/weekend-420\/&#8221;][vc_empty_space height=&#8221;50px&#8221;][vc_btn title=&#8221;ZOBACZ \u0141\u00d3D\u0179&#8221; color=&#8221;primary&#8221; align=&#8221;center&#8221; link=&#8221;url:http%3A%2F%2Fwww.calpe-diem.com%2Fpl%2Fneumatica%2F|||&#8221;][vc_empty_space height=&#8221;42px&#8221;][\/vc_column][vc_column width=&#8221;1\/4&#8243; css=&#8221;.vc_custom_1521586235184{border-top-width: 1px !important;border-right-width: 1px !important;border-bottom-width: 1px !important;border-left-width: 1px !important;padding-top: 5px !important;padding-right: 5px !important;padding-bottom: 5px !important;padding-left: 5px !important;border-left-color: #cccccc !important;border-left-style: solid !important;border-right-color: #cccccc !important;border-right-style: solid !important;border-top-color: #cccccc !important;border-top-style: solid !important;border-bottom-color: #cccccc !important;border-bottom-style: solid !important;}&#8221;][vc_custom_heading text=&#8221;Monterey&#8221; font_container=&#8221;tag:h2|text_align:center|color:%23ffffff&#8221; use_theme_fonts=&#8221;yes&#8221; css=&#8221;.vc_custom_1521123046643{padding-top: 4px !important;padding-right: 4px !important;padding-bottom: 4px !important;padding-left: 4px !important;background-color: #123672 !important;}&#8221; link=&#8221;url:http%3A%2F%2Fwww.calpe-diem.com%2Fmonterey%2F|&#8221;][vc_single_image image=&#8221;2410&#8243; img_size=&#8221;full&#8221; alignment=&#8221;center&#8221; onclick=&#8221;custom_link&#8221; css_animation=&#8221;appear&#8221; lightbox=&#8221;yes&#8221; link=&#8221;http:\/\/www.calpe-diem.com\/weekend-420\/&#8221;][vc_empty_space height=&#8221;50px&#8221;][vc_btn title=&#8221;ZOBACZ \u0141\u00d3D\u0179&#8221; color=&#8221;primary&#8221; align=&#8221;center&#8221; link=&#8221;url:http%3A%2F%2Fwww.calpe-diem.com%2Fpl%2Fmonterey%2F|||&#8221;][vc_empty_space height=&#8221;42px&#8221;][\/vc_column][vc_column width=&#8221;1\/4&#8243; css=&#8221;.vc_custom_1521586255238{border-top-width: 1px !important;border-right-width: 1px !important;border-bottom-width: 1px !important;border-left-width: 1px !important;padding-top: 5px !important;padding-right: 5px !important;padding-bottom: 5px !important;padding-left: 5px !important;border-left-color: #cccccc !important;border-left-style: solid !important;border-right-color: #cccccc !important;border-right-style: solid !important;border-top-color: #cccccc !important;border-top-style: solid !important;border-bottom-color: #cccccc !important;border-bottom-style: solid !important;}&#8221;][vc_custom_heading text=&#8221;Sea Ray&#8221; font_container=&#8221;tag:h2|text_align:center|color:%23ffffff&#8221; use_theme_fonts=&#8221;yes&#8221; css=&#8221;.vc_custom_1521123874812{padding-top: 4px !important;padding-right: 4px !important;padding-bottom: 4px !important;padding-left: 4px !important;background-color: #123672 !important;}&#8221; link=&#8221;url:http%3A%2F%2Fwww.calpe-diem.com%2Fpl%2Fsea-ray%2F|&#8221;][vc_single_image image=&#8221;2149&#8243; img_size=&#8221;full&#8221; alignment=&#8221;center&#8221; onclick=&#8221;custom_link&#8221; css_animation=&#8221;appear&#8221; lightbox=&#8221;yes&#8221; link=&#8221;http:\/\/www.calpe-diem.com\/weekend-420\/&#8221;][vc_empty_space height=&#8221;50px&#8221;][vc_btn title=&#8221;ZOBACZ \u0141\u00d3D\u0179&#8221; color=&#8221;primary&#8221; align=&#8221;center&#8221; link=&#8221;url:http%3A%2F%2Fwww.calpe-diem.com%2Fpl%2Fsea-ray%2F|&#8221;][vc_empty_space height=&#8221;42px&#8221;][\/vc_column][vc_column width=&#8221;1\/4&#8243;][vc_custom_heading text=&#8221;Wahin\u00e9&#8221; font_container=&#8221;tag:h2|text_align:center|color:%23123672&#8243; use_theme_fonts=&#8221;yes&#8221; css=&#8221;.vc_custom_1652105314375{border-top-width: 2px !important;border-right-width: 2px !important;border-bottom-width: 2px !important;border-left-width: 2px !important;padding-top: 4px !important;padding-right: 4px !important;padding-bottom: 4px !important;padding-left: 4px !important;background-color: #123672 !important;border-left-color: #123672 !important;border-right-color: #123672 !important;border-top-color: #123672 !important;border-bottom-color: #123672 !important;border-radius: 1px !important;}&#8221; link=&#8221;url:http%3A%2F%2Fwww.calpe-diem.com%2Fpl%2Fsea-ray%2F|&#8221;][vc_single_image image=&#8221;2149&#8243; img_size=&#8221;full&#8221; alignment=&#8221;center&#8221; onclick=&#8221;custom_link&#8221; css_animation=&#8221;appear&#8221; lightbox=&#8221;yes&#8221; link=&#8221;http:\/\/www.calpe-diem.com\/weekend-420\/&#8221;][vc_empty_space height=&#8221;50px&#8221;][vc_btn title=&#8221;ZOBACZ \u0141\u00d3D\u0179&#8221; color=&#8221;primary&#8221; align=&#8221;center&#8221; link=&#8221;url:http%3A%2F%2Fwww.calpe-diem.com%2Fpl%2Fwahine%2F|||&#8221;][vc_empty_space height=&#8221;42px&#8221;][vc_empty_space height=&#8221;42px&#8221;][\/vc_column][\/vc_row][vc_row][vc_column][vc_empty_space][\/vc_column][\/vc_row][vc_row][vc_column width=&#8221;1\/4&#8243; css=&#8221;.vc_custom_1521586212290{border-top-width: 1px !important;border-right-width: 1px !important;border-bottom-width: 1px !important;border-left-width: 1px !important;padding-top: 5px !important;padding-right: 5px !important;padding-bottom: 5px !important;padding-left: 5px !important;border-left-color: #cccccc !important;border-left-style: solid !important;border-right-color: #cccccc !important;border-right-style: solid !important;border-top-color: #cccccc !important;border-top-style: solid !important;border-bottom-color: #cccccc !important;border-bottom-style: solid !important;}&#8221;][vc_custom_heading text=&#8221;Karma&#8221; font_container=&#8221;tag:h2|text_align:center|color:%23123672&#8243; use_theme_fonts=&#8221;yes&#8221; css=&#8221;.vc_custom_1652178449202{padding-top: 4px !important;padding-right: 4px !important;padding-bottom: 4px !important;padding-left: 4px !important;background-color: #123672 !important;}&#8221; link=&#8221;url:https%3A%2F%2Fwww.calpe-diem.com%2Fpl%2Fkarma%2F|title:Karma||&#8221;][vc_single_image image=&#8221;1505&#8243; img_size=&#8221;full&#8221; alignment=&#8221;center&#8221; onclick=&#8221;custom_link&#8221; css_animation=&#8221;appear&#8221; lightbox=&#8221;yes&#8221; link=&#8221;http:\/\/www.calpe-diem.com\/weekend-420\/&#8221;][vc_empty_space height=&#8221;50px&#8221;][vc_btn title=&#8221;ZOBACZ \u0141\u00d3D\u0179&#8221; color=&#8221;primary&#8221; align=&#8221;center&#8221; link=&#8221;url:https%3A%2F%2Fwww.calpe-diem.com%2Fpl%2Fkarma%2F|title:Karma||&#8221;][vc_empty_space height=&#8221;42px&#8221;][\/vc_column][vc_column width=&#8221;1\/4&#8243; css=&#8221;.vc_custom_1521586235184{border-top-width: 1px !important;border-right-width: 1px !important;border-bottom-width: 1px !important;border-left-width: 1px !important;padding-top: 5px !important;padding-right: 5px !important;padding-bottom: 5px !important;padding-left: 5px !important;border-left-color: #cccccc !important;border-left-style: solid !important;border-right-color: #cccccc !important;border-right-style: solid !important;border-top-color: #cccccc !important;border-top-style: solid !important;border-bottom-color: #cccccc !important;border-bottom-style: solid !important;}&#8221;][vc_custom_heading text=&#8221;Furia&#8221; font_container=&#8221;tag:h2|text_align:center|color:%23123672&#8243; use_theme_fonts=&#8221;yes&#8221; css=&#8221;.vc_custom_1652178463049{padding-top: 4px !important;padding-right: 4px !important;padding-bottom: 4px !important;padding-left: 4px !important;background-color: #123672 !important;}&#8221; link=&#8221;url:https%3A%2F%2Fwww.calpe-diem.com%2Fpl%2Ffuria%2F|title:Furia||&#8221;][vc_single_image image=&#8221;1249&#8243; img_size=&#8221;full&#8221; alignment=&#8221;center&#8221; onclick=&#8221;custom_link&#8221; css_animation=&#8221;appear&#8221; lightbox=&#8221;yes&#8221; link=&#8221;http:\/\/www.calpe-diem.com\/crowline-182\/&#8221;][vc_empty_space height=&#8221;30px&#8221;][vc_btn title=&#8221;ZOBACZ \u0141\u00d3D\u0179&#8221; color=&#8221;primary&#8221; align=&#8221;center&#8221; link=&#8221;url:https%3A%2F%2Fwww.calpe-diem.com%2Fpl%2Ffuria%2F|title:Furia||&#8221;][vc_empty_space height=&#8221;42px&#8221;][\/vc_column][vc_column width=&#8221;1\/4&#8243;][vc_empty_space height=&#8221;40px&#8221;][vc_custom_heading text=&#8221;Crownline 320 SL&#8221; font_container=&#8221;tag:h2|text_align:center|color:%23123672&#8243; use_theme_fonts=&#8221;yes&#8221; css=&#8221;.vc_custom_1652178473683{padding-top: 4px !important;padding-right: 4px !important;padding-bottom: 4px !important;padding-left: 4px !important;background-color: #123672 !important;}&#8221; link=&#8221;url:https%3A%2F%2Fwww.calpe-diem.com%2Fpl%2Fcrownline-320%2F|title:Crownline%20320%20SL||&#8221;][vc_single_image image=&#8221;3114&#8243; img_size=&#8221;full&#8221; alignment=&#8221;center&#8221; onclick=&#8221;custom_link&#8221; css_animation=&#8221;appear&#8221; lightbox=&#8221;yes&#8221; link=&#8221;http:\/\/www.calpe-diem.com\/mystique-2400\/&#8221;][vc_empty_space height=&#8221;30px&#8221;][vc_btn title=&#8221;ZOBACZ \u0141\u00d3D\u0179&#8221; color=&#8221;primary&#8221; align=&#8221;center&#8221; link=&#8221;url:https%3A%2F%2Fwww.calpe-diem.com%2Fpl%2Fcrownline-320%2F|title:Furia||&#8221;][vc_empty_space height=&#8221;42px&#8221;][\/vc_column][\/vc_row][vc_row][vc_column][vc_widget_sidebar sidebar_id=&#8221;sidebar-2&#8243;][vc_empty_space][\/vc_column][\/vc_row]<\/p>\n","protected":false},"excerpt":{"rendered":"<p>[vc_row][vc_column][vc_custom_heading text=&#8221;Wynajmij \u0142\u00f3d\u017a&#8221; font_container=&#8221;tag:h1|text_align:center|color:%23123672&#8243; use_theme_fonts=&#8221;yes&#8221; css_animation=&#8221;fadeIn&#8221;][vc_empty_space height=&#8221;60px&#8221;][\/vc_column][\/vc_row][vc_row][vc_column width=&#8221;1\/4&#8243; css=&#8221;.vc_custom_1493283960610{border-top-width: 1px !important;border-right-width: 1px !important;border-bottom-width: 1px !important;border-left-width: 1px !important;padding-top: 5px !important;padding-right: 5px !important;padding-bottom: 5px !important;padding-left: 5px !important;border-left-color: #cccccc !important;border-left-style: solid !important;border-right-color: #cccccc !important;border-right-style: solid !important;border-top-color: #cccccc !important;border-top-style: solid !important;border-bottom-color: #cccccc !important;border-bottom-style: solid !important;}&#8221;][vc_custom_heading text=&#8221;Atom&#8221; font_container=&#8221;tag:h2|text_align:center|color:%23ffffff&#8221; use_theme_fonts=&#8221;yes&#8221; css=&#8221;.vc_custom_1495526769891{padding-top: 4px !important;padding-right: 4px !important;padding-bottom: 4px !important;padding-left: 4px !important;background-color: #123672 !important;}&#8221; [&hellip;]<\/p>\n","protected":false},"author":6,"featured_media":0,"parent":0,"menu_order":0,"comment_status":"closed","ping_status":"closed","template":"","meta":{"_mi_skip_tracking":false,"_exactmetrics_sitenote_active":false,"_exactmetrics_sitenote_note":"","_exactmetrics_sitenote_category":0},"yoast_head":"<!-- This site is optimized with the Yoast SEO plugin v15.9.1 - https:\/\/yoast.com\/wordpress\/plugins\/seo\/ -->\n<title>Wynajmij \u0142\u00f3d\u017a -<\/title>\n<meta name=\"robots\" content=\"index, follow, max-snippet:-1, max-image-preview:large, max-video-preview:-1\" \/>\n<link rel=\"canonical\" href=\"https:\/\/www.calpe-diem.com\/pl\/boat-rental\/\" \/>\n<meta property=\"og:locale\" content=\"pl_PL\" \/>\n<meta property=\"og:type\" content=\"article\" \/>\n<meta property=\"og:title\" content=\"Wynajmij \u0142\u00f3d\u017a -\" \/>\n<meta property=\"og:description\" content=\"[vc_row][vc_column][vc_custom_heading text=&#8221;Wynajmij \u0142\u00f3d\u017a&#8221; font_container=&#8221;tag:h1|text_align:center|color:%23123672&#8243; use_theme_fonts=&#8221;yes&#8221; css_animation=&#8221;fadeIn&#8221;][vc_empty_space height=&#8221;60px&#8221;][\/vc_column][\/vc_row][vc_row][vc_column width=&#8221;1\/4&#8243; css=&#8221;.vc_custom_1493283960610{border-top-width: 1px !important;border-right-width: 1px !important;border-bottom-width: 1px !important;border-left-width: 1px !important;padding-top: 5px !important;padding-right: 5px !important;padding-bottom: 5px !important;padding-left: 5px !important;border-left-color: #cccccc !important;border-left-style: solid !important;border-right-color: #cccccc !important;border-right-style: solid !important;border-top-color: #cccccc !important;border-top-style: solid !important;border-bottom-color: #cccccc !important;border-bottom-style: solid !important;}&#8221;][vc_custom_heading text=&#8221;Atom&#8221; font_container=&#8221;tag:h2|text_align:center|color:%23ffffff&#8221; use_theme_fonts=&#8221;yes&#8221; css=&#8221;.vc_custom_1495526769891{padding-top: 4px !important;padding-right: 4px !important;padding-bottom: 4px !important;padding-left: 4px !important;background-color: #123672 !important;}&#8221; [&hellip;]\" \/>\n<meta property=\"og:url\" content=\"https:\/\/www.calpe-diem.com\/pl\/boat-rental\/\" \/>\n<meta property=\"og:site_name\" content=\"Calpe Diem - Boat Rental in Calpe\" \/>\n<meta property=\"article:modified_time\" content=\"2022-05-10T11:29:58+00:00\" \/>\n<meta name=\"twitter:card\" content=\"summary\" \/>\n<meta name=\"twitter:label1\" content=\"Est. reading time\">\n\t<meta name=\"twitter:data1\" content=\"3 minutes\">\n<script type=\"application\/ld+json\" class=\"yoast-schema-graph\">{\"@context\":\"https:\/\/schema.org\",\"@graph\":[{\"@type\":\"WebSite\",\"@id\":\"https:\/\/www.calpe-diem.com\/#website\",\"url\":\"https:\/\/www.calpe-diem.com\/\",\"name\":\"Calpe Diem - Boat Rental in Calpe\",\"description\":\"Calpe Diem - Boat Rental in Calpe\",\"potentialAction\":[{\"@type\":\"SearchAction\",\"target\":\"https:\/\/www.calpe-diem.com\/?s={search_term_string}\",\"query-input\":\"required name=search_term_string\"}],\"inLanguage\":\"pl-PL\"},{\"@type\":\"WebPage\",\"@id\":\"https:\/\/www.calpe-diem.com\/pl\/boat-rental\/#webpage\",\"url\":\"https:\/\/www.calpe-diem.com\/pl\/boat-rental\/\",\"name\":\"Wynajmij \\u0142\\u00f3d\\u017a -\",\"isPartOf\":{\"@id\":\"https:\/\/www.calpe-diem.com\/#website\"},\"datePublished\":\"2017-03-30T09:07:57+00:00\",\"dateModified\":\"2022-05-10T11:29:58+00:00\",\"breadcrumb\":{\"@id\":\"https:\/\/www.calpe-diem.com\/pl\/boat-rental\/#breadcrumb\"},\"inLanguage\":\"pl-PL\",\"potentialAction\":[{\"@type\":\"ReadAction\",\"target\":[\"https:\/\/www.calpe-diem.com\/pl\/boat-rental\/\"]}]},{\"@type\":\"BreadcrumbList\",\"@id\":\"https:\/\/www.calpe-diem.com\/pl\/boat-rental\/#breadcrumb\",\"itemListElement\":[{\"@type\":\"ListItem\",\"position\":1,\"item\":{\"@type\":\"WebPage\",\"@id\":\"https:\/\/www.calpe-diem.com\/pl\/\",\"url\":\"https:\/\/www.calpe-diem.com\/pl\/\",\"name\":\"Home\"}},{\"@type\":\"ListItem\",\"position\":2,\"item\":{\"@type\":\"WebPage\",\"@id\":\"https:\/\/www.calpe-diem.com\/pl\/boat-rental\/\",\"url\":\"https:\/\/www.calpe-diem.com\/pl\/boat-rental\/\",\"name\":\"Wynajmij \\u0142\\u00f3d\\u017a\"}}]}]}<\/script>\n<!-- \/ Yoast SEO plugin. -->","_links":{"self":[{"href":"https:\/\/www.calpe-diem.com\/pl\/wp-json\/wp\/v2\/pages\/1729\/"}],"collection":[{"href":"https:\/\/www.calpe-diem.com\/pl\/wp-json\/wp\/v2\/pages\/"}],"about":[{"href":"https:\/\/www.calpe-diem.com\/pl\/wp-json\/wp\/v2\/types\/page\/"}],"author":[{"embeddable":true,"href":"https:\/\/www.calpe-diem.com\/pl\/wp-json\/wp\/v2\/users\/6\/"}],"replies":[{"embeddable":true,"href":"https:\/\/www.calpe-diem.com\/pl\/wp-json\/wp\/v2\/comments\/?post=1729"}],"version-history":[{"count":30,"href":"https:\/\/www.calpe-diem.com\/pl\/wp-json\/wp\/v2\/pages\/1729\/revisions\/"}],"predecessor-version":[{"id":3189,"href":"https:\/\/www.calpe-diem.com\/pl\/wp-json\/wp\/v2\/pages\/1729\/revisions\/3189\/"}],"wp:attachment":[{"href":"https:\/\/www.calpe-diem.com\/pl\/wp-json\/wp\/v2\/media\/?parent=1729"}],"curies":[{"name":"wp","href":"https:\/\/api.w.org\/{rel}","templated":true}]}}