{"id":1738,"date":"2017-03-28T18:26:00","date_gmt":"2017-03-28T17:26:00","guid":{"rendered":"http:\/\/www.calpe-diem.com\/pl\/mystique-2400\/"},"modified":"2019-06-25T16:16:49","modified_gmt":"2019-06-25T15:16:49","slug":"mystique-2400","status":"publish","type":"page","link":"https:\/\/www.calpe-diem.com\/pl\/mystique-2400\/","title":{"rendered":"Ebbtide Mystique 2400"},"content":{"rendered":"<p>[vc_row][vc_column][vc_empty_space][vc_widget_sidebar sidebar_id=&#8221;sidebar-3&#8243;][vc_custom_heading text=&#8221;Mystique 2400&#8243; font_container=&#8221;tag:h1|text_align:center&#8221; use_theme_fonts=&#8221;yes&#8221;][vc_empty_space height=&#8221;60px&#8221;][\/vc_column][\/vc_row][vc_row][vc_column width=&#8221;1\/2&#8243; css=&#8221;.vc_custom_1470409311171{border-top-width: 1px !important;border-right-width: 1px !important;border-bottom-width: 1px !important;border-left-width: 1px !important;padding-top: 5px !important;padding-right: 5px !important;padding-bottom: 5px !important;padding-left: 5px !important;border-left-color: #cccccc !important;border-left-style: solid !important;border-right-color: #cccccc !important;border-right-style: solid !important;border-top-color: #cccccc !important;border-top-style: solid !important;border-bottom-color: #cccccc !important;border-bottom-style: solid !important;}&#8221;][vc_custom_heading text=&#8221;Mystique 2400&#8243; font_container=&#8221;tag:h2|text_align:center|color:%23ffffff&#8221; use_theme_fonts=&#8221;yes&#8221; css=&#8221;.vc_custom_1490721503058{padding-top: 4px !important;padding-right: 4px !important;padding-bottom: 4px !important;padding-left: 4px !important;background-color: #123672 !important;}&#8221;][vc_single_image image=&#8221;1261&#8243; img_size=&#8221;full&#8221; alignment=&#8221;center&#8221; onclick=&#8221;zoom&#8221; css_animation=&#8221;appear&#8221; lightbox=&#8221;yes&#8221;][vc_empty_space height=&#8221;20px&#8221;][\/vc_column][vc_column width=&#8221;1\/2&#8243;][vc_tta_tabs][vc_tta_section title=&#8221;Opis&#8221; tab_id=&#8221;1489051126212-02e5616c-a544&#8243;][vc_column_text]<\/p>\n<p dir=\"ltr\">Ebbtide Mystique 2400<\/p>\n<p dir=\"ltr\">Dlugosc : 8m<br \/>\nSzerokosc: 2.59m<br \/>\nSilnik: Volvo Penta\u00a0280 km<br \/>\nMiejsc : 10 osob<\/p>\n<p dir=\"ltr\"><span lang=\"pl\"><span id=\"m_5978952071478569579m_8284467304434170539result_box\" lang=\"pl\">Pi\u0119kna i stylowa \u0142\u00f3d\u017a z konsol\u0105, idealna na wycieczki i w\u0119dkowanie.\u00a0Ciesz si\u0119 jako\u015bci\u0105 w ka\u017cdym detalu.\u00a0Przestronna, wygodna i bezpieczna, odpowiednia dla rodzin z dzie\u0107mi.\u00a0Mocna i wystarczaj\u0105co szybka, aby\u00a0plywac \u00a0na nartach wodnych lub holowa\u0107 banan wodny.<\/span><\/span><\/p>\n<p>Kryty kokpit pozwala cieszy\u0107 si\u0119 ka\u017cd\u0105 minut\u0105 na morzu, zapewniaj\u0105c wystarczaj\u0105cy cie\u0144 w najgor\u0119tszych godzinach.<\/p>\n<p dir=\"ltr\"><span lang=\"pl\">Powi\u0119kszona platforma do p\u0142ywania u\u0142atwia\u00a0wchodzenie\u00a0\u00a0do \u0142odzi z wody<\/span><\/p>\n<p>[\/vc_column_text][\/vc_tta_section][vc_tta_section title=&#8221;Ceny&#8221; tab_id=&#8221;1489051126372-d6d1c890-ed53&#8243;][vc_column_text]<\/p>\n<table>\n<tbody>\n<tr>\n<th><\/th>\n<th>Poza sezonem<\/th>\n<th>W sezonie<\/th>\n<\/tr>\n<tr>\n<td>4 Godziny<\/td>\n<td>300\u20ac<\/td>\n<td>350\u20ac<\/td>\n<\/tr>\n<tr>\n<td>8 Godziny<\/td>\n<td>450\u20ac<\/td>\n<td>550\u20ac<\/td>\n<\/tr>\n<tr>\n<td>7 Dni<\/td>\n<td>2500\u20ac<\/td>\n<td>3200\u20ac<\/td>\n<\/tr>\n<\/tbody>\n<\/table>\n<p>W sezonie : lipiec, sierpien, wrzesien<br \/>\nPoza sezonem: pa\u017adziernik, listopad, grudzie\u0144, stycze\u0144, luty, marzec, \u00a0kwiecien, maj, czerwiec<\/p>\n<p>* Paliwo nie\u00a0 wliczone w cene<\/p>\n<p>Czyszczenie\u00a0\u0142odzi\u00a0 &#8211;\u00a0 \u00a030 \u20ac<\/p>\n<p>Kaucja\u00a0\u00a0\u00a0 &#8211;\u00a0\u00a0\u00a0\u00a0\u00a01000 \u20ac<\/p>\n<p>Skipper<\/p>\n<p>4 godziny 60\u20ac<\/p>\n<p>8 godzin 120\u20ac[\/vc_column_text][\/vc_tta_section][vc_tta_section title=&#8221;Cechy&#8221; tab_id=&#8221;1490706806379-87d8c9a2-dbdd&#8221;][vc_column_text]<\/p>\n<table class=\"tg\">\n<tbody>\n<tr>\n<th class=\"tg-031e\"><img class=\"alignnone size-medium wp-image-1601\" alt=\"\" width=\"50\" height=\"50\" \/><\/p>\n<p>GPS<\/th>\n<th class=\"tg-031e\">\u00a0<img class=\"alignnone size-medium wp-image-1598\" alt=\"\" width=\"50\" height=\"50\" \/><\/p>\n<p>VHF<\/th>\n<th class=\"tg-031e\">\u00a0<img class=\"alignnone wp-image-1656 size-full\" alt=\"\" width=\"50\" height=\"50\" \/><\/p>\n<p>Glebokosciomierz<\/th>\n<\/tr>\n<tr>\n<td class=\"tg-031e\">\u00a0<img class=\"alignnone size-medium wp-image-1596\" alt=\"\" width=\"50\" height=\"50\" \/><\/p>\n<p><strong>CD\/RADIO<\/strong><\/td>\n<td class=\"tg-031e\">\u00a0<img class=\"alignnone size-full wp-image-1602\" alt=\"\" width=\"50\" height=\"50\" \/><\/p>\n<p><strong>Drabinka<\/strong><\/td>\n<td class=\"tg-031e\">\u00a0<img class=\"alignnone size-medium wp-image-1595\" alt=\"\" width=\"50\" height=\"50\" \/><\/p>\n<p><strong>Daszek Przeciwsloneczny<\/strong><\/td>\n<\/tr>\n<tr>\n<td class=\"tg-031e\"><strong>\u00a0<img class=\"alignnone size-medium wp-image-1600\" alt=\"\" width=\"50\" height=\"50\" \/><\/strong><\/p>\n<p><strong>Prysznic<\/strong><\/td>\n<td class=\"tg-031e\">\u00a0<img class=\"alignnone size-medium wp-image-1599\" alt=\"\" width=\"50\" height=\"50\" \/><\/p>\n<p><strong>Toaleta<\/strong><\/td>\n<td class=\"tg-031e\"><\/td>\n<\/tr>\n<tr>\n<td class=\"tg-031e\"><\/td>\n<td class=\"tg-031e\"><\/td>\n<td class=\"tg-031e\"><\/td>\n<\/tr>\n<\/tbody>\n<\/table>\n<p>[\/vc_column_text][\/vc_tta_section][vc_tta_section title=&#8221;Obrazy&#8221; tab_id=&#8221;1517911077331-b52633da-0ac8&#8243;][vc_images_carousel images=&#8221;1259,1258,1257,1260,1072&#8243; img_size=&#8221;full&#8221; onclick=&#8221;link_no&#8221; hide_pagination_control=&#8221;yes&#8221; title=&#8221;More photos&#8221;][\/vc_tta_section][vc_tta_section title=&#8221;Widoki&#8221; tab_id=&#8221;1517911124463-e4a6d2f6-cc58&#8243;][vc_images_carousel images=&#8221;835,834,833,832,831,830,829,828,827,826,825,824&#8243; img_size=&#8221;full&#8221; onclick=&#8221;link_no&#8221; autoplay=&#8221;yes&#8221; hide_pagination_control=&#8221;yes&#8221; title=&#8221;Widoki z \u0142odzi&#8221;][\/vc_tta_section][\/vc_tta_tabs][\/vc_column][\/vc_row][vc_row][vc_column][vc_empty_space][vc_widget_sidebar sidebar_id=&#8221;sidebar-2&#8243;][\/vc_column][\/vc_row][vc_row][vc_column][vc_empty_space][\/vc_column][\/vc_row][vc_column css=&#8221;.vc_custom_1469530415489{border-top-width: 2px !important;border-right-width: 2px !important;border-bottom-width: 2px !important;border-left-width: 2px !important;padding-top: 4px !important;padding-right: 4px !important;padding-bottom: 4px !important;padding-left: 4px !important;border-left-color: #096abf !important;border-left-style: solid !important;border-right-color: #096abf !important;border-right-style: solid !important;border-top-color: #096abf !important;border-top-style: solid !important;border-bottom-color: #096abf !important;border-bottom-style: solid !important;}&#8221;][\/vc_column]<\/p>\n","protected":false},"excerpt":{"rendered":"<p>[vc_row][vc_column][vc_empty_space][vc_widget_sidebar sidebar_id=&#8221;sidebar-3&#8243;][vc_custom_heading text=&#8221;Mystique 2400&#8243; font_container=&#8221;tag:h1|text_align:center&#8221; use_theme_fonts=&#8221;yes&#8221;][vc_empty_space height=&#8221;60px&#8221;][\/vc_column][\/vc_row][vc_row][vc_column width=&#8221;1\/2&#8243; css=&#8221;.vc_custom_1470409311171{border-top-width: 1px !important;border-right-width: 1px !important;border-bottom-width: 1px !important;border-left-width: 1px !important;padding-top: 5px !important;padding-right: 5px !important;padding-bottom: 5px !important;padding-left: 5px !important;border-left-color: #cccccc !important;border-left-style: solid !important;border-right-color: #cccccc !important;border-right-style: solid !important;border-top-color: #cccccc !important;border-top-style: solid !important;border-bottom-color: #cccccc !important;border-bottom-style: solid !important;}&#8221;][vc_custom_heading text=&#8221;Mystique 2400&#8243; font_container=&#8221;tag:h2|text_align:center|color:%23ffffff&#8221; use_theme_fonts=&#8221;yes&#8221; css=&#8221;.vc_custom_1490721503058{padding-top: 4px !important;padding-right: 4px !important;padding-bottom: 4px !important;padding-left: 4px !important;background-color: #123672 [&hellip;]<\/p>\n","protected":false},"author":6,"featured_media":0,"parent":0,"menu_order":0,"comment_status":"closed","ping_status":"closed","template":"","meta":{"_mi_skip_tracking":false,"_exactmetrics_sitenote_active":false,"_exactmetrics_sitenote_note":"","_exactmetrics_sitenote_category":0},"yoast_head":"<!-- This site is optimized with the Yoast SEO plugin v15.9.1 - https:\/\/yoast.com\/wordpress\/plugins\/seo\/ -->\n<title>Ebbtide Mystique 2400 -<\/title>\n<meta name=\"robots\" content=\"index, follow, max-snippet:-1, max-image-preview:large, max-video-preview:-1\" \/>\n<link rel=\"canonical\" href=\"https:\/\/www.calpe-diem.com\/pl\/mystique-2400\/\" \/>\n<meta property=\"og:locale\" content=\"pl_PL\" \/>\n<meta property=\"og:type\" content=\"article\" \/>\n<meta property=\"og:title\" content=\"Ebbtide Mystique 2400 -\" \/>\n<meta property=\"og:description\" content=\"[vc_row][vc_column][vc_empty_space][vc_widget_sidebar sidebar_id=&#8221;sidebar-3&#8243;][vc_custom_heading text=&#8221;Mystique 2400&#8243; font_container=&#8221;tag:h1|text_align:center&#8221; use_theme_fonts=&#8221;yes&#8221;][vc_empty_space height=&#8221;60px&#8221;][\/vc_column][\/vc_row][vc_row][vc_column width=&#8221;1\/2&#8243; css=&#8221;.vc_custom_1470409311171{border-top-width: 1px !important;border-right-width: 1px !important;border-bottom-width: 1px !important;border-left-width: 1px !important;padding-top: 5px !important;padding-right: 5px !important;padding-bottom: 5px !important;padding-left: 5px !important;border-left-color: #cccccc !important;border-left-style: solid !important;border-right-color: #cccccc !important;border-right-style: solid !important;border-top-color: #cccccc !important;border-top-style: solid !important;border-bottom-color: #cccccc !important;border-bottom-style: solid !important;}&#8221;][vc_custom_heading text=&#8221;Mystique 2400&#8243; font_container=&#8221;tag:h2|text_align:center|color:%23ffffff&#8221; use_theme_fonts=&#8221;yes&#8221; css=&#8221;.vc_custom_1490721503058{padding-top: 4px !important;padding-right: 4px !important;padding-bottom: 4px !important;padding-left: 4px !important;background-color: #123672 [&hellip;]\" \/>\n<meta property=\"og:url\" content=\"https:\/\/www.calpe-diem.com\/pl\/mystique-2400\/\" \/>\n<meta property=\"og:site_name\" content=\"Calpe Diem - Boat Rental in Calpe\" \/>\n<meta property=\"article:modified_time\" content=\"2019-06-25T15:16:49+00:00\" \/>\n<meta name=\"twitter:card\" content=\"summary\" \/>\n<meta name=\"twitter:label1\" content=\"Est. reading time\">\n\t<meta name=\"twitter:data1\" content=\"3 minutes\">\n<script type=\"application\/ld+json\" class=\"yoast-schema-graph\">{\"@context\":\"https:\/\/schema.org\",\"@graph\":[{\"@type\":\"WebSite\",\"@id\":\"https:\/\/www.calpe-diem.com\/#website\",\"url\":\"https:\/\/www.calpe-diem.com\/\",\"name\":\"Calpe Diem - Boat Rental in Calpe\",\"description\":\"Calpe Diem - Boat Rental in Calpe\",\"potentialAction\":[{\"@type\":\"SearchAction\",\"target\":\"https:\/\/www.calpe-diem.com\/?s={search_term_string}\",\"query-input\":\"required name=search_term_string\"}],\"inLanguage\":\"pl-PL\"},{\"@type\":\"WebPage\",\"@id\":\"https:\/\/www.calpe-diem.com\/pl\/mystique-2400\/#webpage\",\"url\":\"https:\/\/www.calpe-diem.com\/pl\/mystique-2400\/\",\"name\":\"Ebbtide Mystique 2400 -\",\"isPartOf\":{\"@id\":\"https:\/\/www.calpe-diem.com\/#website\"},\"datePublished\":\"2017-03-28T17:26:00+00:00\",\"dateModified\":\"2019-06-25T15:16:49+00:00\",\"breadcrumb\":{\"@id\":\"https:\/\/www.calpe-diem.com\/pl\/mystique-2400\/#breadcrumb\"},\"inLanguage\":\"pl-PL\",\"potentialAction\":[{\"@type\":\"ReadAction\",\"target\":[\"https:\/\/www.calpe-diem.com\/pl\/mystique-2400\/\"]}]},{\"@type\":\"BreadcrumbList\",\"@id\":\"https:\/\/www.calpe-diem.com\/pl\/mystique-2400\/#breadcrumb\",\"itemListElement\":[{\"@type\":\"ListItem\",\"position\":1,\"item\":{\"@type\":\"WebPage\",\"@id\":\"https:\/\/www.calpe-diem.com\/pl\/\",\"url\":\"https:\/\/www.calpe-diem.com\/pl\/\",\"name\":\"Home\"}},{\"@type\":\"ListItem\",\"position\":2,\"item\":{\"@type\":\"WebPage\",\"@id\":\"https:\/\/www.calpe-diem.com\/pl\/mystique-2400\/\",\"url\":\"https:\/\/www.calpe-diem.com\/pl\/mystique-2400\/\",\"name\":\"Ebbtide Mystique 2400\"}}]}]}<\/script>\n<!-- \/ Yoast SEO plugin. -->","_links":{"self":[{"href":"https:\/\/www.calpe-diem.com\/pl\/wp-json\/wp\/v2\/pages\/1738\/"}],"collection":[{"href":"https:\/\/www.calpe-diem.com\/pl\/wp-json\/wp\/v2\/pages\/"}],"about":[{"href":"https:\/\/www.calpe-diem.com\/pl\/wp-json\/wp\/v2\/types\/page\/"}],"author":[{"embeddable":true,"href":"https:\/\/www.calpe-diem.com\/pl\/wp-json\/wp\/v2\/users\/6\/"}],"replies":[{"embeddable":true,"href":"https:\/\/www.calpe-diem.com\/pl\/wp-json\/wp\/v2\/comments\/?post=1738"}],"version-history":[{"count":19,"href":"https:\/\/www.calpe-diem.com\/pl\/wp-json\/wp\/v2\/pages\/1738\/revisions\/"}],"predecessor-version":[{"id":2988,"href":"https:\/\/www.calpe-diem.com\/pl\/wp-json\/wp\/v2\/pages\/1738\/revisions\/2988\/"}],"wp:attachment":[{"href":"https:\/\/www.calpe-diem.com\/pl\/wp-json\/wp\/v2\/media\/?parent=1738"}],"curies":[{"name":"wp","href":"https:\/\/api.w.org\/{rel}","templated":true}]}}