{"id":1744,"date":"2017-03-28T18:28:41","date_gmt":"2017-03-28T17:28:41","guid":{"rendered":"http:\/\/www.calpe-diem.com\/pl\/crowline-182\/"},"modified":"2018-03-30T20:42:54","modified_gmt":"2018-03-30T19:42:54","slug":"crowline-182","status":"publish","type":"page","link":"https:\/\/www.calpe-diem.com\/pl\/crowline-182\/","title":{"rendered":"Crowline 182"},"content":{"rendered":"<p>[vc_row][vc_column][vc_empty_space][vc_widget_sidebar sidebar_id=&#8221;sidebar-3&#8243;][vc_empty_space][vc_custom_heading text=&#8221;Crowline 182&#8243; font_container=&#8221;tag:h1|text_align:center&#8221; use_theme_fonts=&#8221;yes&#8221;][vc_empty_space height=&#8221;60px&#8221;][\/vc_column][\/vc_row][vc_row][vc_column width=&#8221;1\/2&#8243; css=&#8221;.vc_custom_1470409311171{border-top-width: 1px !important;border-right-width: 1px !important;border-bottom-width: 1px !important;border-left-width: 1px !important;padding-top: 5px !important;padding-right: 5px !important;padding-bottom: 5px !important;padding-left: 5px !important;border-left-color: #cccccc !important;border-left-style: solid !important;border-right-color: #cccccc !important;border-right-style: solid !important;border-top-color: #cccccc !important;border-top-style: solid !important;border-bottom-color: #cccccc !important;border-bottom-style: solid !important;}&#8221;][vc_custom_heading text=&#8221;Crowline 182&#8243; font_container=&#8221;tag:h2|text_align:center|color:%23ffffff&#8221; use_theme_fonts=&#8221;yes&#8221; css=&#8221;.vc_custom_1522340726208{padding-top: 4px !important;padding-right: 4px !important;padding-bottom: 4px !important;padding-left: 4px !important;background-color: #123672 !important;}&#8221;][vc_single_image image=&#8221;2638&#8243; img_size=&#8221;full&#8221; alignment=&#8221;center&#8221; onclick=&#8221;zoom&#8221; css_animation=&#8221;appear&#8221; lightbox=&#8221;yes&#8221;][vc_empty_space height=&#8221;20px&#8221;][\/vc_column][vc_column width=&#8221;1\/2&#8243;][vc_tta_tabs][vc_tta_section title=&#8221;Opis&#8221; tab_id=&#8221;1489051126212-02e5616c-a544&#8243;][vc_column_text]Crowline 182 br<\/p>\n<p>Dlugosc ;5,55m<\/p>\n<p>Szeroko\u015b\u0107; 2.05m<\/p>\n<p>Silnik\u00a0;Mercruiser\u00a0 \u00a0 220 km<\/p>\n<p>Maksymalna pr\u0119dko\u015b\u0107 ;90km\/h<\/p>\n<p>Miejsc ; 6 os\u00f3b[\/vc_column_text][\/vc_tta_section][vc_tta_section title=&#8221;Ceny&#8221; tab_id=&#8221;1489051126372-d6d1c890-ed53&#8243;][vc_column_text]<\/p>\n<table class=\"tg\">\n<tbody>\n<tr>\n<th class=\"tg-031e\"><\/th>\n<th class=\"tg-s45v\">Poza sezonem<\/th>\n<th class=\"tg-s45v\">W sezonie<\/th>\n<\/tr>\n<tr>\n<td class=\"tg-i8vp\">4 Godziny<\/td>\n<td class=\"tg-baqh\">300\u20ac<\/td>\n<td class=\"tg-baqh\">350\u20ac<\/td>\n<\/tr>\n<tr>\n<td class=\"tg-i8vp\">8 Godziny<\/td>\n<td class=\"tg-baqh\">450\u20ac<\/td>\n<td class=\"tg-baqh\">500\u20ac<\/td>\n<\/tr>\n<\/tbody>\n<\/table>\n<p>W sezonie: lipiec, sierpie\u0144, wrzesie\u0144<br \/>\nPoza sezonem: pa\u017adziernik, listopad, grudzie\u0144, stycze\u0144, luty, ,marzec,\u00a0kwiecie\u0144, maj, czerwiec<\/p>\n<p>* Cena bez paliwa<\/p>\n<p>Czyszczenie \u0142odzi\u00a0\u00a0&#8211; 30 \u20ac<\/p>\n<p>Kaucja\u00a0\u00a0\u00a0 &#8211;\u00a0\u00a0 700 \u20ac<\/p>\n<p>Skipper\u00a0\u00a0 &#8211;\u00a0\u00a0\u00a0\u00a0\u00a0 50 \u20ac[\/vc_column_text][\/vc_tta_section][vc_tta_section title=&#8221;Cechy&#8221; tab_id=&#8221;1490706806379-87d8c9a2-dbdd&#8221;][vc_column_text]<\/p>\n<table>\n<tbody>\n<tr>\n<td class=\"tg-031e\"><img class=\"alignnone size-full wp-image-1601\" alt=\"\" width=\"50\" height=\"50\" \/><\/p>\n<p>GPS<\/td>\n<td class=\"tg-031e\"><img class=\"alignnone size-full wp-image-1596\" alt=\"\" width=\"50\" height=\"50\" \/><\/p>\n<p>CD\/RADIO<\/td>\n<td class=\"tg-031e\"><img class=\"alignnone size-full wp-image-1602\" alt=\"\" width=\"50\" height=\"50\" \/><\/p>\n<p><strong>Drabinka<\/strong><\/td>\n<\/tr>\n<tr>\n<td class=\"tg-031e\">&nbsp;<\/p>\n<p>&nbsp;<\/td>\n<td class=\"tg-031e\"><\/td>\n<td class=\"tg-031e\"><\/td>\n<\/tr>\n<\/tbody>\n<\/table>\n<p>[\/vc_column_text][\/vc_tta_section][vc_tta_section title=&#8221;Zdjecia&#8221; tab_id=&#8221;1517844102946-bc0c1b29-453e&#8221;][vc_images_carousel images=&#8221;2642,1250,1251,1252&#8243; img_size=&#8221;full&#8221; onclick=&#8221;link_no&#8221; hide_pagination_control=&#8221;yes&#8221;][\/vc_tta_section][vc_tta_section title=&#8221;widoki&#8221; tab_id=&#8221;1517844104908-c1be7e0a-4487&#8243;][vc_images_carousel images=&#8221;835,834,833,832,831,830,829,828,827,826,825,824&#8243; img_size=&#8221;full&#8221; onclick=&#8221;link_no&#8221; autoplay=&#8221;yes&#8221; hide_pagination_control=&#8221;yes&#8221; title=&#8221;Widoki z \u0142odzi&#8221;][\/vc_tta_section][\/vc_tta_tabs][\/vc_column][\/vc_row][vc_row][vc_column][vc_empty_space][vc_widget_sidebar sidebar_id=&#8221;sidebar-2&#8243;][\/vc_column][\/vc_row][vc_row][vc_column][vc_empty_space][\/vc_column][\/vc_row][vc_column css=&#8221;.vc_custom_1469530415489{border-top-width: 2px !important;border-right-width: 2px !important;border-bottom-width: 2px !important;border-left-width: 2px !important;padding-top: 4px !important;padding-right: 4px !important;padding-bottom: 4px !important;padding-left: 4px !important;border-left-color: #096abf !important;border-left-style: solid !important;border-right-color: #096abf !important;border-right-style: solid !important;border-top-color: #096abf !important;border-top-style: solid !important;border-bottom-color: #096abf !important;border-bottom-style: solid !important;}&#8221;][\/vc_column]<\/p>\n","protected":false},"excerpt":{"rendered":"<p>[vc_row][vc_column][vc_empty_space][vc_widget_sidebar sidebar_id=&#8221;sidebar-3&#8243;][vc_empty_space][vc_custom_heading text=&#8221;Crowline 182&#8243; font_container=&#8221;tag:h1|text_align:center&#8221; use_theme_fonts=&#8221;yes&#8221;][vc_empty_space height=&#8221;60px&#8221;][\/vc_column][\/vc_row][vc_row][vc_column width=&#8221;1\/2&#8243; css=&#8221;.vc_custom_1470409311171{border-top-width: 1px !important;border-right-width: 1px !important;border-bottom-width: 1px !important;border-left-width: 1px !important;padding-top: 5px !important;padding-right: 5px !important;padding-bottom: 5px !important;padding-left: 5px !important;border-left-color: #cccccc !important;border-left-style: solid !important;border-right-color: #cccccc !important;border-right-style: solid !important;border-top-color: #cccccc !important;border-top-style: solid !important;border-bottom-color: #cccccc !important;border-bottom-style: solid !important;}&#8221;][vc_custom_heading text=&#8221;Crowline 182&#8243; font_container=&#8221;tag:h2|text_align:center|color:%23ffffff&#8221; use_theme_fonts=&#8221;yes&#8221; css=&#8221;.vc_custom_1522340726208{padding-top: 4px !important;padding-right: 4px !important;padding-bottom: 4px !important;padding-left: 4px !important;background-color: #123672 [&hellip;]<\/p>\n","protected":false},"author":6,"featured_media":0,"parent":0,"menu_order":0,"comment_status":"closed","ping_status":"closed","template":"","meta":{"_mi_skip_tracking":false,"_exactmetrics_sitenote_active":false,"_exactmetrics_sitenote_note":"","_exactmetrics_sitenote_category":0},"yoast_head":"<!-- This site is optimized with the Yoast SEO plugin v15.9.1 - https:\/\/yoast.com\/wordpress\/plugins\/seo\/ -->\n<title>Crowline 182 -<\/title>\n<meta name=\"robots\" content=\"index, follow, max-snippet:-1, max-image-preview:large, max-video-preview:-1\" \/>\n<link rel=\"canonical\" href=\"https:\/\/www.calpe-diem.com\/pl\/crowline-182\/\" \/>\n<meta property=\"og:locale\" content=\"pl_PL\" \/>\n<meta property=\"og:type\" content=\"article\" \/>\n<meta property=\"og:title\" content=\"Crowline 182 -\" \/>\n<meta property=\"og:description\" content=\"[vc_row][vc_column][vc_empty_space][vc_widget_sidebar sidebar_id=&#8221;sidebar-3&#8243;][vc_empty_space][vc_custom_heading text=&#8221;Crowline 182&#8243; font_container=&#8221;tag:h1|text_align:center&#8221; use_theme_fonts=&#8221;yes&#8221;][vc_empty_space height=&#8221;60px&#8221;][\/vc_column][\/vc_row][vc_row][vc_column width=&#8221;1\/2&#8243; css=&#8221;.vc_custom_1470409311171{border-top-width: 1px !important;border-right-width: 1px !important;border-bottom-width: 1px !important;border-left-width: 1px !important;padding-top: 5px !important;padding-right: 5px !important;padding-bottom: 5px !important;padding-left: 5px !important;border-left-color: #cccccc !important;border-left-style: solid !important;border-right-color: #cccccc !important;border-right-style: solid !important;border-top-color: #cccccc !important;border-top-style: solid !important;border-bottom-color: #cccccc !important;border-bottom-style: solid !important;}&#8221;][vc_custom_heading text=&#8221;Crowline 182&#8243; font_container=&#8221;tag:h2|text_align:center|color:%23ffffff&#8221; use_theme_fonts=&#8221;yes&#8221; css=&#8221;.vc_custom_1522340726208{padding-top: 4px !important;padding-right: 4px !important;padding-bottom: 4px !important;padding-left: 4px !important;background-color: #123672 [&hellip;]\" \/>\n<meta property=\"og:url\" content=\"https:\/\/www.calpe-diem.com\/pl\/crowline-182\/\" \/>\n<meta property=\"og:site_name\" content=\"Calpe Diem - Boat Rental in Calpe\" \/>\n<meta property=\"article:modified_time\" content=\"2018-03-30T19:42:54+00:00\" \/>\n<meta name=\"twitter:card\" content=\"summary\" \/>\n<meta name=\"twitter:label1\" content=\"Est. reading time\">\n\t<meta name=\"twitter:data1\" content=\"2 minutes\">\n<script type=\"application\/ld+json\" class=\"yoast-schema-graph\">{\"@context\":\"https:\/\/schema.org\",\"@graph\":[{\"@type\":\"WebSite\",\"@id\":\"https:\/\/www.calpe-diem.com\/#website\",\"url\":\"https:\/\/www.calpe-diem.com\/\",\"name\":\"Calpe Diem - Boat Rental in Calpe\",\"description\":\"Calpe Diem - Boat Rental in Calpe\",\"potentialAction\":[{\"@type\":\"SearchAction\",\"target\":\"https:\/\/www.calpe-diem.com\/?s={search_term_string}\",\"query-input\":\"required name=search_term_string\"}],\"inLanguage\":\"pl-PL\"},{\"@type\":\"WebPage\",\"@id\":\"https:\/\/www.calpe-diem.com\/pl\/crowline-182\/#webpage\",\"url\":\"https:\/\/www.calpe-diem.com\/pl\/crowline-182\/\",\"name\":\"Crowline 182 -\",\"isPartOf\":{\"@id\":\"https:\/\/www.calpe-diem.com\/#website\"},\"datePublished\":\"2017-03-28T17:28:41+00:00\",\"dateModified\":\"2018-03-30T19:42:54+00:00\",\"breadcrumb\":{\"@id\":\"https:\/\/www.calpe-diem.com\/pl\/crowline-182\/#breadcrumb\"},\"inLanguage\":\"pl-PL\",\"potentialAction\":[{\"@type\":\"ReadAction\",\"target\":[\"https:\/\/www.calpe-diem.com\/pl\/crowline-182\/\"]}]},{\"@type\":\"BreadcrumbList\",\"@id\":\"https:\/\/www.calpe-diem.com\/pl\/crowline-182\/#breadcrumb\",\"itemListElement\":[{\"@type\":\"ListItem\",\"position\":1,\"item\":{\"@type\":\"WebPage\",\"@id\":\"https:\/\/www.calpe-diem.com\/pl\/\",\"url\":\"https:\/\/www.calpe-diem.com\/pl\/\",\"name\":\"Home\"}},{\"@type\":\"ListItem\",\"position\":2,\"item\":{\"@type\":\"WebPage\",\"@id\":\"https:\/\/www.calpe-diem.com\/pl\/crowline-182\/\",\"url\":\"https:\/\/www.calpe-diem.com\/pl\/crowline-182\/\",\"name\":\"Crowline 182\"}}]}]}<\/script>\n<!-- \/ Yoast SEO plugin. -->","_links":{"self":[{"href":"https:\/\/www.calpe-diem.com\/pl\/wp-json\/wp\/v2\/pages\/1744\/"}],"collection":[{"href":"https:\/\/www.calpe-diem.com\/pl\/wp-json\/wp\/v2\/pages\/"}],"about":[{"href":"https:\/\/www.calpe-diem.com\/pl\/wp-json\/wp\/v2\/types\/page\/"}],"author":[{"embeddable":true,"href":"https:\/\/www.calpe-diem.com\/pl\/wp-json\/wp\/v2\/users\/6\/"}],"replies":[{"embeddable":true,"href":"https:\/\/www.calpe-diem.com\/pl\/wp-json\/wp\/v2\/comments\/?post=1744"}],"version-history":[{"count":21,"href":"https:\/\/www.calpe-diem.com\/pl\/wp-json\/wp\/v2\/pages\/1744\/revisions\/"}],"predecessor-version":[{"id":2646,"href":"https:\/\/www.calpe-diem.com\/pl\/wp-json\/wp\/v2\/pages\/1744\/revisions\/2646\/"}],"wp:attachment":[{"href":"https:\/\/www.calpe-diem.com\/pl\/wp-json\/wp\/v2\/media\/?parent=1744"}],"curies":[{"name":"wp","href":"https:\/\/api.w.org\/{rel}","templated":true}]}}