{"id":1751,"date":"2017-03-09T10:38:52","date_gmt":"2017-03-09T10:38:52","guid":{"rendered":"http:\/\/www.calpe-diem.com\/pl\/bayliner-285\/"},"modified":"2018-06-22T17:06:47","modified_gmt":"2018-06-22T16:06:47","slug":"bayliner-285","status":"publish","type":"page","link":"https:\/\/www.calpe-diem.com\/pl\/bayliner-285\/","title":{"rendered":"Bayliner 285"},"content":{"rendered":"<p>[vc_row][vc_column][vc_empty_space][vc_widget_sidebar sidebar_id=&#8221;sidebar-3&#8243;][vc_empty_space][vc_custom_heading text=&#8221;Bayliner 285&#8243; font_container=&#8221;tag:h1|text_align:center&#8221; use_theme_fonts=&#8221;yes&#8221;][vc_empty_space height=&#8221;60px&#8221;][\/vc_column][\/vc_row][vc_row][vc_column width=&#8221;1\/2&#8243; css=&#8221;.vc_custom_1470409311171{border-top-width: 1px !important;border-right-width: 1px !important;border-bottom-width: 1px !important;border-left-width: 1px !important;padding-top: 5px !important;padding-right: 5px !important;padding-bottom: 5px !important;padding-left: 5px !important;border-left-color: #cccccc !important;border-left-style: solid !important;border-right-color: #cccccc !important;border-right-style: solid !important;border-top-color: #cccccc !important;border-top-style: solid !important;border-bottom-color: #cccccc !important;border-bottom-style: solid !important;}&#8221;][vc_custom_heading text=&#8221;Bayliner 285&#8243; font_container=&#8221;tag:h2|text_align:center|color:%23ffffff&#8221; use_theme_fonts=&#8221;yes&#8221; css=&#8221;.vc_custom_1490718013997{padding-top: 4px !important;padding-right: 4px !important;padding-bottom: 4px !important;padding-left: 4px !important;background-color: #123672 !important;}&#8221;][vc_single_image image=&#8221;2829&#8243; img_size=&#8221;full&#8221; alignment=&#8221;center&#8221; onclick=&#8221;zoom&#8221; css_animation=&#8221;appear&#8221; lightbox=&#8221;yes&#8221;][vc_empty_space height=&#8221;20px&#8221;][\/vc_column][vc_column width=&#8221;1\/2&#8243;][vc_tta_tabs][vc_tta_section title=&#8221;Opis&#8221; tab_id=&#8221;1489051126212-02e5616c-a544&#8243;][vc_column_text]<\/p>\n<div>BAYLINER 285<\/div>\n<div><\/div>\n<div>Dlugosc : 9.2m<br \/>\nSzerokosc: 3m<br \/>\nSilnik : Mercruiser 350<br \/>\nMiejsc : 10 os\u00f3b<\/div>\n<div><\/div>\n<div><\/div>\n<div>Luksusowy\u00a0jacht motorowy na czarter\u00a0\u00a0kr\u00f3tkoterminowy (od 1\/2 dnia- 4 lub 8 godz.) lub d\u0142ugoterminowe (tydzien).<\/div>\n<div>\u00a0jacht zosta\u0142 specjalnie wyprodukowany, aby zapewni\u0107 jak najwi\u0119kszy komfort, przyjemno\u015b\u0107 i bezpiecze\u0144stwo na wodzie.<br \/>\n\u0141\u00f3d\u017a wyposa\u017cona jest we wszystko, co potrzebne do komfortowego wypoczynku: aneks kuchenny z piekarnikiem, ma\u0142a lod\u00f3wka z zamra\u017cark\u0105, kuchenka mikrofalowa, klimatyzacja, ciep\u0142a woda, sztu\u0107ce i serwis dla 6 os\u00f3b. Toaleta i prysznic. Bardzo przestronny i s\u0142oneczny salon ze sto\u0142em zaprojektowanym prostopadle do du\u017cego okna i pozwala cieszy\u0107 si\u0119 pi\u0119knym widokiem na morze podczas relaksu w \u015brodku lub zjedzenia posi\u0142ku.Korzystanie z po\u015bcieli, r\u0119cznik\u00f3w i zestaw\u00f3w do snorkelingu jest wliczone w cen\u0119 czarteru tygodniowego. Kryty kokpit pozwala cieszy\u0107 si\u0119 ka\u017cd\u0105 minut\u0105 na morzu, zapewniaj\u0105c wystarczaj\u0105c\u0105 cie\u0144 w najgor\u0119tszych godzinach.<\/div>\n<p>[\/vc_column_text][\/vc_tta_section][vc_tta_section title=&#8221;Ceny&#8221; tab_id=&#8221;1489051126372-d6d1c890-ed53&#8243;][vc_column_text]<\/p>\n<table>\n<tbody>\n<tr>\n<th><\/th>\n<th>Poza sezonem<\/th>\n<th>W sezonie<\/th>\n<\/tr>\n<tr>\n<td>4 Godziny<\/td>\n<td>350\u20ac<\/td>\n<td>400\u20ac<\/td>\n<\/tr>\n<tr>\n<td>8 Godziny<\/td>\n<td>500\u20ac<\/td>\n<td>600\u20ac<\/td>\n<\/tr>\n<tr>\n<td>7 Dni<\/td>\n<td>3200\u20ac<\/td>\n<td>3800\u20ac<\/td>\n<\/tr>\n<\/tbody>\n<\/table>\n<p>W sezonie : lipiec, sierpie\u0144, wrzesie\u0144<br \/>\nPoza sezonem: pazdziernik, listopad, grudzien, styczen, luty, marzec, kwiecie\u0144, maj, czerwiec<\/p>\n<p>* Paliwo nie wliczone w cene<\/p>\n<p>Czyszczenie \u0142odzi &#8211;\u00a030 \u20ac<\/p>\n<p>Kaucja\u00a0\u00a0\u00a0\u00a0\u00a0\u00a0 &#8211;\u00a0\u00a0\u00a0\u00a0\u00a0 1000 \u20ac<\/p>\n<p>Skipper\u00a0\u00a0\u00a0\u00a0 &#8211;<\/p>\n<p>4 godziny 60\u20ac<\/p>\n<p>8 godzin -120\u20ac[\/vc_column_text][\/vc_tta_section][vc_tta_section title=&#8221;Cechy&#8221; tab_id=&#8221;1490706806379-87d8c9a2-dbdd&#8221;][vc_column_text]<\/p>\n<table class=\"tg\">\n<tbody>\n<tr>\n<th class=\"tg-031e\"><img class=\"alignnone size-medium wp-image-1601\" alt=\"\" width=\"50\" height=\"50\" \/><\/p>\n<p>GPS<\/th>\n<th class=\"tg-031e\">\u00a0<img class=\"alignnone size-medium wp-image-1598\" alt=\"\" width=\"50\" height=\"50\" \/><\/p>\n<p>RADIO<\/th>\n<th class=\"tg-031e\">\u00a0<img class=\"alignnone size-full wp-image-1656\" alt=\"\" width=\"50\" height=\"50\" \/><\/p>\n<p>Glebokosciomierz<\/th>\n<\/tr>\n<tr>\n<td class=\"tg-031e\">\u00a0<img class=\"alignnone size-medium wp-image-1596\" alt=\"\" width=\"50\" height=\"50\" \/><\/p>\n<p>CD\/RADIO<\/td>\n<td class=\"tg-031e\">\u00a0<img class=\"alignnone size-full wp-image-1602\" alt=\"\" width=\"50\" height=\"50\" \/><\/p>\n<p><strong>Drabinka<\/strong><\/td>\n<td class=\"tg-031e\">\u00a0<img class=\"alignnone size-medium wp-image-1595\" alt=\"\" width=\"50\" height=\"50\" \/><\/p>\n<p><strong>Daszek przeciwsloneczny<\/strong><\/td>\n<\/tr>\n<tr>\n<td class=\"tg-031e\"><strong>\u00a0<img class=\"alignnone size-medium wp-image-1600\" alt=\"\" width=\"50\" height=\"50\" \/><\/strong><\/p>\n<p><strong>Prysznic<\/strong><\/td>\n<td class=\"tg-031e\"><strong>\u00a0<img class=\"alignnone size-medium wp-image-1599\" alt=\"\" width=\"50\" height=\"50\" \/><\/strong><\/p>\n<p><strong>toaleta<\/strong><\/td>\n<td class=\"tg-031e\"><strong>\u00a0<img class=\"alignnone size-full wp-image-1591\" alt=\"\" width=\"50\" height=\"50\" \/><\/strong><\/p>\n<p><strong>Klimatyzacja<\/strong><\/td>\n<\/tr>\n<tr>\n<td class=\"tg-031e\"><img class=\"alignnone size-medium wp-image-1594\" alt=\"\" width=\"50\" height=\"50\" \/><\/p>\n<p><strong>Lodowka<\/strong><\/td>\n<td class=\"tg-031e\"><img class=\"alignnone size-medium wp-image-1592\" alt=\"\" width=\"50\" height=\"50\" \/><\/p>\n<p><strong>Piekarnik<\/strong><\/td>\n<td class=\"tg-031e\">\u00a0<img class=\"alignnone size-medium wp-image-1593\" alt=\"\" width=\"50\" height=\"50\" \/><\/p>\n<p><strong>Mikrofalowka<\/strong><\/td>\n<\/tr>\n<\/tbody>\n<\/table>\n<p>[\/vc_column_text][\/vc_tta_section][vc_tta_section title=&#8221;Zdjecia&#8221; tab_id=&#8221;1517912205499-9c382498-8205&#8243;][vc_images_carousel images=&#8221;818,821,819,812,816,811,815,814,813,2622,2626&#8243; img_size=&#8221;full&#8221; onclick=&#8221;link_no&#8221; hide_pagination_control=&#8221;yes&#8221; title=&#8221;More photos&#8221;][\/vc_tta_section][vc_tta_section title=&#8221;Widoki&#8221; tab_id=&#8221;1517912212340-13c035d3-98a7&#8243;][vc_images_carousel images=&#8221;835,834,833,832,831,830,829,828,827,826,825,824&#8243; img_size=&#8221;full&#8221; onclick=&#8221;link_no&#8221; autoplay=&#8221;yes&#8221; hide_pagination_control=&#8221;yes&#8221; title=&#8221;Views from the boat&#8221;][\/vc_tta_section][\/vc_tta_tabs][\/vc_column][\/vc_row][vc_row][vc_column][vc_empty_space][vc_widget_sidebar sidebar_id=&#8221;sidebar-2&#8243;][\/vc_column][\/vc_row][vc_row][vc_column][vc_empty_space][\/vc_column][\/vc_row][vc_column css=&#8221;.vc_custom_1469530415489{border-top-width: 2px !important;border-right-width: 2px !important;border-bottom-width: 2px !important;border-left-width: 2px !important;padding-top: 4px !important;padding-right: 4px !important;padding-bottom: 4px !important;padding-left: 4px !important;border-left-color: #096abf !important;border-left-style: solid !important;border-right-color: #096abf !important;border-right-style: solid !important;border-top-color: #096abf !important;border-top-style: solid !important;border-bottom-color: #096abf !important;border-bottom-style: solid !important;}&#8221;][\/vc_column]<\/p>\n","protected":false},"excerpt":{"rendered":"<p>[vc_row][vc_column][vc_empty_space][vc_widget_sidebar sidebar_id=&#8221;sidebar-3&#8243;][vc_empty_space][vc_custom_heading text=&#8221;Bayliner 285&#8243; font_container=&#8221;tag:h1|text_align:center&#8221; use_theme_fonts=&#8221;yes&#8221;][vc_empty_space height=&#8221;60px&#8221;][\/vc_column][\/vc_row][vc_row][vc_column width=&#8221;1\/2&#8243; css=&#8221;.vc_custom_1470409311171{border-top-width: 1px !important;border-right-width: 1px !important;border-bottom-width: 1px !important;border-left-width: 1px !important;padding-top: 5px !important;padding-right: 5px !important;padding-bottom: 5px !important;padding-left: 5px !important;border-left-color: #cccccc !important;border-left-style: solid !important;border-right-color: #cccccc !important;border-right-style: solid !important;border-top-color: #cccccc !important;border-top-style: solid !important;border-bottom-color: #cccccc !important;border-bottom-style: solid !important;}&#8221;][vc_custom_heading text=&#8221;Bayliner 285&#8243; font_container=&#8221;tag:h2|text_align:center|color:%23ffffff&#8221; use_theme_fonts=&#8221;yes&#8221; css=&#8221;.vc_custom_1490718013997{padding-top: 4px !important;padding-right: 4px !important;padding-bottom: 4px !important;padding-left: 4px !important;background-color: #123672 [&hellip;]<\/p>\n","protected":false},"author":6,"featured_media":0,"parent":0,"menu_order":0,"comment_status":"closed","ping_status":"closed","template":"","meta":{"_mi_skip_tracking":false,"_exactmetrics_sitenote_active":false,"_exactmetrics_sitenote_note":"","_exactmetrics_sitenote_category":0},"yoast_head":"<!-- This site is optimized with the Yoast SEO plugin v15.9.1 - https:\/\/yoast.com\/wordpress\/plugins\/seo\/ -->\n<title>Bayliner 285 -<\/title>\n<meta name=\"robots\" content=\"index, follow, max-snippet:-1, max-image-preview:large, max-video-preview:-1\" \/>\n<link rel=\"canonical\" href=\"https:\/\/www.calpe-diem.com\/pl\/bayliner-285\/\" \/>\n<meta property=\"og:locale\" content=\"pl_PL\" \/>\n<meta property=\"og:type\" content=\"article\" \/>\n<meta property=\"og:title\" content=\"Bayliner 285 -\" \/>\n<meta property=\"og:description\" content=\"[vc_row][vc_column][vc_empty_space][vc_widget_sidebar sidebar_id=&#8221;sidebar-3&#8243;][vc_empty_space][vc_custom_heading text=&#8221;Bayliner 285&#8243; font_container=&#8221;tag:h1|text_align:center&#8221; use_theme_fonts=&#8221;yes&#8221;][vc_empty_space height=&#8221;60px&#8221;][\/vc_column][\/vc_row][vc_row][vc_column width=&#8221;1\/2&#8243; css=&#8221;.vc_custom_1470409311171{border-top-width: 1px !important;border-right-width: 1px !important;border-bottom-width: 1px !important;border-left-width: 1px !important;padding-top: 5px !important;padding-right: 5px !important;padding-bottom: 5px !important;padding-left: 5px !important;border-left-color: #cccccc !important;border-left-style: solid !important;border-right-color: #cccccc !important;border-right-style: solid !important;border-top-color: #cccccc !important;border-top-style: solid !important;border-bottom-color: #cccccc !important;border-bottom-style: solid !important;}&#8221;][vc_custom_heading text=&#8221;Bayliner 285&#8243; font_container=&#8221;tag:h2|text_align:center|color:%23ffffff&#8221; use_theme_fonts=&#8221;yes&#8221; css=&#8221;.vc_custom_1490718013997{padding-top: 4px !important;padding-right: 4px !important;padding-bottom: 4px !important;padding-left: 4px !important;background-color: #123672 [&hellip;]\" \/>\n<meta property=\"og:url\" content=\"https:\/\/www.calpe-diem.com\/pl\/bayliner-285\/\" \/>\n<meta property=\"og:site_name\" content=\"Calpe Diem - Boat Rental in Calpe\" \/>\n<meta property=\"article:modified_time\" content=\"2018-06-22T16:06:47+00:00\" \/>\n<meta name=\"twitter:card\" content=\"summary\" \/>\n<meta name=\"twitter:label1\" content=\"Est. reading time\">\n\t<meta name=\"twitter:data1\" content=\"3 minutes\">\n<script type=\"application\/ld+json\" class=\"yoast-schema-graph\">{\"@context\":\"https:\/\/schema.org\",\"@graph\":[{\"@type\":\"WebSite\",\"@id\":\"https:\/\/www.calpe-diem.com\/#website\",\"url\":\"https:\/\/www.calpe-diem.com\/\",\"name\":\"Calpe Diem - Boat Rental in Calpe\",\"description\":\"Calpe Diem - Boat Rental in Calpe\",\"potentialAction\":[{\"@type\":\"SearchAction\",\"target\":\"https:\/\/www.calpe-diem.com\/?s={search_term_string}\",\"query-input\":\"required name=search_term_string\"}],\"inLanguage\":\"pl-PL\"},{\"@type\":\"WebPage\",\"@id\":\"https:\/\/www.calpe-diem.com\/pl\/bayliner-285\/#webpage\",\"url\":\"https:\/\/www.calpe-diem.com\/pl\/bayliner-285\/\",\"name\":\"Bayliner 285 -\",\"isPartOf\":{\"@id\":\"https:\/\/www.calpe-diem.com\/#website\"},\"datePublished\":\"2017-03-09T10:38:52+00:00\",\"dateModified\":\"2018-06-22T16:06:47+00:00\",\"breadcrumb\":{\"@id\":\"https:\/\/www.calpe-diem.com\/pl\/bayliner-285\/#breadcrumb\"},\"inLanguage\":\"pl-PL\",\"potentialAction\":[{\"@type\":\"ReadAction\",\"target\":[\"https:\/\/www.calpe-diem.com\/pl\/bayliner-285\/\"]}]},{\"@type\":\"BreadcrumbList\",\"@id\":\"https:\/\/www.calpe-diem.com\/pl\/bayliner-285\/#breadcrumb\",\"itemListElement\":[{\"@type\":\"ListItem\",\"position\":1,\"item\":{\"@type\":\"WebPage\",\"@id\":\"https:\/\/www.calpe-diem.com\/pl\/\",\"url\":\"https:\/\/www.calpe-diem.com\/pl\/\",\"name\":\"Home\"}},{\"@type\":\"ListItem\",\"position\":2,\"item\":{\"@type\":\"WebPage\",\"@id\":\"https:\/\/www.calpe-diem.com\/pl\/bayliner-285\/\",\"url\":\"https:\/\/www.calpe-diem.com\/pl\/bayliner-285\/\",\"name\":\"Bayliner 285\"}}]}]}<\/script>\n<!-- \/ Yoast SEO plugin. -->","_links":{"self":[{"href":"https:\/\/www.calpe-diem.com\/pl\/wp-json\/wp\/v2\/pages\/1751\/"}],"collection":[{"href":"https:\/\/www.calpe-diem.com\/pl\/wp-json\/wp\/v2\/pages\/"}],"about":[{"href":"https:\/\/www.calpe-diem.com\/pl\/wp-json\/wp\/v2\/types\/page\/"}],"author":[{"embeddable":true,"href":"https:\/\/www.calpe-diem.com\/pl\/wp-json\/wp\/v2\/users\/6\/"}],"replies":[{"embeddable":true,"href":"https:\/\/www.calpe-diem.com\/pl\/wp-json\/wp\/v2\/comments\/?post=1751"}],"version-history":[{"count":19,"href":"https:\/\/www.calpe-diem.com\/pl\/wp-json\/wp\/v2\/pages\/1751\/revisions\/"}],"predecessor-version":[{"id":2877,"href":"https:\/\/www.calpe-diem.com\/pl\/wp-json\/wp\/v2\/pages\/1751\/revisions\/2877\/"}],"wp:attachment":[{"href":"https:\/\/www.calpe-diem.com\/pl\/wp-json\/wp\/v2\/media\/?parent=1751"}],"curies":[{"name":"wp","href":"https:\/\/api.w.org\/{rel}","templated":true}]}}