{"id":1760,"date":"2015-02-24T09:30:02","date_gmt":"2015-02-24T09:30:02","guid":{"rendered":"http:\/\/www.calpe-diem.com\/pl\/home\/"},"modified":"2021-01-27T14:39:57","modified_gmt":"2021-01-27T14:39:57","slug":"home","status":"publish","type":"page","link":"https:\/\/www.calpe-diem.com\/pl\/","title":{"rendered":"Strona g\u0142\u00f3wna"},"content":{"rendered":"<p>[vc_row width_100=&#8221;yes&#8221; parallax_speed=&#8221;4&#8243; parallax_x=&#8221;4&#8243; parallax_y=&#8221;4&#8243;][vc_column][rev_slider_vc alias=&#8221;homepage&#8221;][vc_empty_space height=&#8221;50px&#8221;][\/vc_column][\/vc_row][vc_row][vc_column width=&#8221;1\/4&#8243;][vc_single_image image=&#8221;3003&#8243; img_size=&#8221;200&#215;100&#8243; onclick=&#8221;custom_link&#8221; img_link_target=&#8221;_blank&#8221; css_animation=&#8221;zoomIn&#8221; link=&#8221;https:\/\/cdnautica.es\/es\/&#8221;][\/vc_column][vc_column width=&#8221;3\/4&#8243;][vc_column_text]<\/p>\n<h3 style=\"text-align: center;\">Witamy w wypo\u017cyczalni \u0142odzi Calpe Diem podczas wakacji w Altei, Calpe lub okolicznych miastach na Costa Blanca w Hiszpanii.<\/h3>\n<p>[\/vc_column_text][\/vc_column][\/vc_row][vc_row parallax_speed=&#8221;4&#8243; parallax_x=&#8221;4&#8243; parallax_y=&#8221;4&#8243; css=&#8221;.vc_custom_1467026603320{padding-top: 50px !important;padding-bottom: 50px !important;background-color: #ffffff !important;background-position: 0 0 !important;background-repeat: repeat !important;}&#8221;][vc_column][vc_custom_heading text=&#8221;\u0141odzie&#8221; font_container=&#8221;tag:h1|text_align:center|color:%230f3270&#8243; use_theme_fonts=&#8221;yes&#8221; link=&#8221;url:http%3A%2F%2Fwww.calpe-diem.com%2Fpl%2Fmotorboat%2F|&#8221;][vc_row_inner][vc_column_inner width=&#8221;1\/2&#8243;][vc_images_carousel images=&#8221;2149,2553,2662,2642&#8243; img_size=&#8221;full&#8221; autoplay=&#8221;yes&#8221; wrap=&#8221;yes&#8221; css_animation=&#8221;fadeInDown&#8221;][\/vc_column_inner][vc_column_inner width=&#8221;1\/2&#8243;][vc_images_carousel images=&#8221;2690,1230,2176,2694&#8243; img_size=&#8221;full&#8221; autoplay=&#8221;yes&#8221; wrap=&#8221;yes&#8221; css_animation=&#8221;fadeInDown&#8221;][\/vc_column_inner][\/vc_row_inner][\/vc_column][\/vc_row][vc_row][vc_column][vc_empty_space height=&#8221;10px&#8221;][\/vc_column][\/vc_row][vc_row][vc_column width=&#8221;1\/2&#8243;][vc_column_text]Wynajem \u0142odzi\u00a0 w Altea i Calpe<\/p>\n<p>Witamy na naszej stronie internetowej.<br \/>\nJe\u015bli planujesz wakacje i chcesz co\u015b specjalnego i ekscytuj\u0105cego, nasz zesp\u00f3\u0142 ch\u0119tnie pomo\u017ce.<\/p>\n<p>Oferujemy mo\u017cliwo\u015b\u0107 wynaj\u0119cia pi\u0119knej willi w Calpe i \u0142odzi motorowych,<br \/>\naby cieszy\u0107 si\u0119 niesamowit\u0105 sceneri\u0105 Costa Blanca; Calpe \/ Altea-Mascarat \/ Benidorm \/ Moraira na Morzu \u015ar\u00f3dziemnym.<br \/>\nCalpe Diem to czarter \u0142odzi motorowych na kr\u00f3tkoterminowe (od 1\/2 dnia- 4 lub 8 godz.) lub d\u0142ugoterminowe (tydzien).<br \/>\nMo\u017cliwe jest r\u00f3wnie\u017c czarterowanie na Ibiza i wyspe Formentera .<\/p>\n<p>[\/vc_column_text][\/vc_column][vc_column width=&#8221;1\/2&#8243;][vc_column_text]<span class=\"copycode\"><iframe  id=\"_ytid_38154\"  width=\"480\" height=\"270\"  data-origwidth=\"480\" data-origheight=\"270\" src=\"https:\/\/www.youtube.com\/embed\/4GJzwJk5EBI?enablejsapi=1&autoplay=1&cc_load_policy=0&cc_lang_pref=&iv_load_policy=1&loop=1&playlist=4GJzwJk5EBI&modestbranding=0&rel=0&fs=1&playsinline=0&autohide=2&theme=dark&color=red&controls=1&\" class=\"__youtube_prefs__  no-lazyload\" title=\"YouTube player\"  allow=\"accelerometer; autoplay; clipboard-write; encrypted-media; gyroscope; picture-in-picture\" allowfullscreen data-no-lazy=\"1\" data-skipgform_ajax_framebjll=\"\"><\/iframe><\/span>[\/vc_column_text][\/vc_column][\/vc_row][vc_row][vc_column][vc_column_text]Wspania\u0142e miejsce Costa Blanca, w kt\u00f3rym si\u0119 znajdujemy, Puerto Deportivo Luis Campomanes \u2013 Marina Greenwich w Altea-Mascarat,<br \/>\ns\u0142ynne jest nie tylko przez 300 dni s\u0142o\u0144ca i \u015bredniej temperaturze powy\u017cej 20 stopni od kwietnia do grudnia,<br \/>\nale r\u00f3wnie\u017c\u00a0 pi\u0119kne jaskinie, zatoczki, z\u0142ote piaszczyste pla\u017ce, malownicze ska\u0142y i turkusowa woda.<br \/>\nW sumie sprawia to \u017ce miejsce jest idealne na to, \u017ceby cieszyc si\u0119 na wodzie.<\/p>\n<p>Z naszej floty jeste\u015bmy w stanie zaoferowa\u0107 Pa\u0144stwu \u0142odzie i jachty dla pary lub rodziny,<br \/>\ngrupy przyjaci\u00f3\u0142 lub kogo\u015b, kto chce sp\u0119dzi\u0107 troch\u0119 czasu tylko na towarzystwie morza.<br \/>\nB\u0119dziemy szcz\u0119\u015bliwi, \u017ce zapewnimy Pa\u0144stwu wszystko, co potrzebne do komfortowego i niezwyk\u0142ego wypoczynku,<br \/>\nda\u0107 sugestie dotycz\u0105ce tras wycieczkowych i zaoferowa\u0107 dodatkowy sprz\u0119t do zabawy na wodzie!<\/p>\n<p>Nasza wypo\u017cyczalnia oferuje szereg konkurencyjnych pakiet\u00f3w, kt\u00f3re spe\u0142niaj\u0105 r\u00f3\u017cne potrzeby,<br \/>\na elastyczno\u015b\u0107 b\u0119dzie oferowana w miar\u0119 mo\u017cliwo\u015bci.<br \/>\nIstnieje r\u00f3wnie\u017c okazja do zaoferowania na \u017cyczenie klienta specjalnego pakietu (I.E. transfer z i do hotelu itp.).<\/p>\n<p>Nie ma potrzeby posiadania licencji na wypo\u017cyczanie malej \u0142odzi w Hiszpanii. Ludzie mog\u0105 plywac \u0142odzi\u0105 z silnikiem o mocy do 15 KM<br \/>\n(wi\u0119cej ni\u017c wystarczaj\u0105c\u0105 moc dla tego typu \u0142odzi) bez konieczno\u015bci posiadania licencji.<br \/>\nAlternatywnie, \u0142odzie mo\u017cna wynaj\u0105\u0107 razem z kierowc\u0105 (kapitanem), kt\u00f3ry poka\u017ce najlepsze miejsca<br \/>\naby mo\u017cna by\u0142o zrelaksowa\u0107 si\u0119 z przyjaci\u00f3\u0142mi lud rodzin\u0105.<\/p>\n<p>Wi\u0119c nie wahaj si\u0119 z nami skontaktowa\u0107 i do\u0142o\u017cymy wszelkich stara\u0144, aby zapewni\u0107 niezapomniane wra\u017cenia![\/vc_column_text][vc_empty_space][\/vc_column][\/vc_row]<\/p>\n","protected":false},"excerpt":{"rendered":"<p>[vc_row width_100=&#8221;yes&#8221; parallax_speed=&#8221;4&#8243; parallax_x=&#8221;4&#8243; parallax_y=&#8221;4&#8243;][vc_column][rev_slider_vc alias=&#8221;homepage&#8221;][vc_empty_space height=&#8221;50px&#8221;][\/vc_column][\/vc_row][vc_row][vc_column width=&#8221;1\/4&#8243;][vc_single_image image=&#8221;3003&#8243; img_size=&#8221;200&#215;100&#8243; onclick=&#8221;custom_link&#8221; img_link_target=&#8221;_blank&#8221; css_animation=&#8221;zoomIn&#8221; link=&#8221;https:\/\/cdnautica.es\/es\/&#8221;][\/vc_column][vc_column width=&#8221;3\/4&#8243;][vc_column_text] Witamy w wypo\u017cyczalni \u0142odzi Calpe Diem podczas wakacji w Altei, Calpe lub okolicznych miastach na Costa Blanca w Hiszpanii. [\/vc_column_text][\/vc_column][\/vc_row][vc_row parallax_speed=&#8221;4&#8243; parallax_x=&#8221;4&#8243; parallax_y=&#8221;4&#8243; css=&#8221;.vc_custom_1467026603320{padding-top: 50px !important;padding-bottom: 50px !important;background-color: #ffffff !important;background-position: 0 0 !important;background-repeat: repeat !important;}&#8221;][vc_column][vc_custom_heading text=&#8221;\u0141odzie&#8221; font_container=&#8221;tag:h1|text_align:center|color:%230f3270&#8243; use_theme_fonts=&#8221;yes&#8221; link=&#8221;url:http%3A%2F%2Fwww.calpe-diem.com%2Fpl%2Fmotorboat%2F|&#8221;][vc_row_inner][vc_column_inner width=&#8221;1\/2&#8243;][vc_images_carousel [&hellip;]<\/p>\n","protected":false},"author":6,"featured_media":0,"parent":0,"menu_order":0,"comment_status":"open","ping_status":"open","template":"templates\/page-fullwidth.php","meta":{"_mi_skip_tracking":false,"_exactmetrics_sitenote_active":false,"_exactmetrics_sitenote_note":"","_exactmetrics_sitenote_category":0},"yoast_head":"<!-- This site is optimized with the Yoast SEO plugin v15.9.1 - https:\/\/yoast.com\/wordpress\/plugins\/seo\/ -->\n<title>Boat Rental in Calpe and Altea Costa Blanca Spain available<\/title>\n<meta name=\"description\" content=\"Planning your vacation and want to do something special? Providing you boat rental to enjoy the amazing scenery of the Costa Blanca.\" \/>\n<meta name=\"robots\" content=\"index, follow, max-snippet:-1, max-image-preview:large, max-video-preview:-1\" \/>\n<link rel=\"canonical\" href=\"https:\/\/www.calpe-diem.com\/pl\/\" \/>\n<meta property=\"og:locale\" content=\"pl_PL\" \/>\n<meta property=\"og:type\" content=\"article\" \/>\n<meta property=\"og:title\" content=\"Boat Rental in Calpe and Altea Costa Blanca Spain available\" \/>\n<meta property=\"og:description\" content=\"Planning your vacation and want to do something special? Providing you boat rental to enjoy the amazing scenery of the Costa Blanca.\" \/>\n<meta property=\"og:url\" content=\"https:\/\/www.calpe-diem.com\/pl\/\" \/>\n<meta property=\"og:site_name\" content=\"Calpe Diem - Boat Rental in Calpe\" \/>\n<meta property=\"article:modified_time\" content=\"2021-01-27T14:39:57+00:00\" \/>\n<meta name=\"twitter:card\" content=\"summary\" \/>\n<meta name=\"twitter:label1\" content=\"Est. reading time\">\n\t<meta name=\"twitter:data1\" content=\"3 minutes\">\n<script type=\"application\/ld+json\" class=\"yoast-schema-graph\">{\"@context\":\"https:\/\/schema.org\",\"@graph\":[{\"@type\":\"WebSite\",\"@id\":\"https:\/\/www.calpe-diem.com\/#website\",\"url\":\"https:\/\/www.calpe-diem.com\/\",\"name\":\"Calpe Diem - Boat Rental in Calpe\",\"description\":\"Calpe Diem - Boat Rental in Calpe\",\"potentialAction\":[{\"@type\":\"SearchAction\",\"target\":\"https:\/\/www.calpe-diem.com\/?s={search_term_string}\",\"query-input\":\"required name=search_term_string\"}],\"inLanguage\":\"pl-PL\"},{\"@type\":\"WebPage\",\"@id\":\"https:\/\/www.calpe-diem.com\/pl\/#webpage\",\"url\":\"https:\/\/www.calpe-diem.com\/pl\/\",\"name\":\"Boat Rental in Calpe and Altea Costa Blanca Spain available\",\"isPartOf\":{\"@id\":\"https:\/\/www.calpe-diem.com\/#website\"},\"datePublished\":\"2015-02-24T09:30:02+00:00\",\"dateModified\":\"2021-01-27T14:39:57+00:00\",\"description\":\"Planning your vacation and want to do something special? Providing you boat rental to enjoy the amazing scenery of the Costa Blanca.\",\"breadcrumb\":{\"@id\":\"https:\/\/www.calpe-diem.com\/pl\/#breadcrumb\"},\"inLanguage\":\"pl-PL\",\"potentialAction\":[{\"@type\":\"ReadAction\",\"target\":[\"https:\/\/www.calpe-diem.com\/pl\/\"]}]},{\"@type\":\"BreadcrumbList\",\"@id\":\"https:\/\/www.calpe-diem.com\/pl\/#breadcrumb\",\"itemListElement\":[{\"@type\":\"ListItem\",\"position\":1,\"item\":{\"@type\":\"WebPage\",\"@id\":\"https:\/\/www.calpe-diem.com\/pl\/\",\"url\":\"https:\/\/www.calpe-diem.com\/pl\/\",\"name\":\"Home\"}},{\"@type\":\"ListItem\",\"position\":2,\"item\":{\"@type\":\"WebPage\",\"@id\":\"https:\/\/www.calpe-diem.com\/pl\/\",\"url\":\"https:\/\/www.calpe-diem.com\/pl\/\",\"name\":\"Strona g\\u0142\\u00f3wna\"}}]}]}<\/script>\n<!-- \/ Yoast SEO plugin. -->","_links":{"self":[{"href":"https:\/\/www.calpe-diem.com\/pl\/wp-json\/wp\/v2\/pages\/1760\/"}],"collection":[{"href":"https:\/\/www.calpe-diem.com\/pl\/wp-json\/wp\/v2\/pages\/"}],"about":[{"href":"https:\/\/www.calpe-diem.com\/pl\/wp-json\/wp\/v2\/types\/page\/"}],"author":[{"embeddable":true,"href":"https:\/\/www.calpe-diem.com\/pl\/wp-json\/wp\/v2\/users\/6\/"}],"replies":[{"embeddable":true,"href":"https:\/\/www.calpe-diem.com\/pl\/wp-json\/wp\/v2\/comments\/?post=1760"}],"version-history":[{"count":32,"href":"https:\/\/www.calpe-diem.com\/pl\/wp-json\/wp\/v2\/pages\/1760\/revisions\/"}],"predecessor-version":[{"id":3020,"href":"https:\/\/www.calpe-diem.com\/pl\/wp-json\/wp\/v2\/pages\/1760\/revisions\/3020\/"}],"wp:attachment":[{"href":"https:\/\/www.calpe-diem.com\/pl\/wp-json\/wp\/v2\/media\/?parent=1760"}],"curies":[{"name":"wp","href":"https:\/\/api.w.org\/{rel}","templated":true}]}}