{"id":3050,"date":"2021-07-16T13:10:35","date_gmt":"2021-07-16T12:10:35","guid":{"rendered":"https:\/\/www.calpe-diem.com\/karma\/"},"modified":"2022-06-08T05:31:23","modified_gmt":"2022-06-08T04:31:23","slug":"karma","status":"publish","type":"page","link":"https:\/\/www.calpe-diem.com\/pl\/karma\/","title":{"rendered":"Karma"},"content":{"rendered":"<p>[vc_row][vc_column][vc_empty_space][vc_widget_sidebar sidebar_id=&#8221;sidebar-3&#8243;][vc_widget_sidebar sidebar_id=&#8221;sidebar-4&#8243;][vc_empty_space height=&#8221;80px&#8221;][\/vc_column][\/vc_row][vc_row][vc_column width=&#8221;1\/2&#8243; css=&#8221;.vc_custom_1470409311171{border-top-width: 1px !important;border-right-width: 1px !important;border-bottom-width: 1px !important;border-left-width: 1px !important;padding-top: 5px !important;padding-right: 5px !important;padding-bottom: 5px !important;padding-left: 5px !important;border-left-color: #cccccc !important;border-left-style: solid !important;border-right-color: #cccccc !important;border-right-style: solid !important;border-top-color: #cccccc !important;border-top-style: solid !important;border-bottom-color: #cccccc !important;border-bottom-style: solid !important;}&#8221;][vc_custom_heading text=&#8221;Karma&#8221; font_container=&#8221;tag:h2|text_align:center|color:%23ffffff&#8221; use_theme_fonts=&#8221;yes&#8221; css=&#8221;.vc_custom_1626437223200{padding-top: 4px !important;padding-right: 4px !important;padding-bottom: 4px !important;padding-left: 4px !important;background-color: #123672 !important;}&#8221;][vc_single_image image=&#8221;3038&#8243; img_size=&#8221;full&#8221; alignment=&#8221;center&#8221; onclick=&#8221;zoom&#8221; css_animation=&#8221;appear&#8221; lightbox=&#8221;yes&#8221;][vc_empty_space height=&#8221;20px&#8221;][\/vc_column][vc_column width=&#8221;1\/2&#8243;][vc_tta_tabs][vc_tta_section title=&#8221;Opis&#8221; tab_id=&#8221;1489051126212-02e5616c-a544&#8243;][vc_column_text]KARMA<\/p>\n<p>D\u0142ugo\u015b\u0107: 4,90<\/p>\n<p>Szeroko\u015b\u0107: 1,95 m<\/p>\n<p>Silnik: Mercury 15CV<br \/>\nMiejsc: 6 0soby<\/p>\n<p><span id=\"m_5978952071478569579m_8284467304434170539result_box\" lang=\"pl\">Przestronna, wygodna i \u0142atwa w obs\u0142udze \u0142\u00f3d\u017a bez licencji dla maksymalnie 6 os\u00f3b.<br \/>\n\u0141\u00f3d\u017a ma maksymaln\u0105 wielko\u015b\u0107, kt\u00f3ra jest dozwolona w Hiszpanii na wynajem bez licencji.<\/span><\/p>\n<p><span lang=\"pl\">Bimini chroni Ci\u0119 przed s\u0142o\u0144cem a drabinka \u00a0aby u\u0142atwi\u0107 wchodzenie i wychodzenie z wody.<br \/>\nSpr\u00f3buj sam, a zobaczysz &#8211; bycie kapitanem jest fajne!<\/span>[\/vc_column_text][\/vc_tta_section][vc_tta_section title=&#8221;Ceny&#8221; tab_id=&#8221;1489051126372-d6d1c890-ed53&#8243;][vc_column_text]<\/p>\n<table>\n<tbody>\n<tr>\n<th><\/th>\n<th>Poza sezonem<\/th>\n<th>W sezonie<\/th>\n<\/tr>\n<tr>\n<td>1\u00a0Godziny<\/td>\n<td>100\u20ac<\/td>\n<td>120\u20ac<\/td>\n<\/tr>\n<tr>\n<td>2\u00a0Godziny<\/td>\n<td>150\u20ac<\/td>\n<td>170\u20ac<\/td>\n<\/tr>\n<tr>\n<td>4\u00a0Godziny<\/td>\n<td>180\u20ac<\/td>\n<td>230\u20ac<\/td>\n<\/tr>\n<tr>\n<td>6 Godziny<\/td>\n<td>220\u20ac<\/td>\n<td>250\u20ac<\/td>\n<\/tr>\n<tr>\n<td>8\u00a0Godziny<\/td>\n<td>260\u20ac<\/td>\n<td>320\u20ac<\/td>\n<\/tr>\n<\/tbody>\n<\/table>\n<p>W sezonie: lipiec , sierpien , wrzesien<br \/>\nPoza sezonem:\u00a0 pazdziernik, listopad, grudzie\u0144, stycze\u0144, luty, marzec, \u00a0kwiecien , maj , czerwiec<\/p>\n<p>* Paliwo w cenie<\/p>\n<p>Czyszczenie \u0142odzi &#8211; 30 \u20ac<\/p>\n<p>Kaucja\u00a0\u00a0\u00a0\u00a0 &#8211;\u00a0\u00a0 \u00a0\u00a0 300 \u20ac[\/vc_column_text][\/vc_tta_section][vc_tta_section title=&#8221;Cechy&#8221; tab_id=&#8221;1490706806379-87d8c9a2-dbdd&#8221;][vc_column_text]<\/p>\n<table class=\"tg\">\n<tbody>\n<tr>\n<th class=\"tg-031e\"><img loading=\"lazy\" class=\"alignnone size-full wp-image-1602\" src=\"http:\/\/www.calpe-diem.com\/wp-content\/uploads\/2017\/03\/ladder.jpg\" alt=\"\" width=\"50\" height=\"50\" \/><strong>LADDER<\/strong><\/th>\n<th class=\"tg-031e\">\u00a0<img loading=\"lazy\" class=\"size-medium wp-image-1595 aligncenter\" src=\"http:\/\/www.calpe-diem.com\/wp-content\/uploads\/2017\/03\/cover.jpg\" alt=\"\" width=\"50\" height=\"50\" \/><strong>BIMINI TOP<\/strong><\/th>\n<th class=\"tg-031e\"><\/th>\n<\/tr>\n<tr>\n<td class=\"tg-031e\"><\/td>\n<td class=\"tg-031e\">\n<p style=\"text-align: center;\"><strong>\u00a0<\/strong><\/p>\n<\/td>\n<td class=\"tg-031e\">\n<p style=\"text-align: center;\"><strong>\u00a0<\/strong><\/p>\n<\/td>\n<\/tr>\n<tr>\n<td class=\"tg-031e\"><\/td>\n<td class=\"tg-031e\"><\/td>\n<td class=\"tg-031e\"><\/td>\n<\/tr>\n<tr>\n<td class=\"tg-031e\"><\/td>\n<td class=\"tg-031e\"><\/td>\n<td class=\"tg-031e\"><\/td>\n<\/tr>\n<\/tbody>\n<\/table>\n<p>[\/vc_column_text][\/vc_tta_section][vc_tta_section title=&#8221;Zdjecia&#8221; tab_id=&#8221;1517832217285-8704bc72-9f49&#8243;][vc_gallery interval=&#8221;3&#8243; images=&#8221;1887,1886,2699,2694,2690,2686&#8243; img_size=&#8221;full&#8221;][\/vc_tta_section][vc_tta_section title=&#8221;Widoki&#8221; tab_id=&#8221;1517832727363-357ff270-0731&#8243;][vc_gallery interval=&#8221;3&#8243; images=&#8221;1885,1277&#8243; img_size=&#8221;full&#8221;][\/vc_tta_section][\/vc_tta_tabs][\/vc_column][\/vc_row][vc_row][vc_column][vc_empty_space][\/vc_column][\/vc_row][vc_row][vc_column][vc_custom_heading text=&#8221;Other Activities&#8221; font_container=&#8221;tag:h2|text_align:center&#8221; use_theme_fonts=&#8221;yes&#8221;][vc_column_text]<img loading=\"lazy\" class=\"alignnone wp-image-1275 aligncenter\" src=\"http:\/\/www.calpe-diem.com\/wp-content\/uploads\/2016\/07\/15064-Sejour-29-10-14_11-08-12_-150641-300x200.jpg\" alt=\"15064-Sejour-29-10-14_11-08-12_-15064[1]\" width=\"239\" height=\"159\" srcset=\"https:\/\/www.calpe-diem.com\/wp-content\/uploads\/2016\/07\/15064-Sejour-29-10-14_11-08-12_-150641-300x200.jpg 300w, https:\/\/www.calpe-diem.com\/wp-content\/uploads\/2016\/07\/15064-Sejour-29-10-14_11-08-12_-150641.jpg 550w\" sizes=\"(max-width: 239px) 100vw, 239px\" \/> \u00a0\u00a0\u00a0\u00a0\u00a0 \u00a0\u00a0\u00a0\u00a0 \u00a0 \u00a0 <img loading=\"lazy\" class=\"alignnone wp-image-1276 aligncenter\" src=\"http:\/\/www.calpe-diem.com\/wp-content\/uploads\/2016\/07\/20140811_114606-300x180.jpg\" alt=\"20140811_114606\" width=\"273\" height=\"163\" srcset=\"https:\/\/www.calpe-diem.com\/wp-content\/uploads\/2016\/07\/20140811_114606-300x180.jpg 300w, https:\/\/www.calpe-diem.com\/wp-content\/uploads\/2016\/07\/20140811_114606-768x461.jpg 768w, https:\/\/www.calpe-diem.com\/wp-content\/uploads\/2016\/07\/20140811_114606-1024x614.jpg 1024w, https:\/\/www.calpe-diem.com\/wp-content\/uploads\/2016\/07\/20140811_114606-555x333.jpg 555w, https:\/\/www.calpe-diem.com\/wp-content\/uploads\/2016\/07\/20140811_114606-1110x666.jpg 1110w\" sizes=\"(max-width: 273px) 100vw, 273px\" \/>\u00a0 \u00a0 \u00a0\u00a0 <img loading=\"lazy\" class=\"alignnone wp-image-1278 aligncenter\" src=\"http:\/\/www.calpe-diem.com\/wp-content\/uploads\/2016\/07\/lfl-basictricks11-300x212.jpg\" alt=\"lfl-basictricks1[1]\" width=\"230\" height=\"162\" srcset=\"https:\/\/www.calpe-diem.com\/wp-content\/uploads\/2016\/07\/lfl-basictricks11-300x212.jpg 300w, https:\/\/www.calpe-diem.com\/wp-content\/uploads\/2016\/07\/lfl-basictricks11.jpg 500w\" sizes=\"(max-width: 230px) 100vw, 230px\" \/> \u00a0 \u00a0 \u00a0 \u00a0 <img loading=\"lazy\" class=\"alignnone wp-image-1339 aligncenter\" src=\"http:\/\/www.calpe-diem.com\/wp-content\/uploads\/2015\/02\/DSC04164-300x225.jpg\" alt=\"DSC04164\" width=\"221\" height=\"164\" \/>[\/vc_column_text][vc_empty_space][\/vc_column][\/vc_row][vc_column css=&#8221;.vc_custom_1469530415489{border-top-width: 2px !important;border-right-width: 2px !important;border-bottom-width: 2px !important;border-left-width: 2px !important;padding-top: 4px !important;padding-right: 4px !important;padding-bottom: 4px !important;padding-left: 4px !important;border-left-color: #096abf !important;border-left-style: solid !important;border-right-color: #096abf !important;border-right-style: solid !important;border-top-color: #096abf !important;border-top-style: solid !important;border-bottom-color: #096abf !important;border-bottom-style: solid !important;}&#8221;][\/vc_column]<\/p>\n","protected":false},"excerpt":{"rendered":"<p>[vc_row][vc_column][vc_empty_space][vc_widget_sidebar sidebar_id=&#8221;sidebar-3&#8243;][vc_widget_sidebar sidebar_id=&#8221;sidebar-4&#8243;][vc_empty_space height=&#8221;80px&#8221;][\/vc_column][\/vc_row][vc_row][vc_column width=&#8221;1\/2&#8243; css=&#8221;.vc_custom_1470409311171{border-top-width: 1px !important;border-right-width: 1px !important;border-bottom-width: 1px !important;border-left-width: 1px !important;padding-top: 5px !important;padding-right: 5px !important;padding-bottom: 5px !important;padding-left: 5px !important;border-left-color: #cccccc !important;border-left-style: solid !important;border-right-color: #cccccc !important;border-right-style: solid !important;border-top-color: #cccccc !important;border-top-style: solid !important;border-bottom-color: #cccccc !important;border-bottom-style: solid !important;}&#8221;][vc_custom_heading text=&#8221;Karma&#8221; font_container=&#8221;tag:h2|text_align:center|color:%23ffffff&#8221; use_theme_fonts=&#8221;yes&#8221; css=&#8221;.vc_custom_1626437223200{padding-top: 4px !important;padding-right: 4px !important;padding-bottom: 4px !important;padding-left: 4px !important;background-color: #123672 !important;}&#8221;][vc_single_image image=&#8221;3038&#8243; img_size=&#8221;full&#8221; alignment=&#8221;center&#8221; [&hellip;]<\/p>\n","protected":false},"author":6,"featured_media":0,"parent":0,"menu_order":0,"comment_status":"closed","ping_status":"closed","template":"","meta":{"_mi_skip_tracking":false,"_exactmetrics_sitenote_active":false,"_exactmetrics_sitenote_note":"","_exactmetrics_sitenote_category":0},"yoast_head":"<!-- This site is optimized with the Yoast SEO plugin v15.9.1 - https:\/\/yoast.com\/wordpress\/plugins\/seo\/ -->\n<title>Karma -<\/title>\n<meta name=\"robots\" content=\"index, follow, max-snippet:-1, max-image-preview:large, max-video-preview:-1\" \/>\n<link rel=\"canonical\" href=\"https:\/\/www.calpe-diem.com\/pl\/karma\/\" \/>\n<meta property=\"og:locale\" content=\"pl_PL\" \/>\n<meta property=\"og:type\" content=\"article\" \/>\n<meta property=\"og:title\" content=\"Karma -\" \/>\n<meta property=\"og:description\" content=\"[vc_row][vc_column][vc_empty_space][vc_widget_sidebar sidebar_id=&#8221;sidebar-3&#8243;][vc_widget_sidebar sidebar_id=&#8221;sidebar-4&#8243;][vc_empty_space height=&#8221;80px&#8221;][\/vc_column][\/vc_row][vc_row][vc_column width=&#8221;1\/2&#8243; css=&#8221;.vc_custom_1470409311171{border-top-width: 1px !important;border-right-width: 1px !important;border-bottom-width: 1px !important;border-left-width: 1px !important;padding-top: 5px !important;padding-right: 5px !important;padding-bottom: 5px !important;padding-left: 5px !important;border-left-color: #cccccc !important;border-left-style: solid !important;border-right-color: #cccccc !important;border-right-style: solid !important;border-top-color: #cccccc !important;border-top-style: solid !important;border-bottom-color: #cccccc !important;border-bottom-style: solid !important;}&#8221;][vc_custom_heading text=&#8221;Karma&#8221; font_container=&#8221;tag:h2|text_align:center|color:%23ffffff&#8221; use_theme_fonts=&#8221;yes&#8221; css=&#8221;.vc_custom_1626437223200{padding-top: 4px !important;padding-right: 4px !important;padding-bottom: 4px !important;padding-left: 4px !important;background-color: #123672 !important;}&#8221;][vc_single_image image=&#8221;3038&#8243; img_size=&#8221;full&#8221; alignment=&#8221;center&#8221; [&hellip;]\" \/>\n<meta property=\"og:url\" content=\"https:\/\/www.calpe-diem.com\/pl\/karma\/\" \/>\n<meta property=\"og:site_name\" content=\"Calpe Diem - Boat Rental in Calpe\" \/>\n<meta property=\"article:modified_time\" content=\"2022-06-08T04:31:23+00:00\" \/>\n<meta property=\"og:image\" content=\"http:\/\/www.calpe-diem.com\/wp-content\/uploads\/2017\/03\/ladder.jpg\" \/>\n<meta name=\"twitter:card\" content=\"summary\" \/>\n<meta name=\"twitter:label1\" content=\"Est. reading time\">\n\t<meta name=\"twitter:data1\" content=\"3 minutes\">\n<script type=\"application\/ld+json\" class=\"yoast-schema-graph\">{\"@context\":\"https:\/\/schema.org\",\"@graph\":[{\"@type\":\"WebSite\",\"@id\":\"https:\/\/www.calpe-diem.com\/#website\",\"url\":\"https:\/\/www.calpe-diem.com\/\",\"name\":\"Calpe Diem - Boat Rental in Calpe\",\"description\":\"Calpe Diem - Boat Rental in Calpe\",\"potentialAction\":[{\"@type\":\"SearchAction\",\"target\":\"https:\/\/www.calpe-diem.com\/?s={search_term_string}\",\"query-input\":\"required name=search_term_string\"}],\"inLanguage\":\"pl-PL\"},{\"@type\":\"ImageObject\",\"@id\":\"https:\/\/www.calpe-diem.com\/pl\/karma\/#primaryimage\",\"inLanguage\":\"pl-PL\",\"url\":\"http:\/\/www.calpe-diem.com\/wp-content\/uploads\/2017\/03\/ladder.jpg\"},{\"@type\":\"WebPage\",\"@id\":\"https:\/\/www.calpe-diem.com\/pl\/karma\/#webpage\",\"url\":\"https:\/\/www.calpe-diem.com\/pl\/karma\/\",\"name\":\"Karma -\",\"isPartOf\":{\"@id\":\"https:\/\/www.calpe-diem.com\/#website\"},\"primaryImageOfPage\":{\"@id\":\"https:\/\/www.calpe-diem.com\/pl\/karma\/#primaryimage\"},\"datePublished\":\"2021-07-16T12:10:35+00:00\",\"dateModified\":\"2022-06-08T04:31:23+00:00\",\"breadcrumb\":{\"@id\":\"https:\/\/www.calpe-diem.com\/pl\/karma\/#breadcrumb\"},\"inLanguage\":\"pl-PL\",\"potentialAction\":[{\"@type\":\"ReadAction\",\"target\":[\"https:\/\/www.calpe-diem.com\/pl\/karma\/\"]}]},{\"@type\":\"BreadcrumbList\",\"@id\":\"https:\/\/www.calpe-diem.com\/pl\/karma\/#breadcrumb\",\"itemListElement\":[{\"@type\":\"ListItem\",\"position\":1,\"item\":{\"@type\":\"WebPage\",\"@id\":\"https:\/\/www.calpe-diem.com\/pl\/\",\"url\":\"https:\/\/www.calpe-diem.com\/pl\/\",\"name\":\"Home\"}},{\"@type\":\"ListItem\",\"position\":2,\"item\":{\"@type\":\"WebPage\",\"@id\":\"https:\/\/www.calpe-diem.com\/pl\/karma\/\",\"url\":\"https:\/\/www.calpe-diem.com\/pl\/karma\/\",\"name\":\"Karma\"}}]}]}<\/script>\n<!-- \/ Yoast SEO plugin. -->","_links":{"self":[{"href":"https:\/\/www.calpe-diem.com\/pl\/wp-json\/wp\/v2\/pages\/3050\/"}],"collection":[{"href":"https:\/\/www.calpe-diem.com\/pl\/wp-json\/wp\/v2\/pages\/"}],"about":[{"href":"https:\/\/www.calpe-diem.com\/pl\/wp-json\/wp\/v2\/types\/page\/"}],"author":[{"embeddable":true,"href":"https:\/\/www.calpe-diem.com\/pl\/wp-json\/wp\/v2\/users\/6\/"}],"replies":[{"embeddable":true,"href":"https:\/\/www.calpe-diem.com\/pl\/wp-json\/wp\/v2\/comments\/?post=3050"}],"version-history":[{"count":6,"href":"https:\/\/www.calpe-diem.com\/pl\/wp-json\/wp\/v2\/pages\/3050\/revisions\/"}],"predecessor-version":[{"id":3196,"href":"https:\/\/www.calpe-diem.com\/pl\/wp-json\/wp\/v2\/pages\/3050\/revisions\/3196\/"}],"wp:attachment":[{"href":"https:\/\/www.calpe-diem.com\/pl\/wp-json\/wp\/v2\/media\/?parent=3050"}],"curies":[{"name":"wp","href":"https:\/\/api.w.org\/{rel}","templated":true}]}}